{"id":1113,"date":"2019-03-12T17:40:36","date_gmt":"2015-09-14T07:27:12","guid":{"rendered":"http:\/\/www.clc.hcmus.edu.vn\/?page_id=1113"},"modified":"2025-11-11T20:45:41","modified_gmt":"2025-11-11T13:45:41","slug":"nhan-su-%e0%ba%9a%e0%ba%b8%e0%ba%81%e0%ba%84%e0%ba%b0%e0%ba%a5%e0%ba%b2%e0%ba%81%e0%ba%ad%e0%ba%99","status":"publish","type":"page","link":"https:\/\/www.clc.hcmus.edu.vn\/?page_id=1113&lang=lo","title":{"rendered":"\u0e9a\u0eb8\u0e81\u0e84\u0eb0\u0ea5\u0eb2\u0e81\u0ead\u0e99"},"content":{"rendered":"<p><strong>\u0e84\u0eb0\u0e99\u0eb0\u0e9a\u0ecd\u0ea5\u0eb4\u0eab\u0eb2\u0e99:<\/strong><\/p>\n<div style=\"text-align: justify; padding-left: 30px;\">\n<div style=\"display: inline-block;\"><a href=\"\/ddien\/\"><img decoding=\"async\" loading=\"lazy\" class=\"wp-image-685 alignleft\" src=\"http:\/\/www.clc.hcmus.edu.vn\/wp-content\/uploads\/2015\/09\/ddien1.jpg\" alt=\"Associate Professor Dr. Dinh Dien\" width=\"90\" height=\"90\" \/><\/a><strong>\u0e9c\u0eb9\u0ec9\u0ead\u0eb3\u0e99\u0ea7\u0e8d\u0e81\u0eb2\u0e99:<\/strong><br \/>\n<strong><a href=\"https:\/\/www.clc.hcmus.edu.vn\/ddien\/\">\u0eae\u0ead\u0e87\u0ead\u0eb2\u0e88\u0eb2\u0e99\u0e94\u0ea3. \u0e94\u0eb4\u0e99\u0ec0\u0e94\u0eb5\u0e99<\/a><\/strong><br \/>\n\u0eaa\u0eb2\u0e82\u0eb2: \u0ea7\u0eb4\u0e97\u0eb0\u0e8d\u0eb2\u0eaa\u0eb2\u0e94\u0e82\u0ec9\u0eb2\u0e87\u0e82\u0ec9\u0eb2\u0e87\u0e82\u0ecd\u0ec9\u0ea1\u0eb9\u0e99, \u0e9e\u0eb2\u0eaa\u0eb2\u0eaa\u0eb2\u0e94<br \/>\n\u0eaa\u0eb0\u0e96\u0eb2\u0e99\u0e97\u0eb5\u0ec8\u0e94\u0ecd\u0eb2\u0ec0\u0e99\u0eb5\u0e99\u0e87\u0eb2\u0e99: \u0e84\u0eb0\u0e99\u0eb0\u0ea7\u0eb4\u0e97\u0eb0\u0e8d\u0eb2\u0eaa\u0eb2\u0e94\u0e82\u0ec9\u0eb2\u0e87\u0e82\u0ec9\u0eb2\u0e87\u0e82\u0ecd\u0ec9\u0ea1\u0eb9\u0e99, \u0ea1\u0eb0\u0eab\u0eb2\u0ea7\u0eb4\u0e97\u0eb0\u0e8d\u0eb2\u0ec4\u0ea5\u0e97\u0eb4\u0ea7\u0eb4\u0e97\u0eb0\u0e8d\u0eb2\u0eaa\u0eb2\u0e94\u0ec1\u0eab\u0ec8\u0e87\u0ec1\u0eab\u0ec8\u0e87\u0ec0\u0ea1\u0eb7\u0ead\u0e87\u0ec2\u0eae\u0e88\u0eb5\u0ec9\u0ea1\u0eb4\u0e99<\/div>\n<\/div>\n<hr \/>\n<p style=\"text-align: justify;\"><strong>\u0e84\u0eb0\u0e99\u0eb0\u0e97\u0eb5\u0ec8\u0e9b\u0eb6\u0e81\u0eaa\u0eb2:<\/strong><\/p>\n<div style=\"text-align: justify; padding-left: 30px;\">\n<div style=\"display: inline-block;\"><a href=\"http:\/\/www.clc.hcmus.edu.vn\/wp-content\/uploads\/2015\/09\/GS.VS_.TSKH_.-Tran-Ngoc-Them.png\"><img decoding=\"async\" loading=\"lazy\" class=\"size-thumbnail wp-image-103 alignleft\" src=\"http:\/\/www.clc.hcmus.edu.vn\/wp-content\/uploads\/2015\/09\/GS.VS_.TSKH_.-Tran-Ngoc-Them-150x150.png\" alt=\"GS.VS.TSKH. Tran Ngoc Them\" width=\"90\" height=\"90\" \/><\/a><strong>\u0ead\u0eb2\u0e88\u0eb2\u0e99 \u0e99\u0eb2\u0e87\u0e84\u0ebb\u0e99\u0e8a\u0eb1\u0ec9\u0e99\u0eaa\u0eb9\u0e87\u0e94\u0ea3. \u0e97\u0ea3\u0eb1\u0e99\u0e87\u0ead\u0e81\u0ec0\u0e97\u0eb1\u0ea1<\/strong><br \/>\n\u0eaa\u0eb2\u0e82\u0eb2: \u0e9e\u0eb2\u0eaa\u0eb2\u0eaa\u0eb2\u0e94, \u0ea7\u0eb1\u0e94\u0e97\u0eb0\u0e99\u0eb0\u0e97\u0eb3<br \/>\n\u0eaa\u0eb0\u0e96\u0eb2\u0e99\u0e97\u0eb5\u0ec8\u0e94\u0ecd\u0eb2\u0ec0\u0e99\u0eb5\u0e99\u0e87\u0eb2\u0e99: \u0e84\u0eb0\u0e99\u0eb0\u0ea7\u0eb1\u0e94\u0e97\u0eb0\u0e99\u0eb0\u0e97\u0eb3, \u0ea1\u0eb0\u0eab\u0eb2\u0ea7\u0eb4\u0e97\u0eb0\u0e8d\u0eb2\u0ec4\u0ea5\u0eaa\u0eb1\u0e87\u0e84\u0ebb\u0ea1\u0eaa\u0eb2\u0e94\u0ec1\u0ea5\u0eb0\u0eae\u0eb1\u0e9a\u0eae\u0ead\u0e87\u0ea1\u0eb0\u0e99\u0eb8\u0e94\u0ea7\u0eb4\u0e97\u0eb0\u0e8d\u0eb2<\/div>\n<\/div>\n<div style=\"text-align: justify; padding-left: 30px;\">\n<div style=\"display: inline-block;\"><a href=\"http:\/\/www.clc.hcmus.edu.vn\/wp-content\/uploads\/2015\/09\/GS.TS_.-Nguyen-Duc-Dan.jpg\"><img decoding=\"async\" loading=\"lazy\" class=\"size-thumbnail wp-image-105 alignleft\" src=\"http:\/\/www.clc.hcmus.edu.vn\/wp-content\/uploads\/2015\/09\/GS.TS_.-Nguyen-Duc-Dan-150x150.jpg\" alt=\"GS.TS. Nguyen Duc Dan\" width=\"90\" height=\"90\" \/><\/a><strong>\u0ead\u0eb2\u0e88\u0eb2\u0e99\u0e94\u0ea3. \u0ec4\u0e8a\u0ec0\u0e94\u0eb1\u0e87\u0e94\u0eb2\u0e99<\/strong><br \/>\n\u0eaa\u0eb2\u0e82\u0eb2: \u0e9e\u0eb2\u0eaa\u0eb2\u0eaa\u0eb2\u0e94<br \/>\n\u0eaa\u0eb0\u0e96\u0eb2\u0e99\u0e97\u0eb5\u0ec8\u0e94\u0ecd\u0eb2\u0ec0\u0e99\u0eb5\u0e99\u0e87\u0eb2\u0e99: \u0e84\u0eb0\u0e99\u0eb0\u0ea7\u0eb4\u0e97\u0eb0\u0e8d\u0eb2\u0eaa\u0eb2\u0e94\u0ec1\u0ea5\u0eb0\u0e9e\u0eb2\u0eaa\u0eb2\u0eaa\u0eb2\u0e94, \u0ea1\u0eb0\u0eab\u0eb2\u0ea7\u0eb4\u0e97\u0eb0\u0e8d\u0eb2\u0ec4\u0ea5\u0eaa\u0eb1\u0e87\u0e84\u0ebb\u0ea1\u0eaa\u0eb2\u0e94\u0ec1\u0ea5\u0eb0\u0eae\u0eb1\u0e9a\u0eae\u0ead\u0e87\u0ea1\u0eb0\u0e99\u0eb8\u0e94\u0ea7\u0eb4\u0e97\u0eb0\u0e8d\u0eb2<\/div>\n<\/div>\n<div style=\"text-align: justify; padding-left: 30px;\">\n<div style=\"display: inline-block;\"><a href=\"http:\/\/www.clc.hcmus.edu.vn\/wp-content\/uploads\/2015\/09\/GS.TS_.-Eduard-Hovy.png\"><img decoding=\"async\" loading=\"lazy\" class=\"size-thumbnail wp-image-104 alignleft\" src=\"http:\/\/www.clc.hcmus.edu.vn\/wp-content\/uploads\/2015\/09\/GS.TS_.-Eduard-Hovy-150x150.png\" alt=\"GS.TS. Eduard Hovy\" width=\"90\" height=\"90\" \/><\/a><strong>\u0ead\u0eb2\u0e88\u0eb2\u0e99 Eduard Hovy<\/strong><br \/>\n\u0eaa\u0eb2\u0e82\u0eb2: \u0e97\u0eb1\u0e81\u0eaa\u0eb0\u0e99\u0eb0\u0e82\u0ecd\u0ec9\u0ea1\u0eb9\u0e99 \u0ec1\u0ea5\u0eb0 \u0ec0\u0e95\u0eb1\u0e81\u0ec2\u0e99\u0ec2\u0ea5\u0e8a\u0eb5\u0e82\u0ead\u0e87\u0e82\u0ecd\u0ec9\u0ea1\u0eb9\u0e99<br data-start=\"107\" data-end=\"110\" \/>\u0eaa\u0eb0\u0e96\u0eb2\u0e9a\u0eb1\u0e99: \u0eaa\u0eb0\u0e96\u0eb2\u0e9a\u0eb1\u0e99\u0ec0\u0e95\u0eb1\u0e81\u0ec2\u0e99\u0ec2\u0ea5\u0e8a\u0eb5\u0e9e\u0eb2\u0eaa\u0eb2, \u0ea1\u0eb4\u0ea7\u0ec0\u0e84\u0eb5\u0e81\u0eb4 \u0ec0\u0ea1\u0eb1\u0e99\u0e99\u0ead\u0e99 \u0ea1\u0eb0\u0eab\u0eb2\u0ea7\u0eb4\u0e97\u0eb0\u0e8d\u0eb2\u0ec4\u0ea5 Carnegie Mellon, \u0eaa\u0eb0\u0eab\u0eb0\u0ea5\u0eb1\u0e94<\/div>\n<\/div>\n<hr \/>\n<p><strong>\u0e97\u0eb5\u0ea1\u0e87\u0eb2\u0e99\u0e84\u0ebb\u0ec9\u0e99\u0e84\u0ea7\u0ec9\u0eb2:<\/strong><\/p>\n<div style=\"text-align: justify; padding-left: 30px;\">\n<div style=\"display: inline-block;\"><strong><a href=\"http:\/\/www.clc.hcmus.edu.vn\/wp-content\/uploads\/2015\/10\/vinhla1.jpg\"><img decoding=\"async\" loading=\"lazy\" class=\"size-thumbnail wp-image-106 alignleft\" src=\"http:\/\/www.clc.hcmus.edu.vn\/wp-content\/uploads\/2015\/10\/vinhla1.jpg\" alt=\"TS. L\u01b0\u01a1ng An Vinh\" width=\"90\" height=\"90\" \/><\/a><\/strong><\/div>\n<div style=\"display: inline-block; vertical-align: top;\"><strong>\u0e94\u0ea3. \u0ea5\u0ea7\u0e87\u0ead\u0eb2\u0e99\u0ea7\u0eb4\u0ec9\u0e99<\/strong><br \/>\n\u0eaa\u0eb2\u0e82\u0eb2: \u0ea7\u0eb4\u0e97\u0eb0\u0e8d\u0eb2\u0eaa\u0eb2\u0e94\u0e82\u0ec9\u0eb2\u0e87\u0e82\u0ec9\u0eb2\u0e87\u0e82\u0ecd\u0ec9\u0ea1\u0eb9\u0e99<br \/>\n\u0eaa\u0eb0\u0e96\u0eb2\u0e99\u0e97\u0eb5\u0ec8\u0e94\u0ecd\u0eb2\u0ec0\u0e99\u0eb5\u0e99\u0e87\u0eb2\u0e99: \u0e84\u0eb0\u0e99\u0eb0\u0ea7\u0eb4\u0e97\u0eb0\u0e8d\u0eb2\u0eaa\u0eb2\u0e94\u0e82\u0ec9\u0eb2\u0e87\u0e82\u0ec9\u0eb2\u0e87\u0e82\u0ecd\u0ec9\u0ea1\u0eb9\u0e99, \u0ea1\u0eb0\u0eab\u0eb2\u0ea7\u0eb4\u0e97\u0eb0\u0e8d\u0eb2\u0ec4\u0ea5\u0ec2\u0e97\u0ec2\u0ea5\u0ec2\u0e88\u0e99\u0e8a\u0eb1\u0e99<\/div>\n<\/div>\n<div style=\"text-align: justify; padding-left: 30px;\">\n<div style=\"display: inline-block;\"><strong><a href=\"http:\/\/www.clc.hcmus.edu.vn\/wp-content\/uploads\/2020\/06\/longnhb.jpg\"><img decoding=\"async\" loading=\"lazy\" class=\"size-thumbnail wp-image-106 alignleft\" src=\"http:\/\/www.clc.hcmus.edu.vn\/wp-content\/uploads\/2020\/06\/longnhb.jpg\" alt=\"TS. Nguy\u1ec5n H\u1ed3ng B\u1eedu Long\" width=\"90\" height=\"90\" \/><\/a><\/strong><\/div>\n<div style=\"display: inline-block; vertical-align: top;\"><strong>\u0e94\u0ea3. \u0e87\u0eb8\u0ec9\u0e8d\u0e87\u0ead\u0e87\u0eae\u0ead\u0e87\u0ea5\u0ebb\u0e87<\/strong><br \/>\n\u0eaa\u0eb2\u0e82\u0eb2: \u0ea7\u0eb4\u0e97\u0eb0\u0e8d\u0eb2\u0eaa\u0eb2\u0e94\u0e82\u0ec9\u0eb2\u0e87\u0e82\u0ec9\u0eb2\u0e87\u0e82\u0ecd\u0ec9\u0ea1\u0eb9\u0e99<br \/>\n\u0eaa\u0eb0\u0e96\u0eb2\u0e99\u0e97\u0eb5\u0ec8\u0e94\u0ecd\u0eb2\u0ec0\u0e99\u0eb5\u0e99\u0e87\u0eb2\u0e99: \u0e84\u0eb0\u0e99\u0eb0\u0ea7\u0eb4\u0e97\u0eb0\u0e8d\u0eb2\u0eaa\u0eb2\u0e94\u0e82\u0ec9\u0eb2\u0e87\u0e82\u0ec9\u0eb2\u0e87\u0e82\u0ecd\u0ec9\u0ea1\u0eb9\u0e99, \u0ea1\u0eb0\u0eab\u0eb2\u0ea7\u0eb4\u0e97\u0eb0\u0e8d\u0eb2\u0ec4\u0ea5\u0e97\u0eb4\u0ea7\u0eb4\u0e97\u0eb0\u0e8d\u0eb2\u0eaa\u0eb2\u0e94<\/div>\n<\/div>\n<div style=\"text-align: justify; padding-left: 30px;\">\n<div style=\"display: inline-block;\"><a href=\"https:\/\/www.clc.hcmus.edu.vn\/wp-content\/uploads\/2019\/03\/PTMTrang.png\"><img decoding=\"async\" loading=\"lazy\" class=\"size-thumbnail wp-image-106 alignleft\" src=\"https:\/\/www.clc.hcmus.edu.vn\/wp-content\/uploads\/2019\/03\/PTMTrang.png\" alt=\"NCS. L\u00ea Th\u00e0nh Nguy\u00ean\" width=\"90\" height=\"90\" \/><\/a><\/div>\n<div style=\"display: inline-block; vertical-align: top;\"><strong>\u0e99\u0eb1\u0e81\u0eaa\u0eb6\u0e81\u0eaa\u0eb2\u0e9b\u0ec8\u0ead\u0e99\u0e9b\u0ebb\u0e81\u0e81\u0eb0\u0e95\u0eb4 \u0e9f\u0eb2\u0e99 \u0e97\u0eb4 \u0ea1\u0eb4 \u0e97\u0ea3\u0eb2\u0e87<\/strong><br \/>\n\u0eaa\u0eb2\u0e82\u0eb2: \u0e9e\u0eb2\u0eaa\u0eb2\u0eaa\u0eb2\u0e94, \u0e9e\u0eb2\u0eaa\u0eb2\u0ead\u0eb1\u0e87\u0e81\u0eb4\u0e94<br \/>\n\u0eaa\u0eb0\u0e96\u0eb2\u0e99\u0e97\u0eb5\u0ec8\u0e94\u0ecd\u0eb2\u0ec0\u0e99\u0eb5\u0e99\u0e87\u0eb2\u0e99: \u0e84\u0eb0\u0e99\u0eb0\u0ea7\u0eb4\u0e97\u0eb0\u0e8d\u0eb2\u0eaa\u0eb2\u0e94\u0e9e\u0eb7\u0ec9\u0e99\u0e96\u0eb2\u0e99, \u0ea1\u0eb0\u0eab\u0eb2\u0ea7\u0eb4\u0e97\u0eb0\u0e8d\u0eb2\u0ec4\u0ea5\u0ec2\u0e97\u0ec2\u0ea5\u0ec2\u0e88\u0e99\u0e8a\u0eb1\u0e99<\/div>\n<\/div>\n<div style=\"text-align: justify; padding-left: 30px;\"><\/div>\n<hr \/>\n<p><strong>\u0e9c\u0eb9\u0ec9\u0eae\u0ec8\u0ea7\u0ea1\u0ea1\u0eb7:<\/strong><\/p>\n<div style=\"text-align: justify; padding-left: 30px;\">\n<ol>\n<li><strong>\u0e94\u0ea3<\/strong><strong>. <\/strong><strong>\u0e87\u0ebd\u0ea1\u0e84\u0ea7\u0ead\u0e81\u0ea1\u0eb4\u0e99<\/strong><br \/>\n\u0eaa\u0eb2\u0e82\u0eb2: \u0ea7\u0eb4\u0e97\u0eb0\u0e8d\u0eb2\u0eaa\u0eb2\u0e94\u0e82\u0ec9\u0eb2\u0e87\u0e82\u0ec9\u0eb2\u0e87\u0e82\u0ecd\u0ec9\u0ea1\u0eb9\u0e99<br \/>\n\u0eaa\u0eb0\u0e96\u0eb2\u0e99\u0e97\u0eb5\u0ec8\u0e94\u0ecd\u0eb2\u0ec0\u0e99\u0eb5\u0e99\u0e87\u0eb2\u0e99: \u0e84\u0eb0\u0e99\u0eb0\u0ea7\u0eb4\u0e97\u0eb0\u0e8d\u0eb2\u0eaa\u0eb2\u0e94\u0e82\u0ec9\u0eb2\u0e87\u0e82\u0ec9\u0eb2\u0e87\u0e82\u0ecd\u0ec9\u0ea1\u0eb9\u0e99, \u0ea1\u0eb0\u0eab\u0eb2\u0ea7\u0eb4\u0e97\u0eb0\u0e8d\u0eb2\u0ec4\u0ea5\u0e97\u0eb4\u0ea7\u0eb4\u0e97\u0eb0\u0e8d\u0eb2\u0eaa\u0eb2\u0e94<\/li>\n<li><strong>\u0e94\u0ea3<\/strong><strong>. <\/strong><strong>\u0e87\u0eb8\u0ec9\u0e8d\u0e97\u0eb4\u0eae\u0ead\u0e87\u0e99\u0eb6\u0e87<\/strong><br \/>\n\u0eaa\u0eb2\u0e82\u0eb2: \u0ea7\u0eb4\u0e97\u0eb0\u0e8d\u0eb2\u0eaa\u0eb2\u0e94\u0e82\u0ec9\u0eb2\u0e87\u0e82\u0ec9\u0eb2\u0e87\u0e82\u0ecd\u0ec9\u0ea1\u0eb9\u0e99<br \/>\n\u0eaa\u0eb0\u0e96\u0eb2\u0e99\u0e97\u0eb5\u0ec8\u0e94\u0ecd\u0eb2\u0ec0\u0e99\u0eb5\u0e99\u0e87\u0eb2\u0e99: \u0e84\u0eb0\u0e99\u0eb0\u0ea7\u0eb4\u0e97\u0eb0\u0e8d\u0eb2\u0eaa\u0eb2\u0e94\u0e82\u0ec9\u0eb2\u0e87\u0e82\u0ec9\u0eb2\u0e87\u0e82\u0ecd\u0ec9\u0ea1\u0eb9\u0e99, \u0ea1\u0eb0\u0eab\u0eb2\u0ea7\u0eb4\u0e97\u0eb0\u0e8d\u0eb2\u0ec4\u0ea5\u0e97\u0eb4\u0ea7\u0eb4\u0e97\u0eb0\u0e8d\u0eb2\u0eaa\u0eb2\u0e94<\/li>\n<li><strong>\u0ea1\u0eb2\u0eaa\u0e95\u0eb5\u0ea7\u0eb2\u0e99\u0e8a\u0eb5\u0e99\u0eb2\u0ea1<\/strong><br \/>\n\u0eaa\u0eb2\u0e82\u0eb2: \u0ea7\u0eb4\u0e97\u0eb0\u0e8d\u0eb2\u0eaa\u0eb2\u0e94\u0e82\u0ec9\u0eb2\u0e87\u0e82\u0ec9\u0eb2\u0e87\u0e82\u0ecd\u0ec9\u0ea1\u0eb9\u0e99<br \/>\n\u0eaa\u0eb0\u0e96\u0eb2\u0e99\u0e97\u0eb5\u0ec8\u0e94\u0ecd\u0eb2\u0ec0\u0e99\u0eb5\u0e99\u0e87\u0eb2\u0e99: \u0e84\u0eb0\u0e99\u0eb0\u0ea7\u0eb4\u0e97\u0eb0\u0e8d\u0eb2\u0eaa\u0eb2\u0e94\u0e82\u0ec9\u0eb2\u0e87\u0e82\u0ec9\u0eb2\u0e87\u0e82\u0ecd\u0ec9\u0ea1\u0eb9\u0e99, \u0ea1\u0eb0\u0eab\u0eb2\u0ea7\u0eb4\u0e97\u0eb0\u0e8d\u0eb2\u0ec4\u0ea5\u0e97\u0eb4\u0ea7\u0eb4\u0e97\u0eb0\u0e8d\u0eb2\u0eaa\u0eb2\u0e94<\/li>\n<li><strong>\u0e94\u0ea3<\/strong><strong>. <\/strong><strong>\u0e87\u0eb8\u0ec9\u0e8d\u0e97\u0eb4\u0e99\u0eb6\u0e87\u0e94\u0eb5\u0ec0\u0e9e<\/strong><br \/>\n\u0eaa\u0eb2\u0e82\u0eb2: \u0e9e\u0eb2\u0eaa\u0eb2\u0eaa\u0eb2\u0e94, \u0ead\u0eb1\u0e87\u0e81\u0eb4\u0e94<br \/>\n\u0eaa\u0eb0\u0e96\u0eb2\u0e99\u0e97\u0eb5\u0ec8\u0e94\u0ecd\u0eb2\u0ec0\u0e99\u0eb5\u0e99\u0e87\u0eb2\u0e99: \u0e84\u0eb0\u0e99\u0eb0\u0e9e\u0eb2\u0eaa\u0eb2\u0e95\u0ec8\u0eb2\u0e87\u0e9b\u0eb0\u0ec0\u0e97\u0e94, \u0eaa\u0eb0\u0e96\u0eb2\u0e9a\u0eb1\u0e99\u0e81\u0eb2\u0e99\u0e9a\u0eb4\u0e99 \u0ea7\u0ebd\u0e94\u0e99\u0eb2\u0ea1<\/li>\n<li><strong>\u0e94\u0ea3<\/strong><strong>. <\/strong><strong>\u0e97\u0ea3\u0eb1\u0e99\u0ec0\u0ea5\u0e97\u0eb2\u0ea1\u0ea5\u0eb4\u0e99<\/strong><br \/>\n\u0eaa\u0eb2\u0e82\u0eb2: \u0e9e\u0eb2\u0eaa\u0eb2\u0eaa\u0eb2\u0e94, \u0ead\u0eb1\u0e87\u0e81\u0eb4\u0e94<br \/>\n\u0eaa\u0eb0\u0e96\u0eb2\u0e99\u0e97\u0eb5\u0ec8\u0e94\u0ecd\u0eb2\u0ec0\u0e99\u0eb5\u0e99\u0e87\u0eb2\u0e99: \u0e84\u0eb0\u0e99\u0eb0\u0e9e\u0eb2\u0eaa\u0eb2\u0e95\u0ec8\u0eb2\u0e87\u0e9b\u0eb0\u0ec0\u0e97\u0e94, \u0eaa\u0eb0\u0e96\u0eb2\u0e9a\u0eb1\u0e99\u0e81\u0eb2\u0e99\u0e9a\u0eb4\u0e99 \u0ea7\u0ebd\u0e94\u0e99\u0eb2\u0ea1<\/li>\n<li><strong>\u0e94\u0ea3<\/strong><strong>. <\/strong><strong>\u0e97\u0ea3\u0eb1\u0e99\u0e97\u0eb1\u0e99\u0e9e\u0eb8\u0e81<\/strong><br \/>\n\u0eaa\u0eb2\u0e82\u0eb2: \u0ea7\u0eb4\u0e97\u0eb0\u0e8d\u0eb2\u0eaa\u0eb2\u0e94\u0e82\u0ec9\u0eb2\u0e87\u0e82\u0ec9\u0eb2\u0e87\u0e82\u0ecd\u0ec9\u0ea1\u0eb9\u0e99<br \/>\n\u0eaa\u0eb0\u0e96\u0eb2\u0e99\u0e97\u0eb5\u0ec8\u0e94\u0ecd\u0eb2\u0ec0\u0e99\u0eb5\u0e99\u0e87\u0eb2\u0e99: \u0e84\u0eb0\u0e99\u0eb0\u0ea7\u0eb4\u0e97\u0eb0\u0e8d\u0eb2\u0eaa\u0eb2\u0e94\u0e82\u0ec9\u0eb2\u0e87\u0e82\u0ec9\u0eb2\u0e87\u0e82\u0ecd\u0ec9\u0ea1\u0eb9\u0e99, \u0ea1\u0eb0\u0eab\u0eb2\u0ea7\u0eb4\u0e97\u0eb0\u0e8d\u0eb2\u0ec4\u0ea5 Ton Duc Thang<\/li>\n<li><strong>\u0eae\u0ead\u0e87\u0ead\u0eb2\u0e88\u0eb2\u0e99\u0e94\u0ea3<\/strong><strong>. <\/strong><strong>\u0ec0\u0ea5\u0e84\u0eb1\u0e81\u0e84\u0eb7\u0e87<\/strong><br \/>\n\u0eaa\u0eb2\u0e82\u0eb2: \u0e9e\u0eb2\u0eaa\u0eb2\u0eaa\u0eb2\u0e94, \u0e9e\u0eb2\u0eaa\u0eb2 Sti\u00eang<br \/>\n\u0eaa\u0eb0\u0e96\u0eb2\u0e99\u0e97\u0eb5\u0ec8\u0e94\u0ecd\u0eb2\u0ec0\u0e99\u0eb5\u0e99\u0e87\u0eb2\u0e99: \u0e84\u0eb0\u0e99\u0eb0\u0e81\u0eb2\u0e99\u0eaa\u0eb6\u0e81\u0eaa\u0eb2\u0ea7\u0ebd\u0e94\u0e99\u0eb2\u0ea1, \u0ea1\u0eb0\u0eab\u0eb2\u0ea7\u0eb4\u0e97\u0eb0\u0e8d\u0eb2\u0ec4\u0ea5\u0eaa\u0eb1\u0e87\u0e84\u0ebb\u0ea1\u0eaa\u0eb2\u0e94\u0ec1\u0ea5\u0eb0\u0eae\u0eb1\u0e9a\u0eae\u0ead\u0e87\u0ea1\u0eb0\u0e99\u0eb8\u0e94\u0ea7\u0eb4\u0e97\u0eb0\u0e8d\u0eb2<\/li>\n<li><strong>\u0eae\u0ead\u0e87\u0ead\u0eb2\u0e88\u0eb2\u0e99\u0e94\u0ea3<\/strong><strong>. <\/strong><strong>\u0e87\u0eb8\u0ec9\u0e8d\u0e97\u0eb4\u0e9e\u0ea7\u0e87<\/strong><br \/>\n\u0eaa\u0eb2\u0e82\u0eb2: \u0e9e\u0eb2\u0eaa\u0eb2\u0eaa\u0eb2\u0e94<br \/>\n\u0eaa\u0eb0\u0e96\u0eb2\u0e99\u0e97\u0eb5\u0ec8\u0e94\u0ecd\u0eb2\u0ec0\u0e99\u0eb5\u0e99\u0e87\u0eb2\u0e99: \u0e84\u0eb0\u0e99\u0eb0\u0e88\u0eb3\u0e9e\u0eb4\u0ea1, \u0ea1\u0eb0\u0eab\u0eb2\u0ea7\u0eb4\u0e97\u0eb0\u0e8d\u0eb2\u0ec4\u0ea5\u0eaa\u0eb1\u0e87\u0e84\u0ebb\u0ea1\u0eaa\u0eb2\u0e94\u0ec1\u0ea5\u0eb0\u0eae\u0eb1\u0e9a\u0eae\u0ead\u0e87\u0ea1\u0eb0\u0e99\u0eb8\u0e94\u0ea7\u0eb4\u0e97\u0eb0\u0e8d\u0eb2<\/li>\n<li><strong>\u0eae\u0ead\u0e87\u0ead\u0eb2\u0e88\u0eb2\u0e99\u0e94\u0ea3<\/strong><strong>. <\/strong><strong>\u0e97\u0ea3\u0eb1\u0e99\u0e97\u0eb9\u0e8d\u0ea7\u0eb4\u0e87<\/strong><br \/>\n\u0eaa\u0eb2\u0e82\u0eb2: \u0e9e\u0eb2\u0eaa\u0eb2\u0eaa\u0eb2\u0e94<br \/>\n\u0eaa\u0eb0\u0e96\u0eb2\u0e99\u0e97\u0eb5\u0ec8\u0e94\u0ecd\u0eb2\u0ec0\u0e99\u0eb5\u0e99\u0e87\u0eb2\u0e99: \u0e84\u0eb0\u0e99\u0eb0\u0e81\u0eb2\u0e99\u0eaa\u0eb6\u0e81\u0eaa\u0eb2\u0ea7\u0ebd\u0e94\u0e99\u0eb2\u0ea1, \u0ea1\u0eb0\u0eab\u0eb2\u0ea7\u0eb4\u0e97\u0eb0\u0e8d\u0eb2\u0ec4\u0ea5\u0eaa\u0eb1\u0e87\u0e84\u0ebb\u0ea1\u0eaa\u0eb2\u0e94\u0ec1\u0ea5\u0eb0\u0eae\u0eb1\u0e9a\u0eae\u0ead\u0e87\u0ea1\u0eb0\u0e99\u0eb8\u0e94\u0ea7\u0eb4\u0e97\u0eb0\u0e8d\u0eb2<\/li>\n<li><strong>\u0eae\u0ead\u0e87\u0ead\u0eb2\u0e88\u0eb2\u0e99\u0e94\u0ea3<\/strong><strong>. <\/strong><strong>\u0e87\u0eb8\u0ec9\u0e8d\u0ea5\u0eb9\u0e97\u0eb8\u0ec9\u0e8d\u0e87\u0eb2\u0e99<\/strong><br \/>\n\u0eaa\u0eb2\u0e82\u0eb2: \u0ea7\u0eb4\u0e97\u0eb0\u0e8d\u0eb2\u0eaa\u0eb2\u0e94\u0e82\u0ec9\u0eb2\u0e87\u0e82\u0ec9\u0eb2\u0e87\u0e82\u0ecd\u0ec9\u0ea1\u0eb9\u0e99, \u0e9e\u0eb2\u0eaa\u0eb2\u0e8d\u0eb5\u0ec8\u0e9b\u0eb8\u0ec8\u0e99<br \/>\n\u0eaa\u0eb0\u0e96\u0eb2\u0e99\u0e97\u0eb5\u0ec8\u0e94\u0ecd\u0eb2\u0ec0\u0e99\u0eb5\u0e99\u0e87\u0eb2\u0e99: \u0e84\u0eb0\u0e99\u0eb0\u0ea7\u0eb4\u0e97\u0eb0\u0e8d\u0eb2\u0eaa\u0eb2\u0e94\u0e84\u0ead\u0ea1\u0e9e\u0eb4\u0ea7\u0ec0\u0e95\u0eb5, \u0ea1\u0eb0\u0eab\u0eb2\u0ea7\u0eb4\u0e97\u0eb0\u0e8d\u0eb2\u0ec4\u0ea5\u0e97\u0eb4\u0ea7\u0eb4\u0e97\u0eb0\u0e8d\u0eb2\u0eaa\u0eb2\u0e94<\/li>\n<li><strong>\u0e94\u0ea3<\/strong><strong>. <\/strong><strong>\u0eab\u0ea7\u0e8d\u0e97\u0eb4\u0eae\u0ead\u0e87\u0eae\u0ec8\u0ead\u0e87<\/strong><br \/>\n\u0eaa\u0eb2\u0e82\u0eb2: \u0e9e\u0eb2\u0eaa\u0eb2\u0eaa\u0eb2\u0e94<br \/>\n\u0eaa\u0eb0\u0e96\u0eb2\u0e99\u0e97\u0eb5\u0ec8\u0e94\u0ecd\u0eb2\u0ec0\u0e99\u0eb5\u0e99\u0e87\u0eb2\u0e99: \u0e84\u0eb0\u0e99\u0eb0\u0ea7\u0eb4\u0e97\u0eb0\u0e8d\u0eb2\u0eaa\u0eb2\u0e94\u0ec1\u0ea5\u0eb0\u0e9e\u0eb2\u0eaa\u0eb2\u0eaa\u0eb2\u0e94, \u0ea1\u0eb0\u0eab\u0eb2\u0ea7\u0eb4\u0e97\u0eb0\u0e8d\u0eb2\u0ec4\u0ea5\u0eaa\u0eb1\u0e87\u0e84\u0ebb\u0ea1\u0eaa\u0eb2\u0e94\u0ec1\u0ea5\u0eb0\u0eae\u0eb1\u0e9a\u0eae\u0ead\u0e87\u0ea1\u0eb0\u0e99\u0eb8\u0e94\u0ea7\u0eb4\u0e97\u0eb0\u0e8d\u0eb2<\/li>\n<li><strong>\u0e94\u0ea3<\/strong><strong>. <\/strong><strong>\u0e87\u0eb8\u0ec9\u0e8d\u0e97\u0eb4\u0e84\u0eb4\u0ea7\u0e97\u0eb9<\/strong><br \/>\n\u0eaa\u0eb2\u0e82\u0eb2: \u0e9e\u0eb2\u0eaa\u0eb2\u0eaa\u0eb2\u0e94, \u0ead\u0eb1\u0e87\u0e81\u0eb4\u0e94<br \/>\n\u0eaa\u0eb0\u0e96\u0eb2\u0e99\u0e97\u0eb5\u0ec8\u0e94\u0ecd\u0eb2\u0ec0\u0e99\u0eb5\u0e99\u0e87\u0eb2\u0e99: \u0e84\u0eb0\u0e99\u0eb0\u0e9e\u0eb2\u0eaa\u0eb2\u0ead\u0eb1\u0e87\u0e81\u0eb4\u0e94, \u0ea1\u0eb0\u0eab\u0eb2\u0ea7\u0eb4\u0e97\u0eb0\u0e8d\u0eb2\u0ec4\u0ea5\u0eaa\u0eb1\u0e87\u0e84\u0ebb\u0ea1\u0eaa\u0eb2\u0e94\u0ec1\u0ea5\u0eb0\u0eae\u0eb1\u0e9a\u0eae\u0ead\u0e87\u0ea1\u0eb0\u0e99\u0eb8\u0e94\u0ea7\u0eb4\u0e97\u0eb0\u0e8d\u0eb2<\/li>\n<li><strong>\u0e94\u0ea3<\/strong><strong>. <\/strong><strong>\u0e97\u0ea3\u0eb1\u0e99\u0e97\u0eb4\u0ea1\u0eb4\u0e99\u0e9e\u0ea7\u0e87<\/strong><br \/>\n\u0eaa\u0eb2\u0e82\u0eb2: \u0e9e\u0eb2\u0eaa\u0eb2\u0eaa\u0eb2\u0e94, \u0ead\u0eb1\u0e87\u0e81\u0eb4\u0e94<br \/>\n\u0eaa\u0eb0\u0e96\u0eb2\u0e99\u0e97\u0eb5\u0ec8\u0e94\u0ecd\u0eb2\u0ec0\u0e99\u0eb5\u0e99\u0e87\u0eb2\u0e99: \u0e84\u0eb0\u0e99\u0eb0\u0e9e\u0eb2\u0eaa\u0eb2\u0ead\u0eb1\u0e87\u0e81\u0eb4\u0e94, \u0ea1\u0eb0\u0eab\u0eb2\u0ea7\u0eb4\u0e97\u0eb0\u0e8d\u0eb2\u0ec4\u0ea5\u0eaa\u0eb1\u0e87\u0e84\u0ebb\u0ea1\u0eaa\u0eb2\u0e94\u0ec1\u0ea5\u0eb0\u0eae\u0eb1\u0e9a\u0eae\u0ead\u0e87\u0ea1\u0eb0\u0e99\u0eb8\u0e94\u0ea7\u0eb4\u0e97\u0eb0\u0e8d\u0eb2<\/li>\n<li><strong>\u0e94\u0ea3<\/strong><strong>. <\/strong><strong>\u0e87\u0eb8\u0ec9\u0e8d\u0eab\u0ea7\u0eb1\u0e87\u0e97\u0ea3\u0eb8\u0ec8\u0e87<\/strong><br \/>\n\u0eaa\u0eb2\u0e82\u0eb2: \u0e9e\u0eb2\u0eaa\u0eb2\u0eaa\u0eb2\u0e94, \u0e9d\u0ea3\u0eb1\u0ec8\u0e87<br \/>\n\u0eaa\u0eb0\u0e96\u0eb2\u0e99\u0e97\u0eb5\u0ec8\u0e94\u0ecd\u0eb2\u0ec0\u0e99\u0eb5\u0e99\u0e87\u0eb2\u0e99: \u0e84\u0eb0\u0e99\u0eb0\u0ea7\u0eb4\u0e97\u0eb0\u0e8d\u0eb2\u0eaa\u0eb2\u0e94\u0ec1\u0ea5\u0eb0\u0e9e\u0eb2\u0eaa\u0eb2\u0eaa\u0eb2\u0e94, \u0ea1\u0eb0\u0eab\u0eb2\u0ea7\u0eb4\u0e97\u0eb0\u0e8d\u0eb2\u0ec4\u0ea5\u0eaa\u0eb1\u0e87\u0e84\u0ebb\u0ea1\u0eaa\u0eb2\u0e94\u0ec1\u0ea5\u0eb0\u0eae\u0eb1\u0e9a\u0eae\u0ead\u0e87\u0ea1\u0eb0\u0e99\u0eb8\u0e94\u0ea7\u0eb4\u0e97\u0eb0\u0e8d\u0eb2<\/li>\n<li><strong>\u0eae\u0ead\u0e87\u0ead\u0eb2\u0e88\u0eb2\u0e99\u0e94\u0ea3<\/strong><strong>. <\/strong><strong>\u0ec0\u0ea5\u0e87\u0ea7\u0eb2\u0e87\u0e97\u0ea3\u0eb9\u0e87<\/strong><br \/>\n\u0eaa\u0eb2\u0e82\u0eb2: \u0e9e\u0eb2\u0eaa\u0eb2\u0eaa\u0eb2\u0e94, \u0eae\u0eb1\u0e99-\u0e99\u0ebb\u0ea1<br \/>\n\u0eaa\u0eb0\u0e96\u0eb2\u0e99\u0e97\u0eb5\u0ec8\u0e94\u0ecd\u0eb2\u0ec0\u0e99\u0eb5\u0e99\u0e87\u0eb2\u0e99: \u0e84\u0eb0\u0e99\u0eb0\u0ea7\u0eb4\u0e97\u0eb0\u0e8d\u0eb2\u0eaa\u0eb2\u0e94\u0ec1\u0ea5\u0eb0\u0e9e\u0eb2\u0eaa\u0eb2\u0eaa\u0eb2\u0e94, \u0ea1\u0eb0\u0eab\u0eb2\u0ea7\u0eb4\u0e97\u0eb0\u0e8d\u0eb2\u0ec4\u0ea5\u0eaa\u0eb1\u0e87\u0e84\u0ebb\u0ea1\u0eaa\u0eb2\u0e94\u0ec1\u0ea5\u0eb0\u0eae\u0eb1\u0e9a\u0eae\u0ead\u0e87\u0ea1\u0eb0\u0e99\u0eb8\u0e94\u0ea7\u0eb4\u0e97\u0eb0\u0e8d\u0eb2<\/li>\n<li><strong>\u0e94\u0ea3<\/strong><strong>. <\/strong><strong>\u0ec2\u0eae\u0e87\u0e84\u0ebb\u0e87\u0e94\u0eb9\u0e8d\u0ea7\u0eb9<\/strong><br \/>\n\u0eaa\u0eb2\u0e82\u0eb2: \u0ea7\u0eb4\u0e97\u0eb0\u0e8d\u0eb2\u0eaa\u0eb2\u0e94\u0e82\u0ec9\u0eb2\u0e87\u0e82\u0ec9\u0eb2\u0e87\u0e82\u0ecd\u0ec9\u0ea1\u0eb9\u0e99<br \/>\n\u0eaa\u0eb0\u0e96\u0eb2\u0e99\u0e97\u0eb5\u0ec8\u0e94\u0ecd\u0eb2\u0ec0\u0e99\u0eb5\u0e99\u0e87\u0eb2\u0e99: \u0eaa\u0eb0\u0e96\u0eb2\u0e9a\u0eb1\u0e99 I2R, \u0eaa\u0eb4\u0e87\u0e81\u0eb0\u0ec2\u0e9b<\/li>\n<li><strong>\u0e99\u0eb1\u0e81\u0eaa\u0eb6\u0e81\u0eaa\u0eb2\u0e9b\u0ec8\u0ead\u0e99\u0e9b\u0ebb\u0e81\u0e81\u0eb0\u0e95\u0eb4<\/strong> <strong>\u0ec0\u0ea5\u0e87\u0ead\u0ebb\u0e87\u0e97\u0eb1\u0e99<\/strong><br \/>\n\u0eaa\u0eb2\u0e82\u0eb2: \u0ea7\u0eb4\u0e97\u0eb0\u0e8d\u0eb2\u0eaa\u0eb2\u0e94\u0e82\u0ec9\u0eb2\u0e87\u0e82\u0ec9\u0eb2\u0e87\u0e82\u0ecd\u0ec9\u0ea1\u0eb9\u0e99<br \/>\n\u0eaa\u0eb0\u0e96\u0eb2\u0e99\u0e97\u0eb5\u0ec8\u0e94\u0ecd\u0eb2\u0ec0\u0e99\u0eb5\u0e99\u0e87\u0eb2\u0e99: \u0e84\u0eb0\u0e99\u0eb0\u0ea7\u0eb4\u0e97\u0eb0\u0e8d\u0eb2\u0eaa\u0eb2\u0e94\u0e82\u0ec9\u0eb2\u0e87\u0e82\u0ec9\u0eb2\u0e87\u0e82\u0ecd\u0ec9\u0ea1\u0eb9\u0e99, \u0ea1\u0eb0\u0eab\u0eb2\u0ea7\u0eb4\u0e97\u0eb0\u0e8d\u0eb2\u0ec4\u0ea5\u0ead\u0eb8\u0e94\u0eaa\u0eb2\u0eab\u0eb0\u0e81\u0eb3 \u0e97\u0ebb\u0ec8\u0e87\u0ec0\u0ea1\u0eb7\u0ead\u0e87<\/li>\n<li><strong>\u0e94\u0ea3<\/strong><strong>. <\/strong><strong>\u0ea7\u0eb9\u0e97\u0eb4\u0eae\u0ec8\u0ead\u0e87\u0e97\u0eb2<\/strong><br \/>\n\u0eaa\u0eb2\u0e82\u0eb2: \u0e9e\u0eb2\u0eaa\u0eb2\u0eaa\u0eb2\u0e94, \u0e88\u0eb5\u0e99<br \/>\n\u0eaa\u0eb0\u0e96\u0eb2\u0e99\u0e97\u0eb5\u0ec8\u0e94\u0ecd\u0eb2\u0ec0\u0e99\u0eb5\u0e99\u0e87\u0eb2\u0e99: \u0e84\u0eb0\u0e99\u0eb0\u0e9e\u0eb2\u0eaa\u0eb2\u0e88\u0eb5\u0e99, \u0ea1\u0eb0\u0eab\u0eb2\u0ea7\u0eb4\u0e97\u0eb0\u0e8d\u0eb2\u0ec4\u0ea5\u0eaa\u0eb1\u0e87\u0e84\u0ebb\u0ea1\u0eaa\u0eb2\u0e94\u0ec1\u0ea5\u0eb0\u0eae\u0eb1\u0e9a\u0eae\u0ead\u0e87\u0ea1\u0eb0\u0e99\u0eb8\u0e94\u0ea7\u0eb4\u0e97\u0eb0\u0e8d\u0eb2<\/li>\n<li><strong>\u0e97\u0ea3\u0eb1\u0e99\u0e84\u0eb4\u0ea1\u0e9f\u0eb2\u0e94<\/strong><br \/>\n\u0eaa\u0eb2\u0e82\u0eb2: \u0ea7\u0eb4\u0e97\u0eb0\u0e8d\u0eb2\u0eaa\u0eb2\u0e94\u0e82\u0ec9\u0eb2\u0e87\u0e82\u0ec9\u0eb2\u0e87\u0e82\u0ecd\u0ec9\u0ea1\u0eb9\u0e99<br \/>\n\u0eaa\u0eb0\u0e96\u0eb2\u0e99\u0e97\u0eb5\u0ec8\u0e94\u0ecd\u0eb2\u0ec0\u0e99\u0eb5\u0e99\u0e87\u0eb2\u0e99: \u0eaa\u0eb9\u0e99\u0e9e\u0eb2\u0eaa\u0eb2\u0eaa\u0eb2\u0e94\u0e84\u0ead\u0ea1\u0e9e\u0eb4\u0ea7\u0ec0\u0e95\u0eb5<\/li>\n<li><strong>\u0e94\u0eb4\u0e99\u0eaa\u0eb5\u0ec0\u0e94\u0eb5\u0e99<\/strong><br \/>\n\u0eaa\u0eb2\u0e82\u0eb2: \u0ea7\u0eb4\u0e97\u0eb0\u0e8d\u0eb2\u0eaa\u0eb2\u0e94\u0e82\u0ec9\u0eb2\u0e87\u0e82\u0ec9\u0eb2\u0e87\u0e82\u0ecd\u0ec9\u0ea1\u0eb9\u0e99<br \/>\n\u0eaa\u0eb0\u0e96\u0eb2\u0e99\u0e97\u0eb5\u0ec8\u0e94\u0ecd\u0eb2\u0ec0\u0e99\u0eb5\u0e99\u0e87\u0eb2\u0e99: \u0eaa\u0eb9\u0e99\u0e9e\u0eb2\u0eaa\u0eb2\u0eaa\u0eb2\u0e94\u0e84\u0ead\u0ea1\u0e9e\u0eb4\u0ea7\u0ec0\u0e95\u0eb5<\/li>\n<\/ol>\n<\/div>\n","protected":false},"excerpt":{"rendered":"<p>\u0e84\u0eb0\u0e99\u0eb0\u0e9a\u0ecd\u0ea5\u0eb4\u0eab\u0eb2\u0e99: \u0e9c\u0eb9\u0ec9\u0ead\u0eb3\u0e99\u0ea7\u0e8d\u0e81\u0eb2\u0e99: \u0eae\u0ead\u0e87\u0ead\u0eb2\u0e88\u0eb2\u0e99\u0e94\u0ea3. \u0e94\u0eb4\u0e99\u0ec0\u0e94\u0eb5\u0e99 \u0eaa\u0eb2\u0e82\u0eb2: \u0ea7\u0eb4\u0e97\u0eb0\u0e8d\u0eb2\u0eaa\u0eb2\u0e94\u0e82\u0ec9\u0eb2\u0e87\u0e82\u0ec9\u0eb2\u0e87\u0e82\u0ecd\u0ec9\u0ea1\u0eb9\u0e99, \u0e9e\u0eb2\u0eaa\u0eb2\u0eaa\u0eb2\u0e94 \u0eaa\u0eb0\u0e96\u0eb2\u0e99\u0e97\u0eb5\u0ec8\u0e94\u0ecd\u0eb2\u0ec0\u0e99\u0eb5\u0e99\u0e87\u0eb2\u0e99: \u0e84\u0eb0\u0e99\u0eb0\u0ea7\u0eb4\u0e97\u0eb0\u0e8d\u0eb2\u0eaa\u0eb2\u0e94\u0e82\u0ec9\u0eb2\u0e87\u0e82\u0ec9\u0eb2\u0e87\u0e82\u0ecd\u0ec9\u0ea1\u0eb9\u0e99, \u0ea1\u0eb0\u0eab\u0eb2\u0ea7\u0eb4\u0e97\u0eb0\u0e8d\u0eb2\u0ec4\u0ea5\u0e97\u0eb4\u0ea7\u0eb4\u0e97\u0eb0\u0e8d\u0eb2\u0eaa\u0eb2\u0e94\u0ec1\u0eab\u0ec8\u0e87\u0ec1\u0eab\u0ec8\u0e87\u0ec0\u0ea1\u0eb7\u0ead\u0e87\u0ec2\u0eae\u0e88\u0eb5\u0ec9\u0ea1\u0eb4\u0e99 \u0e84\u0eb0\u0e99\u0eb0\u0e97\u0eb5\u0ec8\u0e9b\u0eb6\u0e81\u0eaa\u0eb2: \u0ead\u0eb2\u0e88\u0eb2\u0e99 \u0e99\u0eb2\u0e87\u0e84\u0ebb\u0e99\u0e8a\u0eb1\u0ec9\u0e99\u0eaa\u0eb9\u0e87\u0e94\u0ea3. \u0e97\u0ea3\u0eb1\u0e99\u0e87\u0ead\u0e81\u0ec0\u0e97\u0eb1\u0ea1 \u0eaa\u0eb2\u0e82\u0eb2: \u0e9e\u0eb2\u0eaa\u0eb2\u0eaa\u0eb2\u0e94, \u0ea7\u0eb1\u0e94\u0e97\u0eb0\u0e99\u0eb0\u0e97\u0eb3 \u0eaa\u0eb0\u0e96\u0eb2\u0e99\u0e97\u0eb5\u0ec8\u0e94\u0ecd\u0eb2\u0ec0\u0e99\u0eb5\u0e99\u0e87\u0eb2\u0e99: \u0e84\u0eb0\u0e99\u0eb0\u0ea7\u0eb1\u0e94\u0e97\u0eb0\u0e99\u0eb0\u0e97\u0eb3, \u0ea1\u0eb0\u0eab\u0eb2\u0ea7\u0eb4\u0e97\u0eb0\u0e8d\u0eb2\u0ec4\u0ea5\u0eaa\u0eb1\u0e87\u0e84\u0ebb\u0ea1\u0eaa\u0eb2\u0e94\u0ec1\u0ea5\u0eb0\u0eae\u0eb1\u0e9a\u0eae\u0ead\u0e87\u0ea1\u0eb0\u0e99\u0eb8\u0e94\u0ea7\u0eb4\u0e97\u0eb0\u0e8d\u0eb2 [&hellip;]<\/p>\n","protected":false},"author":3,"featured_media":113,"parent":1074,"menu_order":0,"comment_status":"closed","ping_status":"closed","template":"","meta":[],"_links":{"self":[{"href":"https:\/\/www.clc.hcmus.edu.vn\/index.php?rest_route=\/wp\/v2\/pages\/1113"}],"collection":[{"href":"https:\/\/www.clc.hcmus.edu.vn\/index.php?rest_route=\/wp\/v2\/pages"}],"about":[{"href":"https:\/\/www.clc.hcmus.edu.vn\/index.php?rest_route=\/wp\/v2\/types\/page"}],"author":[{"embeddable":true,"href":"https:\/\/www.clc.hcmus.edu.vn\/index.php?rest_route=\/wp\/v2\/users\/3"}],"replies":[{"embeddable":true,"href":"https:\/\/www.clc.hcmus.edu.vn\/index.php?rest_route=%2Fwp%2Fv2%2Fcomments&post=1113"}],"version-history":[{"count":22,"href":"https:\/\/www.clc.hcmus.edu.vn\/index.php?rest_route=\/wp\/v2\/pages\/1113\/revisions"}],"predecessor-version":[{"id":3699,"href":"https:\/\/www.clc.hcmus.edu.vn\/index.php?rest_route=\/wp\/v2\/pages\/1113\/revisions\/3699"}],"up":[{"embeddable":true,"href":"https:\/\/www.clc.hcmus.edu.vn\/index.php?rest_route=\/wp\/v2\/pages\/1074"}],"wp:featuredmedia":[{"embeddable":true,"href":"https:\/\/www.clc.hcmus.edu.vn\/index.php?rest_route=\/wp\/v2\/media\/113"}],"wp:attachment":[{"href":"https:\/\/www.clc.hcmus.edu.vn\/index.php?rest_route=%2Fwp%2Fv2%2Fmedia&parent=1113"}],"curies":[{"name":"wp","href":"https:\/\/api.w.org\/{rel}","templated":true}]}}