{"id":13,"date":"2019-03-12T17:40:36","date_gmt":"2015-09-14T07:27:12","guid":{"rendered":"http:\/\/www.clc.hcmus.edu.vn\/?page_id=13"},"modified":"2025-11-11T20:50:11","modified_gmt":"2025-11-11T13:50:11","slug":"nhan-su","status":"publish","type":"page","link":"https:\/\/www.clc.hcmus.edu.vn\/?page_id=13","title":{"rendered":"Nh\u00e2n s\u1ef1"},"content":{"rendered":"<p><strong>Ban Gi\u00e1m \u0111\u1ed1c g\u1ed3m:<\/strong><\/p>\n<div style=\"text-align: justify; padding-left: 30px;\">\n<div style=\"display: inline-block;\"><a href=\"\/ddien\/\"><img decoding=\"async\" loading=\"lazy\" class=\"wp-image-685 alignleft\" src=\"http:\/\/www.clc.hcmus.edu.vn\/wp-content\/uploads\/2015\/09\/ddien1.jpg\" alt=\"Associate Professor Dr. Dinh Dien\" width=\"90\" height=\"90\" \/><\/a><\/div>\n<div style=\"display: inline-block; vertical-align: top;\"><strong>Gi\u00e1m \u0111\u1ed1c:<\/strong><br \/>\n<strong><a href=\"\/ddien\/\">PGS.TS. \u0110inh \u0110i\u1ec1n<\/a><\/strong><br \/>\nChuy\u00ean m\u00f4n: Tin h\u1ecdc, Ng\u00f4n ng\u1eef h\u1ecdc<br \/>\nN\u01a1i c\u00f4ng t\u00e1c: Khoa CNTT, \u0110H KHTN<\/div>\n<\/div>\n<hr \/>\n<p style=\"text-align: justify;\"><strong>Ban C\u1ed1 v\u1ea5n g\u1ed3m:<\/strong><\/p>\n<div style=\"text-align: justify; padding-left: 30px;\">\n<div style=\"display: inline-block;\"><a href=\"http:\/\/www.clc.hcmus.edu.vn\/wp-content\/uploads\/2015\/09\/GS.VS_.TSKH_.-Tran-Ngoc-Them.png\"><img decoding=\"async\" loading=\"lazy\" class=\"size-thumbnail wp-image-103 alignleft\" src=\"http:\/\/www.clc.hcmus.edu.vn\/wp-content\/uploads\/2015\/09\/GS.VS_.TSKH_.-Tran-Ngoc-Them-150x150.png\" alt=\"GS.VS.TSKH. Tran Ngoc Them\" width=\"90\" height=\"90\" \/><\/a><\/div>\n<div style=\"display: inline-block; vertical-align: top;\"><strong>GS.VS.TSKH. Tr\u1ea7n Ng\u1ecdc Th\u00eam<\/strong><br \/>\nChuy\u00ean m\u00f4n: Ng\u00f4n ng\u1eef h\u1ecdc, V\u0103n h\u00f3a h\u1ecdc<br \/>\nN\u01a1i c\u00f4ng t\u00e1c: Khoa V\u0103n h\u00f3a h\u1ecdc, \u0110H KH XH&amp;NV<\/div>\n<\/div>\n<div style=\"text-align: justify; padding-left: 30px;\">\n<div style=\"display: inline-block;\"><a href=\"http:\/\/www.clc.hcmus.edu.vn\/wp-content\/uploads\/2015\/09\/GS.TS_.-Nguyen-Duc-Dan.jpg\"><img decoding=\"async\" loading=\"lazy\" class=\"size-thumbnail wp-image-105 alignleft\" src=\"http:\/\/www.clc.hcmus.edu.vn\/wp-content\/uploads\/2015\/09\/GS.TS_.-Nguyen-Duc-Dan-150x150.jpg\" alt=\"GS.TS. Nguyen Duc Dan\" width=\"90\" height=\"90\" \/><\/a><\/div>\n<div style=\"display: inline-block; vertical-align: top;\"><strong>GS.TS. Nguy\u1ec5n \u0110\u1ee9c D\u00e2n<\/strong><br \/>\nChuy\u00ean m\u00f4n: Ng\u00f4n ng\u1eef h\u1ecdc<br \/>\nN\u01a1i c\u00f4ng t\u00e1c: Khoa V\u0103n h\u1ecdc v\u00e0 Ng\u00f4n ng\u1eef h\u1ecdc, \u0110H KH XH&amp;NV<\/div>\n<\/div>\n<div style=\"text-align: justify; padding-left: 30px;\">\n<div style=\"display: inline-block;\"><a href=\"http:\/\/www.clc.hcmus.edu.vn\/wp-content\/uploads\/2015\/09\/GS.TS_.-Eduard-Hovy.png\"><img decoding=\"async\" loading=\"lazy\" class=\"size-thumbnail wp-image-104 alignleft\" src=\"http:\/\/www.clc.hcmus.edu.vn\/wp-content\/uploads\/2015\/09\/GS.TS_.-Eduard-Hovy-150x150.png\" alt=\"GS.TS. Eduard Hovy\" width=\"90\" height=\"90\" \/><\/a><\/div>\n<div style=\"display: inline-block; vertical-align: top;\"><strong>GS. Eduard Hovy<\/strong><br \/>\nChuy\u00ean m\u00f4n: Tin h\u1ecdc<br \/>\nN\u01a1i c\u00f4ng t\u00e1c: Vi\u1ec7n C\u00f4ng ngh\u1ec7 NN, CMU, Hoa K\u1ef3<\/div>\n<\/div>\n<hr \/>\n<p><strong>Nghi\u00ean c\u1ee9u vi\u00ean:<\/strong><\/p>\n<div style=\"text-align: justify; padding-left: 30px;\">\n<div style=\"display: inline-block;\"><a href=\"http:\/\/www.clc.hcmus.edu.vn\/wp-content\/uploads\/2015\/10\/vinhla1.jpg\"><img decoding=\"async\" loading=\"lazy\" class=\"size-thumbnail wp-image-106 alignleft\" src=\"http:\/\/www.clc.hcmus.edu.vn\/wp-content\/uploads\/2015\/10\/vinhla1.jpg\" alt=\"TS. L\u01b0\u01a1ng An Vinh\" width=\"90\" height=\"90\" \/><\/a><\/div>\n<div style=\"display: inline-block; vertical-align: top;\"><strong>TS. L\u01b0\u01a1ng An Vinh<\/strong><br \/>\nChuy\u00ean m\u00f4n: Tin h\u1ecdc<br \/>\nN\u01a1i c\u00f4ng t\u00e1c: Khoa CNTT, \u0110H C\u00f4ng ngh\u1ec7 S\u00e0i G\u00f2n<\/div>\n<\/div>\n<div style=\"text-align: justify; padding-left: 30px;\">\n<div style=\"display: inline-block;\"><a href=\"http:\/\/www.clc.hcmus.edu.vn\/wp-content\/uploads\/2020\/06\/longnhb.jpg\"><img decoding=\"async\" loading=\"lazy\" class=\"size-thumbnail wp-image-106 alignleft\" src=\"http:\/\/www.clc.hcmus.edu.vn\/wp-content\/uploads\/2020\/06\/longnhb.jpg\" alt=\"TS. Nguy\u1ec5n H\u1ed3ng B\u1eedu Long\" width=\"90\" height=\"90\" \/><\/a><\/div>\n<div style=\"display: inline-block; vertical-align: top;\"><strong>TS. Nguy\u1ec5n H\u1ed3ng B\u1eedu Long<\/strong><br \/>\nChuy\u00ean m\u00f4n: Tin h\u1ecdc<br \/>\nN\u01a1i c\u00f4ng t\u00e1c: Khoa CNTT, \u0110H KHTN<\/div>\n<\/div>\n<div style=\"text-align: justify; padding-left: 30px;\">\n<div style=\"display: inline-block;\"><a href=\"https:\/\/www.clc.hcmus.edu.vn\/wp-content\/uploads\/2019\/03\/PTMTrang.png\"><img decoding=\"async\" loading=\"lazy\" class=\"size-thumbnail wp-image-106 alignleft\" src=\"https:\/\/www.clc.hcmus.edu.vn\/wp-content\/uploads\/2019\/03\/PTMTrang.png\" alt=\"NCS. L\u00ea Th\u00e0nh Nguy\u00ean\" width=\"90\" height=\"90\" \/><\/a><\/div>\n<div style=\"display: inline-block; vertical-align: top;\"><strong>NCS. Phan Th\u1ecb M\u1ef9 Trang<\/strong><br \/>\nChuy\u00ean m\u00f4n: Ng\u00f4n ng\u1eef h\u1ecdc, Ti\u1ebfng Anh<br \/>\nN\u01a1i c\u00f4ng t\u00e1c: Khoa KHCB, \u0110H C\u00f4ng ngh\u1ec7 S\u00e0i G\u00f2n<\/div>\n<\/div>\n<div style=\"text-align: justify; padding-left: 30px;\"><\/div>\n<hr \/>\n<p><strong>C\u1ed9ng t\u00e1c vi\u00ean<\/strong>:<\/p>\n<div style=\"text-align: justify; padding-left: 30px;\">\n<ol>\n<li><strong>TS. Nghi\u00eam Qu\u1ed1c Minh<\/strong><br \/>\nChuy\u00ean m\u00f4n: Tin h\u1ecdc<br \/>\nN\u01a1i c\u00f4ng t\u00e1c: Khoa CNTT, \u0110H KHTN<\/li>\n<li><strong>TS. Nguy\u1ec5n Th\u1ecb H\u1ed3ng Nhung<\/strong><br \/>\nChuy\u00ean m\u00f4n: Tin h\u1ecdc<br \/>\nN\u01a1i c\u00f4ng t\u00e1c: Khoa CNTT, \u0110H KHTN<\/li>\n<li><strong>ThS. V\u0103n Ch\u00ed Nam<\/strong><br \/>\nChuy\u00ean m\u00f4n: Tin h\u1ecdc<br \/>\nN\u01a1i c\u00f4ng t\u00e1c: Khoa CNTT, \u0110H KHTN<\/li>\n<li><strong>TS. Nguy\u1ec5n Th\u1ecb Nh\u01b0 \u0110i\u1ec7p<\/strong><br \/>\nChuy\u00ean m\u00f4n: Ng\u00f4n ng\u1eef h\u1ecdc, Ti\u1ebfng Anh<br \/>\nN\u01a1i c\u00f4ng t\u00e1c: Khoa Ngo\u1ea1i ng\u1eef, H\u1ecdc vi\u1ec7n H\u00e0ng Kh\u00f4ng VN<\/li>\n<li><strong>TS. Tr\u1ea7n L\u00ea T\u00e2m Linh<\/strong><br \/>\nChuy\u00ean m\u00f4n: Ng\u00f4n ng\u1eef h\u1ecdc, Ti\u1ebfng Anh<br \/>\nN\u01a1i c\u00f4ng t\u00e1c: Khoa Ngo\u1ea1i ng\u1eef, H\u1ecdc vi\u1ec7n H\u00e0ng Kh\u00f4ng VN<\/li>\n<li><strong>TS. Tr\u1ea7n Thanh Ph\u01b0\u1edbc<\/strong><br \/>\nChuy\u00ean m\u00f4n: Tin h\u1ecdc<br \/>\nN\u01a1i c\u00f4ng t\u00e1c: Khoa CNTT, \u0110H T\u00f4n \u0110\u1ee9c Th\u1eafng<\/li>\n<li><strong>PGS.TS. L\u00ea Kh\u1eafc C\u01b0\u1eddng<\/strong><br \/>\nChuy\u00ean m\u00f4n: Ng\u00f4n ng\u1eef h\u1ecdc, Ti\u1ebfng Sti\u00eang<br \/>\nN\u01a1i c\u00f4ng t\u00e1c: Khoa Vi\u1ec7t Nam h\u1ecdc, \u0110H KH XH&amp;NV<\/li>\n<li><strong>PGS.TS. Nguy\u1ec5n Th\u1ecb Ph\u01b0\u01a1ng Trang<\/strong><br \/>\nChuy\u00ean m\u00f4n: Ng\u00f4n ng\u1eef h\u1ecdc<br \/>\nN\u01a1i c\u00f4ng t\u00e1c: Khoa B\u00e1o ch\u00ed, \u0110H KH XH&amp;NV<\/li>\n<li><strong>PGS.TS. Tr\u1ea7n Th\u1ee7y V\u1ecbnh<\/strong><br \/>\nChuy\u00ean m\u00f4n: Ng\u00f4n ng\u1eef h\u1ecdc<br \/>\nN\u01a1i c\u00f4ng t\u00e1c: Khoa Vi\u1ec7t Nam h\u1ecdc, \u0110H KH XH&amp;NV<\/li>\n<li><strong>PGS.TS. Nguy\u1ec5n L\u01b0u Th\u00f9y Ng\u00e2n<\/strong><br \/>\nChuy\u00ean m\u00f4n: Tin h\u1ecdc, Ti\u1ebfng Nh\u1eadt<br \/>\nN\u01a1i c\u00f4ng t\u00e1c: Khoa KH MT, \u0110H CN TT<\/li>\n<li><strong>TS. Hu\u1ef3nh Th\u1ecb H\u1ed3ng H\u1ea1nh<\/strong><br \/>\nChuy\u00ean m\u00f4n: Ng\u00f4n ng\u1eef h\u1ecdc<br \/>\nN\u01a1i c\u00f4ng t\u00e1c: Khoa V\u0103n h\u1ecdc v\u00e0 Ng\u00f4n ng\u1eef h\u1ecdc, \u0110H KH XH&amp;NV<\/li>\n<li><strong>TS. Nguy\u1ec5n Th\u1ecb Ki\u1ec1u Thu<\/strong><br \/>\nChuy\u00ean m\u00f4n: Ng\u00f4n ng\u1eef h\u1ecdc, Ti\u1ebfng Anh<br \/>\nN\u01a1i c\u00f4ng t\u00e1c: Khoa Ng\u1eef v\u0103n Anh, \u0110H KH XH&amp;NV<\/li>\n<li><strong>TS. Tr\u1ea7n Th\u1ecb Minh Ph\u01b0\u1ee3ng<\/strong><br \/>\nChuy\u00ean m\u00f4n: Ng\u00f4n ng\u1eef h\u1ecdc, Ti\u1ebfng Anh<br \/>\nN\u01a1i c\u00f4ng t\u00e1c: Khoa Ng\u1eef v\u0103n Anh, \u0110H KH XH&amp;NV<\/li>\n<li><strong>TS. Nguy\u1ec5n Ho\u00e0ng Trung<\/strong><br \/>\nChuy\u00ean m\u00f4n: Ng\u00f4n ng\u1eef h\u1ecdc, Ti\u1ebfng Ph\u00e1p<br \/>\nN\u01a1i c\u00f4ng t\u00e1c: Khoa V\u0103n h\u1ecdc v\u00e0 Ng\u00f4n ng\u1eef h\u1ecdc, \u0110H KH XH&amp;NV<\/li>\n<li><strong>PGS. TS. L\u00ea Quang Tr\u01b0\u1eddng<\/strong><br \/>\nChuy\u00ean m\u00f4n: Ng\u00f4n ng\u1eef h\u1ecdc, H\u00e1n-N\u00f4m<br \/>\nN\u01a1i c\u00f4ng t\u00e1c: Khoa V\u0103n h\u1ecdc v\u00e0 Ng\u00f4n ng\u1eef h\u1ecdc, \u0110H KH XH&amp;NV<\/li>\n<li><strong>TS. Ho\u00e0ng C\u00f4ng Duy V\u0169<\/strong><br \/>\nChuy\u00ean m\u00f4n: Tin h\u1ecdc<br \/>\nN\u01a1i c\u00f4ng t\u00e1c: Vi\u1ec7n I2R, Singapore<\/li>\n<li><strong>NCS. L\u00ea Ng\u1ecdc T\u1ea5n<\/strong><br \/>\nChuy\u00ean m\u00f4n: Tin h\u1ecdc<br \/>\nN\u01a1i c\u00f4ng t\u00e1c: Khoa CNTT, \u0110H C\u00f4ng Nghi\u1ec7p TPHCM<\/li>\n<li><strong>TS. V\u0169 Th\u1ecb H\u01b0\u01a1ng Tr\u00e0<\/strong><br \/>\nChuy\u00ean m\u00f4n: Ng\u00f4n ng\u1eef h\u1ecdc, Ti\u1ebfng Hoa<br \/>\nN\u01a1i c\u00f4ng t\u00e1c: Khoa Ng\u1eef v\u0103n TQ, \u0110H KH XH&amp;NV<\/li>\n<li><strong>Tr\u1ea7n Kim Ph\u00e1t<\/strong><br \/>\nChuy\u00ean m\u00f4n: Tin h\u1ecdc<br \/>\nN\u01a1i c\u00f4ng t\u00e1c: Trung t\u00e2m Ng\u00f4n ng\u1eef h\u1ecdc t\u00ednh to\u00e1n<\/li>\n<li><strong>\u0110inh S\u0129 \u0110i\u1ec1n<\/strong><br \/>\nChuy\u00ean m\u00f4n: Tin h\u1ecdc<br \/>\nN\u01a1i c\u00f4ng t\u00e1c: Trung t\u00e2m Ng\u00f4n ng\u1eef h\u1ecdc t\u00ednh to\u00e1n<\/li>\n<\/ol>\n<\/div>\n<div style=\"text-align: justify; padding-left: 30px;\"><\/div>\n","protected":false},"excerpt":{"rendered":"<p>Ban Gi\u00e1m \u0111\u1ed1c g\u1ed3m: Gi\u00e1m \u0111\u1ed1c: PGS.TS. \u0110inh \u0110i\u1ec1n Chuy\u00ean m\u00f4n: Tin h\u1ecdc, Ng\u00f4n ng\u1eef h\u1ecdc N\u01a1i c\u00f4ng t\u00e1c: Khoa [&hellip;]<\/p>\n","protected":false},"author":3,"featured_media":113,"parent":376,"menu_order":0,"comment_status":"closed","ping_status":"closed","template":"","meta":[],"_links":{"self":[{"href":"https:\/\/www.clc.hcmus.edu.vn\/index.php?rest_route=\/wp\/v2\/pages\/13"}],"collection":[{"href":"https:\/\/www.clc.hcmus.edu.vn\/index.php?rest_route=\/wp\/v2\/pages"}],"about":[{"href":"https:\/\/www.clc.hcmus.edu.vn\/index.php?rest_route=\/wp\/v2\/types\/page"}],"author":[{"embeddable":true,"href":"https:\/\/www.clc.hcmus.edu.vn\/index.php?rest_route=\/wp\/v2\/users\/3"}],"replies":[{"embeddable":true,"href":"https:\/\/www.clc.hcmus.edu.vn\/index.php?rest_route=%2Fwp%2Fv2%2Fcomments&post=13"}],"version-history":[{"count":222,"href":"https:\/\/www.clc.hcmus.edu.vn\/index.php?rest_route=\/wp\/v2\/pages\/13\/revisions"}],"predecessor-version":[{"id":3700,"href":"https:\/\/www.clc.hcmus.edu.vn\/index.php?rest_route=\/wp\/v2\/pages\/13\/revisions\/3700"}],"up":[{"embeddable":true,"href":"https:\/\/www.clc.hcmus.edu.vn\/index.php?rest_route=\/wp\/v2\/pages\/376"}],"wp:featuredmedia":[{"embeddable":true,"href":"https:\/\/www.clc.hcmus.edu.vn\/index.php?rest_route=\/wp\/v2\/media\/113"}],"wp:attachment":[{"href":"https:\/\/www.clc.hcmus.edu.vn\/index.php?rest_route=%2Fwp%2Fv2%2Fmedia&parent=13"}],"curies":[{"name":"wp","href":"https:\/\/api.w.org\/{rel}","templated":true}]}}