{"id":1693,"date":"2016-01-13T12:09:48","date_gmt":"2015-12-31T06:20:54","guid":{"rendered":"http:\/\/www.clc.hcmus.edu.vn\/?page_id=1693"},"modified":"2015-12-31T13:20:54","modified_gmt":"2015-12-31T06:20:54","slug":"analyse-des-opinions-des-utilisateurs","status":"publish","type":"page","link":"https:\/\/www.clc.hcmus.edu.vn\/?page_id=1693&lang=fr","title":{"rendered":"Analyse des opinions des utilisateurs"},"content":{"rendered":"<p style=\"text-align: justify;\"><strong>1. Introduction<\/strong><br \/>\nR\u00e9cemment, avec l&#8217;\u00e9volution des m\u00e9dias sociaux, il y a une forte demande de la part des marques et des industries d&#8217;analyser automatiquement les commentaires des clients sur leurs produits afin qu&#8217;ils puissent savoir comment les consommateurs per\u00e7oivent leurs produits ainsi que ceux de leurs concurrents. Cette information de sentiment est non seulement utile pour le marketing et l&#8217;\u00e9talonnage des produits, mais aussi utile pour la conception de produits et le d\u00e9veloppement de produits [Liu, 2008].<\/p>\n<p style=\"text-align: justify;\">L&#8217;extraction des opinions ou des sentiments depuis le texte peut \u00eatre d\u00e9finie comme l&#8217;analyse des sentiments ou la fouille des opinions. La t\u00e2che re\u00e7oit des textes bruts abordant des marques ou des produits comme entr\u00e9es et comme sorties g\u00e9n\u00e8re des informations de sentiment, qui pr\u00e9sentent des opinions de l&#8217;auteur, des commentaires, et l&#8217;\u00e9valuation d&#8217;une marque sp\u00e9cifique, d&#8217;un produit, ou sur les caract\u00e9ristiques de produits. G\u00e9n\u00e9ralement, nous devons d\u00e9terminer si le sentiment est positif, n\u00e9gatif ou neutre.<\/p>\n<p style=\"text-align: justify;\">Bien que la recherche dans ce domaine pour l&#8217;anglais a \u00e9t\u00e9 beaucoup d\u00e9velopp\u00e9e, il y a un peu de travail pour le vietnamien. Cela nous a motiv\u00e9s \u00e0 construire un syst\u00e8me d&#8217;analyse de sentiment pour les textes en vietnamien.<\/p>\n<p style=\"text-align: justify;\"><strong>2. Recherche<\/strong><br \/>\nNous nous concentrons maintenant sur deux niveaux d&#8217;analyse de sentiment: (1) niveau de phrase, et (2) niveau d&#8217;entit\u00e9 et d&#8217;aspect. La t\u00e2che au niveau de phrase va \u00e0 des phrases et d\u00e9termine que chaque phrase a exprim\u00e9 une opinion positive, n\u00e9gative ou neutre. Cependant, l&#8217;analyse au niveau de phrase ne d\u00e9couvre pas exactement ce que les gens aiment ou n&#8217;aiment pas, ce qui est une motivation pour la t\u00e2che au niveau d&#8217;entit\u00e9. La t\u00e2che observe directement le sentiment d&#8217;une opinion cible &#8211; une entit\u00e9 sp\u00e9cifique ou un aspect, par exemple, la qualit\u00e9 de l&#8217;appel et la dur\u00e9e de vie de la batterie d&#8217;un iPhone. Les utilisateurs finaux, comme un(e) analyste de marketing d&#8217;une marque, peuvent utiliser ces r\u00e9sultats pour tous les types d&#8217;analyses qualitatives ou quantitatives.<\/p>\n<p style=\"text-align: justify;\">R\u00e9f\u00e9rence:<br \/>\n[1] Bing Liu, Sentiment Analysis and Opinion Mining. 2012<\/p>\n","protected":false},"excerpt":{"rendered":"<p>1. Introduction R\u00e9cemment, avec l&#8217;\u00e9volution des m\u00e9dias sociaux, il y a une forte demande de la part des marques et [&hellip;]<\/p>\n","protected":false},"author":3,"featured_media":0,"parent":1688,"menu_order":0,"comment_status":"closed","ping_status":"closed","template":"","meta":[],"_links":{"self":[{"href":"https:\/\/www.clc.hcmus.edu.vn\/index.php?rest_route=\/wp\/v2\/pages\/1693"}],"collection":[{"href":"https:\/\/www.clc.hcmus.edu.vn\/index.php?rest_route=\/wp\/v2\/pages"}],"about":[{"href":"https:\/\/www.clc.hcmus.edu.vn\/index.php?rest_route=\/wp\/v2\/types\/page"}],"author":[{"embeddable":true,"href":"https:\/\/www.clc.hcmus.edu.vn\/index.php?rest_route=\/wp\/v2\/users\/3"}],"replies":[{"embeddable":true,"href":"https:\/\/www.clc.hcmus.edu.vn\/index.php?rest_route=%2Fwp%2Fv2%2Fcomments&post=1693"}],"version-history":[{"count":1,"href":"https:\/\/www.clc.hcmus.edu.vn\/index.php?rest_route=\/wp\/v2\/pages\/1693\/revisions"}],"predecessor-version":[{"id":1694,"href":"https:\/\/www.clc.hcmus.edu.vn\/index.php?rest_route=\/wp\/v2\/pages\/1693\/revisions\/1694"}],"up":[{"embeddable":true,"href":"https:\/\/www.clc.hcmus.edu.vn\/index.php?rest_route=\/wp\/v2\/pages\/1688"}],"wp:attachment":[{"href":"https:\/\/www.clc.hcmus.edu.vn\/index.php?rest_route=%2Fwp%2Fv2%2Fmedia&parent=1693"}],"curies":[{"name":"wp","href":"https:\/\/api.w.org\/{rel}","templated":true}]}}