{"id":1714,"date":"2019-03-07T19:34:03","date_gmt":"2015-12-03T04:41:16","guid":{"rendered":"http:\/\/www.clc.hcmus.edu.vn\/?page_id=1714"},"modified":"2017-06-14T09:01:33","modified_gmt":"2017-06-14T02:01:33","slug":"applications","status":"publish","type":"page","link":"https:\/\/www.clc.hcmus.edu.vn\/?page_id=1714&lang=fr","title":{"rendered":"Applications"},"content":{"rendered":"<ol>\n<li>\n<h4><strong>Dictionnaire parlant CLC MATA pour les malvoyants<\/strong><\/h4>\n<p><strong>Derni\u00e8re version: 1.5.0 build 0614<\/strong><\/p>\n<ul>\n<li>Dicitonnaire parlant Anglais-Vietnamien (123.808 mots)<\/li>\n<li>Dictionnaire parlant Vietnamien-Anglais (156.255 mots)<\/li>\n<li>Dictionnaire parlant Japonais-Vietnamien (38.046 mots)<\/li>\n<li>Dictionnaire parlant Vietnamien-Japonais (54.798 mots)<\/li>\n<li>Dictionnaire parlant Vietnamien (41.098 mots)<\/li>\n<li>Dictionnaire parlant d&#8217;originalit\u00e9 Vietnamien (3.100 mots)<\/li>\n<li>Dictionnaire parlant Fran\u00e7ais-Vietnamien dictionary (82.764 mots)<\/li>\n<li>Dictionnaire parlant Vietnamien-Fran\u00e7ais dictionary (43.292 mots)<\/li>\n<li>Dictionnaire parlant Allemand-Vietnamien dictionary (32.165 mots)<\/li>\n<li>Dictionnaire parlant Vietnamien-Allemand dictionary (42.793 mots)<\/li>\n<li>Explication s\u00e9mantique compl\u00e8te avec exemples<\/li>\n<li>Large collection de vocabulaire <\/li>\n<li>Interface conviviale, facile \u00e0 utiliser<\/li>\n<li>Sp\u00e9cialement con\u00e7u pour les malvoyants souhaitant apprendre l&#8217;anglais<\/li>\n<\/ul>\n<p><a href=\"http:\/\/www.clc.hcmus.edu.vn\/wp-content\/uploads\/app\/CLC-MATA\/CLC_MATA_Talking_Dictionary_v1.5.0_build_0614.rar\" target=\"_blank\">T\u00e9l\u00e9charger<\/a><\/li>\n<li>\n<h4><strong>Happy Sun \u2013 Logiciel de dactylographie pour les malvoyants<\/strong><\/h4>\n<p>Logiciel d&#8217;entrainement d&#8217;orthographe r\u00e9serv\u00e9 pour les malvoyants<\/p>\n<ul>\n<li>Introduction de clavier<\/li>\n<li>Pratiquer le clavier<\/li>\n<li>Pratiquer de saisir des mots, des groupes de mots<\/li>\n<li>Pratiquer de saisir des phrases, des proverbes<\/li>\n<li>Support de lecture des mots, sp\u00e9cialement con\u00e7u pour les malvoyants, facile \u00e0 utiliser<\/li>\n<\/ul>\n<p><a href=\"http:\/\/www.clc.hcmus.edu.vn\/wp-content\/uploads\/resources\/Tools\/CLC_Happy%20Sun%20-%20Luyen%20chinh%20ta%20cho%20nguoi%20khiem%20thi.zip\" target=\"_blank\">T\u00e9l\u00e9charger<\/a><\/li>\n<\/li>\n<li>\n<h4><strong>Happy Sun \u2013 \u00c9diteur des \u00e9quations math\u00e9matiques pour les malvoyants<\/strong><\/h4>\n<p>Logiciel d&#8217;\u00c9diteur des \u00e9quations math\u00e9matiques pour les malvoyants<\/p>\n<ul>\n<li>Int\u00e9gration avec Microsoft Word<\/li>\n<li>Support de 20+ types d&#8217;\u00e9quations usuelles<\/li>\n<li>Support de lecture des mots, sp\u00e9cialement con\u00e7u pour les malvoyants, facile \u00e0 utiliser<\/li>\n<\/ul>\n<p><a href=\"\nhttp:\/\/www.clc.hcmus.edu.vn\/wp-content\/uploads\/resources\/Tools\/CLC_Happy%20Sun%20-%20Soan%20thao%20cong%20thuc%20toan%20hoc%20cho%20nguoi%20khiem%20thi.zip\" target=\"_blank\">T\u00e9l\u00e9charger<\/a><\/li>\n<\/li>\n<\/ol>\n","protected":false},"excerpt":{"rendered":"<p>Dictionnaire parlant CLC MATA pour les malvoyants Derni\u00e8re version: 1.5.0 build 0614 Dicitonnaire parlant Anglais-Vietnamien (123.808 mots) Dictionnaire parlant Vietnamien-Anglais [&hellip;]<\/p>\n","protected":false},"author":3,"featured_media":0,"parent":1706,"menu_order":0,"comment_status":"closed","ping_status":"closed","template":"","meta":[],"_links":{"self":[{"href":"https:\/\/www.clc.hcmus.edu.vn\/index.php?rest_route=\/wp\/v2\/pages\/1714"}],"collection":[{"href":"https:\/\/www.clc.hcmus.edu.vn\/index.php?rest_route=\/wp\/v2\/pages"}],"about":[{"href":"https:\/\/www.clc.hcmus.edu.vn\/index.php?rest_route=\/wp\/v2\/types\/page"}],"author":[{"embeddable":true,"href":"https:\/\/www.clc.hcmus.edu.vn\/index.php?rest_route=\/wp\/v2\/users\/3"}],"replies":[{"embeddable":true,"href":"https:\/\/www.clc.hcmus.edu.vn\/index.php?rest_route=%2Fwp%2Fv2%2Fcomments&post=1714"}],"version-history":[{"count":7,"href":"https:\/\/www.clc.hcmus.edu.vn\/index.php?rest_route=\/wp\/v2\/pages\/1714\/revisions"}],"predecessor-version":[{"id":2197,"href":"https:\/\/www.clc.hcmus.edu.vn\/index.php?rest_route=\/wp\/v2\/pages\/1714\/revisions\/2197"}],"up":[{"embeddable":true,"href":"https:\/\/www.clc.hcmus.edu.vn\/index.php?rest_route=\/wp\/v2\/pages\/1706"}],"wp:attachment":[{"href":"https:\/\/www.clc.hcmus.edu.vn\/index.php?rest_route=%2Fwp%2Fv2%2Fmedia&parent=1714"}],"curies":[{"name":"wp","href":"https:\/\/api.w.org\/{rel}","templated":true}]}}