{"id":1783,"date":"2019-03-12T17:40:36","date_gmt":"2015-09-14T07:27:12","guid":{"rendered":"http:\/\/www.clc.hcmus.edu.vn\/?page_id=1783"},"modified":"2025-11-11T19:51:05","modified_gmt":"2025-11-11T12:51:05","slug":"%e4%ba%ba%e4%ba%8b","status":"publish","type":"page","link":"https:\/\/www.clc.hcmus.edu.vn\/?page_id=1783&lang=zh","title":{"rendered":"\u4eba\u4e8b"},"content":{"rendered":"<p><strong>\u7ecf\u7406\u90e8\u95e8:<\/strong><\/p>\n<div style=\"text-align: justify; padding-left: 30px; height: 130px;\">\n<div style=\"display: inline-block;\"><a href=\"\/ddien\/\"><img decoding=\"async\" loading=\"lazy\" class=\"wp-image-685 alignleft\" src=\"http:\/\/www.clc.hcmus.edu.vn\/wp-content\/uploads\/2015\/09\/ddien1.jpg\" alt=\"ddien\" width=\"90\" height=\"90\" \/><\/a><\/div>\n<div style=\"display: inline-block;\"><strong>\u7ecf\u7406:<\/strong><br \/>\n<strong><a href=\"\/ddien\/\">\u4e01\u7530 (\u535a\u58eb\uff0c\u526f\u6559\u6388\uff09<\/a><\/strong><br \/>\n\u4e13\u4e1a\uff1a\u8ba1\u7b97\u673a\u7684\u8fd0\u4f5c\uff0c\u8bed\u8a00\u5b66<br \/>\n\u5de5\u4f5c\u5730\u70b9\uff1a\u80e1\u5fd7\u660e\u5e02\u81ea\u7136\u79d1\u5b66\u5927\u5b66 &#8211; \u4fe1\u606f\u6280\u672f\u79d1<\/div>\n<\/div>\n<hr \/>\n<p style=\"text-align: justify;\"><strong>\u987e\u95ee\u90e8\u95e8:<\/strong><\/p>\n<div style=\"text-align: justify; padding-left: 30px;\">\n<div style=\"display: inline-block; width: 90pt;\"><a href=\"http:\/\/www.clc.hcmus.edu.vn\/wp-content\/uploads\/2015\/09\/GS.VS_.TSKH_.-Tran-Ngoc-Them.png\"><img decoding=\"async\" loading=\"lazy\" class=\"size-thumbnail wp-image-103 alignleft\" src=\"http:\/\/www.clc.hcmus.edu.vn\/wp-content\/uploads\/2015\/09\/GS.VS_.TSKH_.-Tran-Ngoc-Them-150x150.png\" alt=\"GS.VS.TSKH. Tran Ngoc Them\" width=\"90\" height=\"90\" \/><\/a><\/div>\n<div style=\"display: inline-block;\"><strong>\u9648\u7389\u6dfb (\u6559\u6388\uff0c\u9662\u58eb\uff0c\u79d1\u5b66\u535a\u58eb\uff09<\/strong><br \/>\n\u4e13\u4e1a\uff1a\u8bed\u8a00\u5b66\uff0c\u6587\u5316\u5b66<br \/>\n\u5de5\u4f5c\u5730\u70b9\uff1a\u4eba\u6587\u5927\u5b66\u6587\u5316\u5b66\u5b66\u9662 &#8211; \u80e1\u5fd7\u660e\u5e02\u793e\u4f1a\u79d1\u5b66\u4e0e<\/div>\n<\/div>\n<div style=\"text-align: justify; padding-left: 30px;\">\n<div style=\"display: inline-block; width: 90pt;\"><a href=\"http:\/\/www.clc.hcmus.edu.vn\/wp-content\/uploads\/2015\/09\/GS.TS_.-Nguyen-Duc-Dan.jpg\"><img decoding=\"async\" loading=\"lazy\" class=\"size-thumbnail wp-image-105 alignleft\" src=\"http:\/\/www.clc.hcmus.edu.vn\/wp-content\/uploads\/2015\/09\/GS.TS_.-Nguyen-Duc-Dan-150x150.jpg\" alt=\"GS.TS. Nguyen Duc Dan\" width=\"90\" height=\"90\" \/><\/a><\/div>\n<div style=\"display: inline-block;\"><strong>\u962e\u5fb7\u6c11 (\u535a\u58eb-\u6559\u6388\uff09<\/strong><br \/>\n\u4e13\u4e1a\uff1a\u8bed\u8a00\u5b66<br \/>\n\u5de5\u4f5c\u5730\u70b9\uff1a\u4eba\u6587\u5927\u5b66\u6587\u5b66\u4e0e\u8bed\u8a00\u5b66\u5b66\u9662 &#8211; \u80e1\u5fd7\u660e\u5e02\u793e\u4f1a\u79d1\u5b66\u4e0e<\/div>\n<\/div>\n<div style=\"text-align: justify; padding-left: 30px;\">\n<div style=\"display: inline-block; width: 90pt;\"><a href=\"http:\/\/www.clc.hcmus.edu.vn\/wp-content\/uploads\/2015\/09\/GS.TS_.-Eduard-Hovy.png\"><img decoding=\"async\" loading=\"lazy\" class=\"size-thumbnail wp-image-104 alignleft\" src=\"http:\/\/www.clc.hcmus.edu.vn\/wp-content\/uploads\/2015\/09\/GS.TS_.-Eduard-Hovy-150x150.png\" alt=\"GS.TS. Eduard Hovy\" width=\"90\" height=\"90\" \/><\/a><\/div>\n<div style=\"display: inline-block;\"><strong>Eduard Hovy\uff08\u535a\u58eb\uff0c\u6559\u6388\uff09<\/strong><br \/>\n\u4e13\u4e1a\uff1a\u8ba1\u7b97\u673a\u7684\u8fd0\u4f5c<br \/>\n\u5de5\u4f5c\u5730\u70b9\uff1a\u7f8e\u56fd\uff0cCMU, NN \u5de5\u827a\u9662<\/div>\n<\/div>\n<hr \/>\n<p><strong>\u7814\u7a76\u5458\uff1a<\/strong><\/p>\n<div style=\"text-align: justify; padding-left: 30px;\">\n<div style=\"display: inline-block;\"><a href=\"http:\/\/www.clc.hcmus.edu.vn\/wp-content\/uploads\/2015\/10\/vinhla1.jpg\"><img decoding=\"async\" loading=\"lazy\" class=\"size-thumbnail wp-image-106 alignleft\" src=\"http:\/\/www.clc.hcmus.edu.vn\/wp-content\/uploads\/2015\/10\/vinhla1.jpg\" alt=\"TS. L\u01b0\u01a1ng An Vinh\" width=\"90\" height=\"90\" \/><\/a><\/div>\n<div style=\"display: inline-block; vertical-align: top;\"><strong>\u535a\u58eb \u6881\u5b89\u8363<\/strong><br \/>\n\u4e13\u4e1a\uff1a\u4fe1\u606f\u6280\u672f<br \/>\n\u5de5\u4f5c\u5730\u70b9\uff1a\u897f\u8d21\u5de5\u827a\u5927\u5b66 &#8211; \u4fe1\u606f\u6280\u672f\u5b66\u9662<\/div>\n<\/div>\n<div style=\"text-align: justify; padding-left: 30px;\">\n<div style=\"display: inline-block;\"><a href=\"http:\/\/www.clc.hcmus.edu.vn\/wp-content\/uploads\/2020\/06\/longnhb.jpg\"><img decoding=\"async\" loading=\"lazy\" class=\"size-thumbnail wp-image-106 alignleft\" src=\"http:\/\/www.clc.hcmus.edu.vn\/wp-content\/uploads\/2020\/06\/longnhb.jpg\" alt=\"TS. Nguy\u1ec5n H\u1ed3ng B\u1eedu Long\" width=\"90\" height=\"90\" \/><\/a><\/div>\n<div style=\"display: inline-block; vertical-align: top;\"><strong>\u535a\u58eb \u962e\u9e3f\u4fdd\u9686<\/strong><br \/>\n\u4e13\u4e1a\uff1a\u4fe1\u606f\u6280\u672f<br \/>\n\u5de5\u4f5c\u5730\u70b9\uff1a\u80e1\u5fd7\u660e\u5e02\u81ea\u7136\u79d1\u5b66\u5927\u5b66\u4fe1\u606f\u6280\u672f\u5b66\u9662<\/div>\n<\/div>\n<div style=\"text-align: justify; padding-left: 30px;\">\n<div style=\"display: inline-block;\"><a href=\"https:\/\/www.clc.hcmus.edu.vn\/wp-content\/uploads\/2019\/03\/PTMTrang.png\"><img decoding=\"async\" loading=\"lazy\" class=\"size-thumbnail wp-image-106 alignleft\" src=\"https:\/\/www.clc.hcmus.edu.vn\/wp-content\/uploads\/2019\/03\/PTMTrang.png\" alt=\"NCS. L\u00ea Th\u00e0nh Nguy\u00ean\" width=\"90\" height=\"90\" \/><\/a><\/div>\n<div style=\"display: inline-block; vertical-align: top;\"><strong>\u535a\u58eb\u7814\u7a76\u751f \u8303\u6c0f\u7f8e\u5e84<\/strong><br \/>\n\u4e13\u4e1a\uff1a\u8bed\u8a00\u5b66\u3001\u82f1\u8bed<br \/>\n\u5de5\u4f5c\u5730\u70b9\uff1a\u897f\u8d21\u5de5\u827a\u5927\u5b66 &#8211; \u57fa\u7840\u79d1\u5b66\u5b66\u9662<\/div>\n<\/div>\n<div style=\"text-align: justify; padding-left: 10px;\"><\/div>\n<div style=\"text-align: justify; padding-left: 10px;\">\n<div style=\"display: inline-block;\">\n<p>&nbsp;<\/p>\n<\/div>\n<\/div>\n<hr \/>\n<p><strong>\u5408\u4f5c\u5458<\/strong>:<\/p>\n<ol>\n<li><strong>\u535a\u58eb <\/strong><strong>\u4e25\u56fd<\/strong><strong>\u660e<\/strong><br data-start=\"665\" data-end=\"668\" \/>\u4e13\u4e1a\uff1a\u4fe1\u606f\u6280\u672f<br data-start=\"675\" data-end=\"678\" \/>\u5de5\u4f5c\u5730\u70b9\uff1a\u80e1\u5fd7\u660e\u5e02\u81ea\u7136\u79d1\u5b66\u5927\u5b66 &#8211; \u4fe1\u606f\u6280\u672f\u5b66\u9662<\/li>\n<li data-start=\"706\" data-end=\"753\"><strong data-start=\"706\" data-end=\"717\">\u535a\u58eb <\/strong><strong>\u962e\u6c0f<\/strong><strong>\u7ea2\u7ed2<\/strong><br data-start=\"717\" data-end=\"720\" \/>\u4e13\u4e1a\uff1a\u4fe1\u606f\u6280\u672f<br data-start=\"727\" data-end=\"730\" \/>\u5de5\u4f5c\u5730\u70b9\uff1a\u80e1\u5fd7\u660e\u5e02\u81ea\u7136\u79d1\u5b66\u5927\u5b66 &#8211; \u4fe1\u606f\u6280\u672f\u5b66\u9662<\/li>\n<li data-start=\"758\" data-end=\"804\"><strong data-start=\"758\" data-end=\"768\">\u7855\u58eb <\/strong><strong>\u6587\u5fd7\u5357<\/strong><br data-start=\"768\" data-end=\"771\" \/>\u4e13\u4e1a\uff1a\u4fe1\u606f\u6280\u672f<br data-start=\"778\" data-end=\"781\" \/>\u5de5\u4f5c\u5730\u70b9\uff1a\u80e1\u5fd7\u660e\u5e02\u81ea\u7136\u79d1\u5b66\u5927\u5b66 &#8211; \u4fe1\u606f\u6280\u672f\u5b66\u9662<\/li>\n<li data-start=\"809\" data-end=\"852\"><strong data-start=\"809\" data-end=\"820\">\u535a\u58eb <\/strong><strong>\u962e\u6c0f\u5982\u53f6<\/strong><br data-start=\"820\" data-end=\"823\" \/>\u4e13\u4e1a\uff1a\u8bed\u8a00\u5b66\u3001\u82f1\u8bed<br data-start=\"832\" data-end=\"835\" \/>\u5de5\u4f5c\u5730\u70b9\uff1a\u8d8a\u5357\u822a\u7a7a\u5b66\u9662\u5916 &#8211; \u8bed\u5b66\u9662<\/li>\n<li data-start=\"857\" data-end=\"900\"><strong data-start=\"857\" data-end=\"868\">\u535a\u58eb <\/strong><strong>\u9648\u4e3d\u5fc3<\/strong><strong>\u73b2<\/strong><br data-start=\"868\" data-end=\"871\" \/>\u4e13\u4e1a\uff1a\u8bed\u8a00\u5b66\u3001\u82f1\u8bed<br data-start=\"880\" data-end=\"883\" \/>\u5de5\u4f5c\u5730\u70b9\uff1a\u8d8a\u5357\u822a\u7a7a\u5b66\u9662\u5916 &#8211; \u8bed\u5b66\u9662<\/li>\n<li data-start=\"905\" data-end=\"946\"><strong data-start=\"905\" data-end=\"915\">\u535a\u58eb <\/strong><strong>\u9648\u6e05<\/strong><strong>\u798f<\/strong><br data-start=\"915\" data-end=\"918\" \/>\u4e13\u4e1a\uff1a\u4fe1\u606f\u6280\u672f<br data-start=\"925\" data-end=\"928\" \/>\u5de5\u4f5c\u5730\u70b9\uff1a\u540c\u5fb7\u80dc\u5927\u5b66 &#8211; \u4fe1\u606f\u6280\u672f\u5b66\u9662<\/li>\n<li data-start=\"951\" data-end=\"1006\"><strong data-start=\"951\" data-end=\"965\">\u526f\u6559\u6388 <\/strong><strong>\u535a\u58eb <\/strong><strong>\u9ece\u514b<\/strong><strong>\u5f3a<\/strong><br data-start=\"965\" data-end=\"968\" \/>\u4e13\u4e1a\uff1a\u8bed\u8a00\u5b66\u3001\u65af\u4e01\u8bed<br data-start=\"978\" data-end=\"981\" \/>\u5de5\u4f5c\u5730\u70b9\uff1a\u80e1\u5fd7\u660e\u5e02\u793e\u4f1a\u79d1\u5b66\u4e0e\u4eba\u6587\u5927\u5b66 &#8211; \u8d8a\u5357\u5b66\u5b66\u9662<\/li>\n<li data-start=\"1011\" data-end=\"1062\"><strong data-start=\"1011\" data-end=\"1026\">\u526f\u6559\u6388 <\/strong><strong>\u535a\u58eb <\/strong><strong>\u962e\u6c0f\u82b3\u5e84<\/strong><br data-start=\"1026\" data-end=\"1029\" \/>\u4e13\u4e1a\uff1a\u8bed\u8a00\u5b66<br data-start=\"1035\" data-end=\"1038\" \/>\u5de5\u4f5c\u5730\u70b9\uff1a\u80e1\u5fd7\u660e\u5e02\u793e\u4f1a\u79d1\u5b66\u4e0e\u4eba\u6587\u5927\u5b66 &#8211; \u65b0\u95fb\u5b66\u9662<\/li>\n<li data-start=\"1067\" data-end=\"1118\"><strong data-start=\"1067\" data-end=\"1081\">\u526f\u6559\u6388 <\/strong><strong>\u535a\u58eb <\/strong><strong>\u9648\u7fe0<\/strong><strong>\u6c38<\/strong><br data-start=\"1081\" data-end=\"1084\" \/>\u4e13\u4e1a\uff1a\u8bed\u8a00\u5b66<br data-start=\"1090\" data-end=\"1093\" \/>\u5de5\u4f5c\u5730\u70b9\uff1a\u80e1\u5fd7\u660e\u5e02\u793e\u4f1a\u79d1\u5b66\u4e0e\u4eba\u6587\u5927\u5b66 &#8211; \u8d8a\u5357\u5b66\u5b66\u9662<\/li>\n<li data-start=\"1124\" data-end=\"1179\"><strong data-start=\"1124\" data-end=\"1139\">\u526f\u6559\u6388 <\/strong><strong>\u535a\u58eb <\/strong><strong>\u962e<\/strong><strong>\u5218\u5782<\/strong><strong>\u94f6<\/strong><br data-start=\"1139\" data-end=\"1142\" \/>\u4e13\u4e1a\uff1a\u4fe1\u606f\u6280\u672f\u3001\u65e5\u8bed<br data-start=\"1152\" data-end=\"1155\" \/>\u5de5\u4f5c\u5730\u70b9\uff1a\u80e1\u5fd7\u660e\u5e02\u4fe1\u606f\u6280\u672f\u5927\u5b66 &#8211; \u8ba1\u7b97\u673a\u79d1\u5b66\u5b66\u9662<\/li>\n<li data-start=\"1185\" data-end=\"1236\"><strong data-start=\"1185\" data-end=\"1196\">\u535a\u58eb <\/strong><strong>\u9ec4\u6c0f<\/strong><strong>\u7ea2<\/strong><strong>\u5e78<\/strong><br data-start=\"1196\" data-end=\"1199\" \/>\u4e13\u4e1a\uff1a\u8bed\u8a00\u5b66<br data-start=\"1205\" data-end=\"1208\" \/>\u5de5\u4f5c\u5730\u70b9\uff1a\u80e1\u5fd7\u660e\u5e02\u793e\u4f1a\u79d1\u5b66\u4e0e\u4eba\u6587\u5927\u5b66 &#8211; \u6587\u5b66\u4e0e\u8bed\u8a00\u5b66\u5b66\u9662<\/li>\n<li data-start=\"1242\" data-end=\"1296\"><strong data-start=\"1242\" data-end=\"1253\">\u535a\u58eb <\/strong><strong>\u962e\u6c0f<\/strong><strong>\u5a07<\/strong><strong>\u79cb<\/strong><br data-start=\"1253\" data-end=\"1256\" \/>\u4e13\u4e1a\uff1a\u8bed\u8a00\u5b66\u3001\u82f1\u8bed<br data-start=\"1265\" data-end=\"1268\" \/>\u5de5\u4f5c\u5730\u70b9\uff1a\u80e1\u5fd7\u660e\u5e02\u793e\u4f1a\u79d1\u5b66\u4e0e\u4eba\u6587\u5927\u5b66 &#8211; \u82f1\u8bed\u8bed\u8a00\u6587\u5b66\u5b66\u9662<\/li>\n<li data-start=\"1302\" data-end=\"1356\"><strong data-start=\"1302\" data-end=\"1313\">\u535a\u58eb <\/strong><strong>\u9648\u6c0f\u660e<\/strong><strong>\u82b3<\/strong><br data-start=\"1313\" data-end=\"1316\" \/>\u4e13\u4e1a\uff1a\u8bed\u8a00\u5b66\u3001\u82f1\u8bed<br data-start=\"1325\" data-end=\"1328\" \/>\u5de5\u4f5c\u5730\u70b9\uff1a\u80e1\u5fd7\u660e\u5e02\u793e\u4f1a\u79d1\u5b66\u4e0e\u4eba\u6587\u5927\u5b66 &#8211; \u82f1\u8bed\u8bed\u8a00\u6587\u5b66\u5b66\u9662<\/li>\n<li data-start=\"1362\" data-end=\"1415\"><strong data-start=\"1362\" data-end=\"1372\">\u535a\u58eb <\/strong><strong>\u962e\u9ec4\u4e2d<\/strong><br data-start=\"1372\" data-end=\"1375\" \/>\u4e13\u4e1a\uff1a\u8bed\u8a00\u5b66\u3001\u6cd5\u8bed<br data-start=\"1384\" data-end=\"1387\" \/>\u5de5\u4f5c\u5730\u70b9\uff1a\u80e1\u5fd7\u660e\u5e02\u793e\u4f1a\u79d1\u5b66\u4e0e\u4eba\u6587\u5927\u5b66 &#8211; \u6587\u5b66\u4e0e\u8bed\u8a00\u5b66\u5b66\u9662<\/li>\n<li data-start=\"1421\" data-end=\"1479\"><strong data-start=\"1421\" data-end=\"1435\">\u526f\u6559\u6388 <\/strong><strong>\u535a\u58eb <\/strong><strong>\u9ece\u5149<\/strong><strong>\u957f<\/strong><br data-start=\"1435\" data-end=\"1438\" \/>\u4e13\u4e1a\uff1a\u8bed\u8a00\u5b66\u3001\u6c49\u5583\u5b66<br data-start=\"1448\" data-end=\"1451\" \/>\u5de5\u4f5c\u5730\u70b9\uff1a\u80e1\u5fd7\u660e\u5e02\u793e\u4f1a\u79d1\u5b66\u4e0e\u4eba\u6587\u5927\u5b66 &#8211; \u6587\u5b66\u4e0e\u8bed\u8a00\u5b66\u5b66\u9662<\/li>\n<li data-start=\"1485\" data-end=\"1531\"><strong data-start=\"1485\" data-end=\"1496\">\u535a\u58eb <\/strong><strong>\u9ec4\u516c<\/strong><strong>\u7ef4<\/strong><strong>\u6b66<\/strong><br data-start=\"1496\" data-end=\"1499\" \/>\u4e13\u4e1a\uff1a\u4fe1\u606f\u6280\u672f<br data-start=\"1506\" data-end=\"1509\" \/>\u5de5\u4f5c\u5730\u70b9\uff1a\u65b0\u52a0\u5761\u8d44\u8baf\u901a\u4fe1\u7814\u7a76\u9662\uff08I2R\uff09<\/li>\n<li data-start=\"1537\" data-end=\"1584\"><strong data-start=\"1537\" data-end=\"1550\">\u535a\u58eb\u7814\u7a76\u751f <\/strong><strong>\u9ece\u7389\u664b<\/strong><br data-start=\"1550\" data-end=\"1553\" \/>\u4e13\u4e1a\uff1a\u4fe1\u606f\u6280\u672f<br data-start=\"1560\" data-end=\"1563\" \/>\u5de5\u4f5c\u5730\u70b9\uff1a\u80e1\u5fd7\u660e\u5e02\u5de5\u4e1a\u5927\u5b66 &#8211; \u4fe1\u606f\u6280\u672f\u5b66\u9662<\/li>\n<li data-start=\"1590\" data-end=\"1644\"><strong data-start=\"1590\" data-end=\"1601\">\u535a\u58eb <\/strong><strong>\u6b66\u6c0f\u9999\u8336<\/strong><br data-start=\"1601\" data-end=\"1604\" \/>\u4e13\u4e1a\uff1a\u8bed\u8a00\u5b66\u3001\u4e2d\u6587<br data-start=\"1613\" data-end=\"1616\" \/>\u5de5\u4f5c\u5730\u70b9\uff1a\u80e1\u5fd7\u660e\u5e02\u793e\u4f1a\u79d1\u5b66\u4e0e\u4eba\u6587\u5927\u5b66 &#8211; \u4e2d\u6587\u8bed\u8a00\u6587\u5b66\u5b66\u9662<\/li>\n<li data-start=\"1650\" data-end=\"1684\"><strong data-start=\"1650\" data-end=\"1657\">\u9648\u91d1\u53d1<\/strong><br data-start=\"1657\" data-end=\"1660\" \/>\u4e13\u4e1a\uff1a\u4fe1\u606f\u6280\u672f<br data-start=\"1667\" data-end=\"1670\" \/>\u5de5\u4f5c\u5730\u70b9\uff1a\u8ba1\u7b97\u8bed\u8a00\u5b66\u4e2d\u5fc3<\/li>\n<li data-start=\"1690\" data-end=\"1724\"><strong data-start=\"1690\" data-end=\"1697\">\u4e01\u58eb\u5ef6<\/strong><br data-start=\"1697\" data-end=\"1700\" \/>\u4e13\u4e1a\uff1a\u4fe1\u606f\u6280\u672f<br data-start=\"1707\" data-end=\"1710\" \/>\u5de5\u4f5c\u5730\u70b9\uff1a\u8ba1\u7b97\u8bed\u8a00\u5b66\u4e2d\u5fc3<\/li>\n<\/ol>\n","protected":false},"excerpt":{"rendered":"<p>\u7ecf\u7406\u90e8\u95e8: \u7ecf\u7406: \u4e01\u7530 (\u535a\u58eb\uff0c\u526f\u6559\u6388\uff09 \u4e13\u4e1a\uff1a\u8ba1\u7b97\u673a\u7684\u8fd0\u4f5c\uff0c\u8bed\u8a00\u5b66 \u5de5\u4f5c\u5730\u70b9\uff1a\u80e1\u5fd7\u660e\u5e02\u81ea\u7136\u79d1\u5b66\u5927\u5b66 &#8211; \u4fe1\u606f\u6280\u672f\u79d1 \u987e\u95ee\u90e8\u95e8: \u9648\u7389\u6dfb (\u6559\u6388\uff0c\u9662\u58eb\uff0c\u79d1\u5b66\u535a\u58eb\uff09 \u4e13\u4e1a\uff1a\u8bed\u8a00\u5b66\uff0c\u6587\u5316\u5b66 \u5de5\u4f5c\u5730\u70b9\uff1a\u4eba\u6587\u5927\u5b66\u6587\u5316\u5b66\u5b66\u9662 &#8211; \u80e1\u5fd7\u660e\u5e02\u793e\u4f1a\u79d1\u5b66\u4e0e \u962e\u5fb7\u6c11 (\u535a\u58eb-\u6559\u6388\uff09 \u4e13\u4e1a\uff1a\u8bed\u8a00\u5b66 \u5de5\u4f5c\u5730\u70b9\uff1a\u4eba\u6587\u5927\u5b66\u6587\u5b66\u4e0e\u8bed\u8a00\u5b66\u5b66\u9662 &#8211; [&hellip;]<\/p>\n","protected":false},"author":3,"featured_media":113,"parent":1760,"menu_order":0,"comment_status":"closed","ping_status":"closed","template":"","meta":[],"_links":{"self":[{"href":"https:\/\/www.clc.hcmus.edu.vn\/index.php?rest_route=\/wp\/v2\/pages\/1783"}],"collection":[{"href":"https:\/\/www.clc.hcmus.edu.vn\/index.php?rest_route=\/wp\/v2\/pages"}],"about":[{"href":"https:\/\/www.clc.hcmus.edu.vn\/index.php?rest_route=\/wp\/v2\/types\/page"}],"author":[{"embeddable":true,"href":"https:\/\/www.clc.hcmus.edu.vn\/index.php?rest_route=\/wp\/v2\/users\/3"}],"replies":[{"embeddable":true,"href":"https:\/\/www.clc.hcmus.edu.vn\/index.php?rest_route=%2Fwp%2Fv2%2Fcomments&post=1783"}],"version-history":[{"count":18,"href":"https:\/\/www.clc.hcmus.edu.vn\/index.php?rest_route=\/wp\/v2\/pages\/1783\/revisions"}],"predecessor-version":[{"id":3685,"href":"https:\/\/www.clc.hcmus.edu.vn\/index.php?rest_route=\/wp\/v2\/pages\/1783\/revisions\/3685"}],"up":[{"embeddable":true,"href":"https:\/\/www.clc.hcmus.edu.vn\/index.php?rest_route=\/wp\/v2\/pages\/1760"}],"wp:featuredmedia":[{"embeddable":true,"href":"https:\/\/www.clc.hcmus.edu.vn\/index.php?rest_route=\/wp\/v2\/media\/113"}],"wp:attachment":[{"href":"https:\/\/www.clc.hcmus.edu.vn\/index.php?rest_route=%2Fwp%2Fv2%2Fmedia&parent=1783"}],"curies":[{"name":"wp","href":"https:\/\/api.w.org\/{rel}","templated":true}]}}