{"id":21,"date":"2019-03-12T17:56:16","date_gmt":"2015-09-14T07:29:32","guid":{"rendered":"http:\/\/www.clc.hcmus.edu.vn\/?page_id=21"},"modified":"2025-11-15T09:42:35","modified_gmt":"2025-11-15T02:42:35","slug":"huong-nghien-cuu","status":"publish","type":"page","link":"https:\/\/www.clc.hcmus.edu.vn\/?page_id=21","title":{"rendered":"H\u01b0\u1edbng nghi\u00ean c\u1ee9u"},"content":{"rendered":"<p>&nbsp;<\/p>\n<ol>\n<li>\n<div>\n<p><strong>X\u1eec L\u00dd T\u1ef0 \u0110\u1ed8NG V\u0102N B\u1ea2N H\u00c1N-N\u00d4M:<\/strong><\/p>\n<p>Ch\u1eef N\u00f4m \u0111\u01b0\u1ee3c \u00f4ng cha ta s\u00e1ng t\u1ea1o ra d\u1ef1a tr\u00ean ch\u1eef H\u00e1n t\u1eeb kho\u1ea3ng TK10 v\u00e0 \u0111\u01b0\u1ee3c s\u1eed d\u1ee5ng cho \u0111\u1ebfn TK19. Trong su\u1ed1t c\u1ea3 ng\u00e0n n\u0103m \u0111\u00f3, bi\u1ebft bao c\u00f4ng tr\u00ecnh v\u1ec1 l\u1ecbch s\u1eed, v\u0103n h\u1ecdc, y h\u1ecdc, n\u00f4ng nghi\u1ec7p, \u0111\u1ecba l\u00fd, \u2026 \u0111\u01b0\u1ee3c vi\u1ebft b\u1eb1ng H\u00e1n-N\u00f4m v\u00e0 ph\u1ea7n l\u1edbn c\u00e1c t\u00e0i li\u1ec7u \u0111\u00f3 ch\u01b0a \u0111\u01b0\u1ee3c \u201cd\u1ecbch\u201d sang ch\u1eef Qu\u1ed1c ng\u1eef ng\u00e0y nay. Ngay c\u1ea3 c\u00e1c h\u1ec7 th\u1ed1ng AI m\u1ea1nh nh\u1ea5t tr\u00ean th\u1ebf gi\u1edbi hi\u1ec7n nay c\u0169ng ch\u01b0a d\u1ecbch \u0111\u01b0\u1ee3c ch\u1eef N\u00f4m. V\u00ec v\u1eady, trung t\u00e2m ch\u00fang t\u00f4i t\u1eadp trung nghi\u00ean c\u1ee9u v\u00e0 x\u00e2y d\u1ef1ng h\u1ec7 th\u1ed1ng \u201cd\u1ecbch\u201d t\u1ef1 \u0111\u1ed9ng c\u00e1c t\u00e0i li\u1ec7u H\u00e1n-N\u00f4m \u0111\u00f3 sang ch\u1eef Qu\u1ed1c ng\u1eef. H\u1ec7 th\u1ed1ng \u201cd\u1ecbch\u201d n\u00e0y bao g\u1ed3m nhi\u1ec1u b\u00e0i to\u00e1n x\u1eed l\u00fd b\u00ean trong nh\u01b0: Ph\u00e2n lo\u1ea1i \u1ea3nh, nh\u1eadn d\u1ea1ng \u1ea3nh (OCR), ph\u00e2n lo\u1ea1i v\u0103n b\u1ea3n, chuy\u1ec3n t\u1ef1 (transliteration) hay c\u00f2n g\u1ecdi l\u00e0 d\u1ecbch \u00e2m (d\u1ecbch sang \u00e2m H\u00e1n-Vi\u1ec7t), d\u1ecbch ngh\u0129a (interpretation) sang ng\u00f4n ng\u1eef \u0111\u01b0\u01a1ng \u0111\u1ea1i, &#8230; H\u1ec7 th\u1ed1ng n\u00e0y s\u1ebd tr\u1ee3 gi\u00fap ng\u01b0\u1eddi d\u00f9ng c\u00f3 th\u1ec3 \u0111\u1ecdc hi\u1ec3u, khai th\u00e1c, kh\u00e1m ph\u00e1 kho t\u00e0ng tri th\u1ee9c qu\u00fd gi\u00e1 vi\u1ebft b\u1eb1ng ch\u1eef H\u00e1n-N\u00f4m do cha \u00f4ng ta truy\u1ec1n l\u1ea1i th\u00f4ng qua ch\u1eef Qu\u1ed1c ng\u1eef hi\u1ec7n nay. Hi\u1ec7n h\u1ec7 th\u1ed1ng n\u00e0y \u0111\u00e3 \u0111\u01b0\u1ee3c tri\u1ec3n khai t\u1ea1i c\u00e1c \u0111\u1ecba ch\u1ec9: <a href=\"https:\/\/kimhannom.clc.hcmus.edu.vn\" target=\"_blank\" rel=\"noopener\">https:\/\/kimhannom.clc.hcmus.edu.vn<\/a> hay <a href=\"https:\/\/kimhannom.fit.hcmus.edu.vn\" target=\"_blank\" rel=\"noopener\">https:\/\/kimhannom.fit.hcmus.edu.vn<\/a> v\u00e0 app Kim H\u00e1n N\u00f4m tr\u00ean thi\u1ebft b\u1ecb di \u0111\u1ed9ng.<br \/>\nV\u00e0o \u0111\u1ea7u n\u0103m 2025, Digitizing Vi\u1ec7t Nam (<a href=\"https:\/\/www.digitizingvietnam.com\/vi\/about-us\">https:\/\/www.digitizingvietnam.com\/vi\/about-us<\/a>) \u0111\u00e3 <a href=\"https:\/\/www.digitizingvietnam.com\/vi\/pedagogy\/kim-han-nom\">\u0111\u00f3ng g\u00f3p 5TB<\/a> d\u1eef li\u1ec7u H\u00e1n N\u00f4m t\u1eeb th\u01b0 vi\u1ec7n tr\u01b0\u1eddng \u0110\u1ea1i h\u1ecdc Columbia \u0111\u1ec3 ch\u00fang t\u00f4i c\u1ea3i thi\u1ec7n ch\u1ee9c n\u0103ng nh\u1eadn di\u1ec7n, d\u1ecbch thu\u1eadt c\u1ee7a Kim H\u00e1n N\u00f4m.<\/p>\n<p><img decoding=\"async\" loading=\"lazy\" class=\"aligncenter wp-image-1952 size-large\" src=\"https:\/\/www.clc.hcmus.edu.vn\/wp-content\/uploads\/2025\/11\/KimHanNom.png\" alt=\"Diagram v2.1\" width=\"750\" height=\"532\" \/><\/p>\n<\/div>\n<\/li>\n<li><strong>T\u1eeb \u0111i\u1ec3n:<\/strong>\u00a0<a href=\"http:\/\/www.clc.hcmus.edu.vn\/?page_id=229\" target=\"_blank\" rel=\"noopener\">Vi\u1ec7t-Vi\u1ec7t<\/a>, Anh-Vi\u1ec7t, Vi\u1ec7t-Anh, Ph\u00e1p-Vi\u1ec7t, Vi\u1ec7t-Ph\u00e1p, Hoa-Vi\u1ec7t, Vi\u1ec7t-Hoa, Nh\u1eadt-Vi\u1ec7t, Vi\u1ec7t-Nh\u1eadt, H\u00e0n-Vi\u1ec7t, Vi\u1ec7t-H\u00e0n, \u0110\u1ee9c-Vi\u1ec7t, Vi\u1ec7t-\u0110\u1ee9c, Nga-Vi\u1ec7t, Vi\u1ec7t-Nga; th\u00f4ng th\u01b0\u1eddng, chuy\u00ean ng\u00e0nh, th\u1ef1c d\u1ee5ng, t\u1eeb nguy\u00ean, WordNet ti\u1ebfng Vi\u1ec7t<\/li>\n<li><strong>Ng\u1eef li\u1ec7u:<\/strong>\n<ul>\n<li><strong><a href=\"http:\/\/www.clc.hcmus.edu.vn\/?page_id=1507\" target=\"_blank\" rel=\"noopener\">\u0110\u01a1n ng\u1eef<\/a>:<\/strong> VCor, Treebank ti\u1ebfng Vi\u1ec7t (VTB)<\/li>\n<li><strong>Song ng\u1eef:<\/strong> <a href=\"http:\/\/www.clc.hcmus.edu.vn\/?page_id=1506\" target=\"_blank\" rel=\"noopener\">Anh-Vi\u1ec7t (EVC)<\/a>, Ph\u00e1p-Vi\u1ec7t (FVC), H\u00e0n-Vi\u1ec7t (KVC), L\u00e0o-Vi\u1ec7t (LVC), Vi\u1ec7t-Hoa (VCC), ng\u1eef li\u1ec7u \u0111a ng\u1eef h\u1ed7 tr\u1ee3 kh\u00e1ch du l\u1ecbch (BTEC)<\/li>\n<\/ul>\n<\/li>\n<li><strong>C\u00f4ng c\u1ee5:<\/strong> T\u00e1ch c\u00e2u, <a href=\"http:\/\/www.clc.hcmus.edu.vn\/?p=1610\">T\u00e1ch t\u1eeb<\/a>, <a href=\"http:\/\/www.clc.hcmus.edu.vn\/?p=1599\">G\u00e1n nh\u00e3n t\u1eeb lo\u1ea1i<\/a>, Ph\u00e2n \u0111o\u1ea1n ng\u1eef, <a href=\"http:\/\/www.clc.hcmus.edu.vn\/?p=1612\">Nh\u1eadn d\u1ea1ng th\u1ef1c th\u1ec3 c\u00f3 t\u00ean<\/a>, Ph\u00e2n t\u00edch c\u00fa ph\u00e1p, quan h\u1ec7 ph\u1ee5 thu\u1ed9c, G\u00e1n nh\u00e3n ng\u1eef ngh\u0129a<\/li>\n<li><strong>X\u1eed l\u00fd v\u0103n b\u1ea3n:<\/strong> Ph\u00e2n lo\u1ea1i v\u0103n b\u1ea3n, \u0110\u1ed9 t\u01b0\u01a1ng \u0111\u1ed3ng v\u0103n b\u1ea3n, Ki\u1ec3m l\u1ed7i ch\u00ednh t\u1ea3, Ki\u1ec3m l\u1ed7i ng\u1eef ph\u00e1p, Ph\u00e2n t\u00edch \u0111\u1ed9 kh\u00f3 c\u1ee7a v\u0103n b\u1ea3n, Phong c\u00e1ch v\u0103n b\u1ea3n, Ph\u00e2n t\u00edch t\u00e2m l\u00fd trong v\u0103n b\u1ea3n<\/li>\n<li><strong>\u1ee8ng d\u1ee5ng:<\/strong>\n<ul>\n<li>D\u1ecbch t\u1ef1 \u0111\u1ed9ng v\u0103n b\u1ea3n, <a href=\"http:\/\/www.clc.hcmus.edu.vn\/?page_id=246\" target=\"_blank\" rel=\"noopener\">T\u00f3m t\u1eaft v\u0103n b\u1ea3n<\/a>, <a href=\"http:\/\/www.clc.hcmus.edu.vn\/?page_id=1377\" target=\"_blank\" rel=\"noopener\">Khai kho\u00e1ng v\u0103n b\u1ea3n\/\u00fd ki\u1ebfn<\/a>, ph\u00e1t hi\u1ec7n \u0111\u1ea1o v\u0103n<\/li>\n<li>Ng\u00f4n ng\u1eef: Ng\u00f4n ng\u1eef h\u1ecdc So s\u00e1nh \u0111\u1ed1i chi\u1ebfu, D\u1ea1y ti\u1ebfng Vi\u1ec7t cho ng\u01b0\u1eddi n\u01b0\u1edbc ngo\u00e0i, d\u1ea1y ngo\u1ea1i ng\u1eef cho ng\u01b0\u1eddi Vi\u1ec7t<\/li>\n<li><a href=\"https:\/\/nhanthu.kimhannom.vn\/books?page=1\">\u1ee8ng d\u1ee5ng cho ng\u01b0\u1eddi khi\u1ebfm th\u1ecb<\/a>: D\u1ecbch ch\u1eef n\u1ed5i Braille, T\u1eeb \u0111i\u1ec3n ph\u00e1t \u00e2m, Ph\u1ea7n m\u1ec1m H\u1ecdc ti\u1ebfng Anh cho tr\u1ebb em<\/li>\n<\/ul>\n<\/li>\n<\/ol>\n","protected":false},"excerpt":{"rendered":"<p>&nbsp; X\u1eec L\u00dd T\u1ef0 \u0110\u1ed8NG V\u0102N B\u1ea2N H\u00c1N-N\u00d4M: Ch\u1eef N\u00f4m \u0111\u01b0\u1ee3c \u00f4ng cha ta s\u00e1ng t\u1ea1o ra d\u1ef1a tr\u00ean ch\u1eef [&hellip;]<\/p>\n","protected":false},"author":3,"featured_media":0,"parent":42,"menu_order":0,"comment_status":"closed","ping_status":"closed","template":"","meta":[],"_links":{"self":[{"href":"https:\/\/www.clc.hcmus.edu.vn\/index.php?rest_route=\/wp\/v2\/pages\/21"}],"collection":[{"href":"https:\/\/www.clc.hcmus.edu.vn\/index.php?rest_route=\/wp\/v2\/pages"}],"about":[{"href":"https:\/\/www.clc.hcmus.edu.vn\/index.php?rest_route=\/wp\/v2\/types\/page"}],"author":[{"embeddable":true,"href":"https:\/\/www.clc.hcmus.edu.vn\/index.php?rest_route=\/wp\/v2\/users\/3"}],"replies":[{"embeddable":true,"href":"https:\/\/www.clc.hcmus.edu.vn\/index.php?rest_route=%2Fwp%2Fv2%2Fcomments&post=21"}],"version-history":[{"count":49,"href":"https:\/\/www.clc.hcmus.edu.vn\/index.php?rest_route=\/wp\/v2\/pages\/21\/revisions"}],"predecessor-version":[{"id":3810,"href":"https:\/\/www.clc.hcmus.edu.vn\/index.php?rest_route=\/wp\/v2\/pages\/21\/revisions\/3810"}],"up":[{"embeddable":true,"href":"https:\/\/www.clc.hcmus.edu.vn\/index.php?rest_route=\/wp\/v2\/pages\/42"}],"wp:attachment":[{"href":"https:\/\/www.clc.hcmus.edu.vn\/index.php?rest_route=%2Fwp%2Fv2%2Fmedia&parent=21"}],"curies":[{"name":"wp","href":"https:\/\/api.w.org\/{rel}","templated":true}]}}