{"id":2131,"date":"2016-11-29T16:27:37","date_gmt":"2016-11-29T09:27:37","guid":{"rendered":"http:\/\/www.clc.hcmus.edu.vn\/?page_id=2131"},"modified":"2016-11-29T16:27:37","modified_gmt":"2016-11-29T09:27:37","slug":"xac-dinh-dao-van","status":"publish","type":"page","link":"https:\/\/www.clc.hcmus.edu.vn\/?page_id=2131","title":{"rendered":"X\u00e1c \u0111\u1ecbnh \u0111\u1ea1o v\u0103n"},"content":{"rendered":"<ol>\n<li style=\"text-align: justify;\"><strong>Gi\u1edbi thi\u1ec7u<\/strong>\n<div style=\"text-align: justify;\">Ng\u00e0y nay, v\u1edbi s\u1ef1 ph\u00e1t tri\u1ec3n m\u1ea1nh m\u1ebd c\u1ee7a C\u00f4ng ngh\u1ec7 Th\u00f4ng tin, v\u1ea5n \u0111\u1ec1 \u0111\u1ea1o v\u0103n \u0111ang ng\u00e0y c\u00e0ng tr\u1edf n\u00ean ph\u1ed5 bi\u1ebfn trong nhi\u1ec1u l\u0129nh v\u1ef1c c\u1ee7a \u0111\u1eddi s\u1ed1ng kh\u00f4ng ch\u1ec9 \u1edf Vi\u1ec7t Nam m\u00e0 tr\u00ean to\u00e0n th\u1ebf gi\u1edbi. B\u00ean c\u1ea1nh \u0111\u00f3, c\u00e1c \u1ee9ng d\u1ee5ng X\u1eed l\u00fd Ng\u00f4n ng\u1eef t\u1ef1 nhi\u00ean trong vi\u1ec7c ph\u00e1t hi\u1ec7n \u0111\u1ea1o v\u0103n \u0111\u00e3 v\u00e0 \u0111ang \u0111\u01b0\u1ee3c nghi\u00ean c\u1ee9u v\u00e0 c\u00f3 nhi\u1ec1u c\u1ea3i ti\u1ebfn trong nh\u1eefng n\u0103m g\u1ea7n \u0111\u00e2y. Tuy v\u1eady, c\u00e1c ph\u01b0\u01a1ng ph\u00e1p ph\u00e1t hi\u1ec7n \u0111\u1ea1o v\u0103n trong ti\u1ebfng Vi\u1ec7t m\u1edbi ch\u1ec9 d\u1eebng l\u1ea1i \u1edf m\u1ee9c ph\u00e1t hi\u1ec7n c\u00e1c sao ch\u00e9p nguy\u00ean v\u0103n ho\u1eb7c sao ch\u00e9p v\u00e0 c\u00f3 ch\u1ec9nh s\u1eeda kh\u00f4ng nhi\u1ec1u. H\u01a1n n\u1eefa, c\u00e1c c\u00f4ng c\u1ee5 ph\u00e1t hi\u1ec7n \u0111\u1ea1o v\u0103n n\u1ed5i ti\u1ebfng tr\u00ean th\u1ebf gi\u1edbi c\u0169ng kh\u00f4ng hi\u1ec7u qu\u1ea3 khi ph\u00e1t hi\u1ec7n \u0111\u1ea1o v\u0103n cho ti\u1ebfng Vi\u1ec7t, \u0111\u1eb7c bi\u1ec7t l\u00e0 tr\u01b0\u1eddng h\u1ee3p \u0111\u1ea1o v\u0103n theo d\u1ea1ng vi\u1ebft l\u1ea1i. Trong th\u1ef1c t\u1ebf, nh\u1eefng ng\u01b0\u1eddi vi ph\u1ea1m c\u00f3 th\u1ec3 \u0111\u1ea1o v\u0103n r\u1ea5t d\u1ec5 d\u00e0ng b\u1eb1ng c\u00e1ch vi\u1ebft l\u1ea1i c\u00e1c c\u00e2u s\u1eed d\u1ee5ng c\u00e1c t\u1eeb \u0111\u1ed3ng ngh\u0129a v\u00e0 g\u1ea7n ngh\u0129a [1].<\/div>\n<\/li>\n<li style=\"text-align: justify;\"><strong>Nghi\u00ean c\u1ee9u<\/strong>\n<div style=\"text-align: justify;\">\n<p>Nghi\u00ean c\u1ee9u c\u1ee7a ch\u00fang t\u00f4i t\u1eadp trung v\u00e0o c\u00e1c v\u1ea5n \u0111\u1ec1 sau:<\/p>\n<ul>\n<li>X\u00e1c \u0111\u1ecbnh \u0111\u1ea1o v\u0103n d\u1ea1ng sao ch\u00e9p nguy\u00ean v\u0103n kh\u00f4ng c\u00f3 ch\u1ec9nh s\u1eeda<\/li>\n<li>X\u00e1c \u0111\u1ecbnh \u0111\u1ea1o v\u0103n d\u1ea1ng sao ch\u00e9p nguy\u00ean v\u0103n c\u00f3 ch\u1ec9nh s\u1eeda<\/li>\n<li>X\u00e1c \u0111\u1ecbnh \u0111\u1ea1o v\u0103n d\u1ea1ng vi\u1ebft l\u1ea1i \u00fd<\/li>\n<li>H\u01b0\u1edbng ph\u00e1t tri\u1ec3n: x\u00e1c \u0111\u1ecbnh \u0111\u1ea1o v\u0103n xuy\u00ean ng\u1eef<\/li>\n<\/ul>\n<\/div>\n<\/li>\n<\/ol>\n<div style=\"text-align: justify;\">\n<p><strong>Tham kh\u1ea3o:<\/strong><\/p>\n<div>[1] Nguyen Le Thanh, Toan Nguyen Xuan and Dien Dinh, \u201cVietnamese plagiarism detection method\u201d, The Seventh International Symposium on Information and Communication Technology (SoICT &#8217;16), December 08-09, 2016, Hochiminh City, Vietnam, \u00a9 2016 ACM. ISBN 978-1-4503-4815-7\/16\/12<\/div>\n<\/div>\n","protected":false},"excerpt":{"rendered":"<p>Gi\u1edbi thi\u1ec7u Ng\u00e0y nay, v\u1edbi s\u1ef1 ph\u00e1t tri\u1ec3n m\u1ea1nh m\u1ebd c\u1ee7a C\u00f4ng ngh\u1ec7 Th\u00f4ng tin, v\u1ea5n \u0111\u1ec1 \u0111\u1ea1o v\u0103n \u0111ang [&hellip;]<\/p>\n","protected":false},"author":3,"featured_media":0,"parent":21,"menu_order":0,"comment_status":"closed","ping_status":"closed","template":"","meta":[],"_links":{"self":[{"href":"https:\/\/www.clc.hcmus.edu.vn\/index.php?rest_route=\/wp\/v2\/pages\/2131"}],"collection":[{"href":"https:\/\/www.clc.hcmus.edu.vn\/index.php?rest_route=\/wp\/v2\/pages"}],"about":[{"href":"https:\/\/www.clc.hcmus.edu.vn\/index.php?rest_route=\/wp\/v2\/types\/page"}],"author":[{"embeddable":true,"href":"https:\/\/www.clc.hcmus.edu.vn\/index.php?rest_route=\/wp\/v2\/users\/3"}],"replies":[{"embeddable":true,"href":"https:\/\/www.clc.hcmus.edu.vn\/index.php?rest_route=%2Fwp%2Fv2%2Fcomments&post=2131"}],"version-history":[{"count":1,"href":"https:\/\/www.clc.hcmus.edu.vn\/index.php?rest_route=\/wp\/v2\/pages\/2131\/revisions"}],"predecessor-version":[{"id":2133,"href":"https:\/\/www.clc.hcmus.edu.vn\/index.php?rest_route=\/wp\/v2\/pages\/2131\/revisions\/2133"}],"up":[{"embeddable":true,"href":"https:\/\/www.clc.hcmus.edu.vn\/index.php?rest_route=\/wp\/v2\/pages\/21"}],"wp:attachment":[{"href":"https:\/\/www.clc.hcmus.edu.vn\/index.php?rest_route=%2Fwp%2Fv2%2Fmedia&parent=2131"}],"curies":[{"name":"wp","href":"https:\/\/api.w.org\/{rel}","templated":true}]}}