{"id":226,"date":"2016-01-15T10:52:44","date_gmt":"2015-09-15T10:33:15","guid":{"rendered":"http:\/\/www.clc.hcmus.edu.vn\/?page_id=226"},"modified":"2015-11-30T08:54:04","modified_gmt":"2015-11-30T01:54:04","slug":"ngu-lieu","status":"publish","type":"page","link":"https:\/\/www.clc.hcmus.edu.vn\/?page_id=226","title":{"rendered":"Ng\u1eef Li\u1ec7u"},"content":{"rendered":"<ol>\n<li><strong><a href=\"http:\/\/www.clc.hcmus.edu.vn\/?page_id=1507\" target=\"_blank\">Th\u1ed1ng k\u00ea v\u00e0 khai th\u00e1c Kho Ng\u1eef li\u1ec7u ti\u1ebfng Vi\u1ec7t<\/a><\/strong><\/li>\n<li><strong><a href=\"http:\/\/www.clc.hcmus.edu.vn\/?page_id=1506\" target=\"_blank\">X\u00e2y d\u1ef1ng v\u00e0 khai th\u00e1c Kho Ng\u1eef li\u1ec7u Song ng\u1eef Anh-Vi\u1ec7t<\/a><\/strong><\/li>\n<\/ol>\n","protected":false},"excerpt":{"rendered":"<p>Th\u1ed1ng k\u00ea v\u00e0 khai th\u00e1c Kho Ng\u1eef li\u1ec7u ti\u1ebfng Vi\u1ec7t X\u00e2y d\u1ef1ng v\u00e0 khai th\u00e1c Kho Ng\u1eef li\u1ec7u Song ng\u1eef [&hellip;]<\/p>\n","protected":false},"author":3,"featured_media":0,"parent":21,"menu_order":0,"comment_status":"closed","ping_status":"closed","template":"","meta":[],"_links":{"self":[{"href":"https:\/\/www.clc.hcmus.edu.vn\/index.php?rest_route=\/wp\/v2\/pages\/226"}],"collection":[{"href":"https:\/\/www.clc.hcmus.edu.vn\/index.php?rest_route=\/wp\/v2\/pages"}],"about":[{"href":"https:\/\/www.clc.hcmus.edu.vn\/index.php?rest_route=\/wp\/v2\/types\/page"}],"author":[{"embeddable":true,"href":"https:\/\/www.clc.hcmus.edu.vn\/index.php?rest_route=\/wp\/v2\/users\/3"}],"replies":[{"embeddable":true,"href":"https:\/\/www.clc.hcmus.edu.vn\/index.php?rest_route=%2Fwp%2Fv2%2Fcomments&post=226"}],"version-history":[{"count":4,"href":"https:\/\/www.clc.hcmus.edu.vn\/index.php?rest_route=\/wp\/v2\/pages\/226\/revisions"}],"predecessor-version":[{"id":1551,"href":"https:\/\/www.clc.hcmus.edu.vn\/index.php?rest_route=\/wp\/v2\/pages\/226\/revisions\/1551"}],"up":[{"embeddable":true,"href":"https:\/\/www.clc.hcmus.edu.vn\/index.php?rest_route=\/wp\/v2\/pages\/21"}],"wp:attachment":[{"href":"https:\/\/www.clc.hcmus.edu.vn\/index.php?rest_route=%2Fwp%2Fv2%2Fmedia&parent=226"}],"curies":[{"name":"wp","href":"https:\/\/api.w.org\/{rel}","templated":true}]}}