{"id":237,"date":"2019-03-12T18:03:05","date_gmt":"2015-09-16T11:55:30","guid":{"rendered":"http:\/\/www.clc.hcmus.edu.vn\/?page_id=237"},"modified":"2016-08-19T09:45:01","modified_gmt":"2016-08-19T02:45:01","slug":"de-tai-du-an-2","status":"publish","type":"page","link":"https:\/\/www.clc.hcmus.edu.vn\/?page_id=237","title":{"rendered":"D\u1ef1 \u00e1n h\u1ee3p t\u00e1c qu\u1ed1c t\u1ebf"},"content":{"rendered":"<ol>\n<ol>\n<li><strong>T\u1eeb \u0111i\u1ec3n \u0111i\u1ec7n t\u1eed Kim T\u1eeb \u0110i\u1ec3n h\u1ee3p t\u00e1c v\u1edbi c\u00f4ng ty KimTuDien<\/strong><br \/>\n[slidercc id=&#8221;1914&#8243;]<\/li>\n<li><strong>T\u1eeb \u0111i\u1ec3n OALD Anh &#8211; Anh &#8211; Viet h\u1ee3p t\u00e1c v\u1edbi<\/strong>\u00a0<strong>Oxford University Press<\/strong><strong> (OUP)<\/strong><br \/>\n<a href=\"http:\/\/www.clc.hcmus.edu.vn\/wp-content\/uploads\/2015\/09\/OALD-2.png\"><img decoding=\"async\" loading=\"lazy\" class=\"size-full wp-image-134 alignnone\" src=\"http:\/\/www.clc.hcmus.edu.vn\/wp-content\/uploads\/2015\/09\/OALD-2.png\" alt=\"OALD 2\" width=\"500\" height=\"500\" srcset=\"https:\/\/www.clc.hcmus.edu.vn\/wp-content\/uploads\/2015\/09\/OALD-2.png 500w, https:\/\/www.clc.hcmus.edu.vn\/wp-content\/uploads\/2015\/09\/OALD-2-150x150.png 150w, https:\/\/www.clc.hcmus.edu.vn\/wp-content\/uploads\/2015\/09\/OALD-2-300x300.png 300w\" sizes=\"(max-width: 500px) 100vw, 500px\" \/><br \/>\n<\/a><\/li>\n<li><strong>Ng\u1eef li\u1ec7u song ng\u1eef Anh-Vi\u1ec7t, Hoa-Vi\u1ec7t h\u1ee3p t\u00e1c v\u1edbi\u00a0Institute for Infocomm Research (I2R)<\/strong><br \/>\n[slidercc id=&#8221;1933&#8243;]<\/li>\n<li><strong>Ng\u1eef li\u1ec7u song ng\u1eef H\u00e0n-Vi\u1ec7t h\u1ee3p t\u00e1c v\u1edbi Samsung Electronics<\/strong><\/li>\n<li><strong>Gi\u00e1m s\u00e1t th\u00f4ng tin \u0111a ng\u1eef h\u1ee3p t\u00e1c v\u1edbi NII<\/strong><\/li>\n<li><strong>Ph\u1ea7n m\u1ec1m in ch\u1eef Braille ti\u1ebfng Vi\u1ec7t (h\u1ee3p t\u00e1c v\u1edbi Nippon TeleSoft)<\/strong><br \/>\n[slidercc id=&#8221;1924&#8243;]<\/li>\n<li><strong>S\u1ea3n ph\u1ea9m cho ng\u01b0\u1eddi khi\u1ebfm th\u1ecb<\/strong><br \/>\n[slidercc id=&#8221;1917&#8243;]<\/li>\n<\/ol>\n<\/ol>\n","protected":false},"excerpt":{"rendered":"<p>T\u1eeb \u0111i\u1ec3n \u0111i\u1ec7n t\u1eed Kim T\u1eeb \u0110i\u1ec3n h\u1ee3p t\u00e1c v\u1edbi c\u00f4ng ty KimTuDien [slidercc id=&#8221;1914&#8243;] T\u1eeb \u0111i\u1ec3n OALD Anh &#8211; [&hellip;]<\/p>\n","protected":false},"author":3,"featured_media":0,"parent":42,"menu_order":0,"comment_status":"closed","ping_status":"closed","template":"","meta":[],"_links":{"self":[{"href":"https:\/\/www.clc.hcmus.edu.vn\/index.php?rest_route=\/wp\/v2\/pages\/237"}],"collection":[{"href":"https:\/\/www.clc.hcmus.edu.vn\/index.php?rest_route=\/wp\/v2\/pages"}],"about":[{"href":"https:\/\/www.clc.hcmus.edu.vn\/index.php?rest_route=\/wp\/v2\/types\/page"}],"author":[{"embeddable":true,"href":"https:\/\/www.clc.hcmus.edu.vn\/index.php?rest_route=\/wp\/v2\/users\/3"}],"replies":[{"embeddable":true,"href":"https:\/\/www.clc.hcmus.edu.vn\/index.php?rest_route=%2Fwp%2Fv2%2Fcomments&post=237"}],"version-history":[{"count":36,"href":"https:\/\/www.clc.hcmus.edu.vn\/index.php?rest_route=\/wp\/v2\/pages\/237\/revisions"}],"predecessor-version":[{"id":1949,"href":"https:\/\/www.clc.hcmus.edu.vn\/index.php?rest_route=\/wp\/v2\/pages\/237\/revisions\/1949"}],"up":[{"embeddable":true,"href":"https:\/\/www.clc.hcmus.edu.vn\/index.php?rest_route=\/wp\/v2\/pages\/42"}],"wp:attachment":[{"href":"https:\/\/www.clc.hcmus.edu.vn\/index.php?rest_route=%2Fwp%2Fv2%2Fmedia&parent=237"}],"curies":[{"name":"wp","href":"https:\/\/api.w.org\/{rel}","templated":true}]}}