{"id":27,"date":"2019-03-12T17:47:34","date_gmt":"2015-09-14T07:30:41","guid":{"rendered":"http:\/\/www.clc.hcmus.edu.vn\/?page_id=27"},"modified":"2025-06-07T20:14:09","modified_gmt":"2025-06-07T13:14:09","slug":"chuc-nang","status":"publish","type":"page","link":"https:\/\/www.clc.hcmus.edu.vn\/?page_id=27","title":{"rendered":"Ch\u1ee9c n\u0103ng"},"content":{"rendered":"<p style=\"text-align: justify;\">CLC l\u00e0 m\u1ed9t trung t\u00e2m thu\u1ed9c Khoa C\u00f4ng ngh\u1ec7 Th\u00f4ng tin c\u1ee7a Tr\u01b0\u1eddng \u0110\u1ea1i h\u1ecdc Khoa h\u1ecdc T\u1ef1 nhi\u00ean, \u0111\u01b0\u1ee3c k\u1ebft h\u1ee3p gi\u1eefa \u0111\u00e0o t\u1ea1o, nghi\u00ean c\u1ee9u v\u00e0 \u1ee9ng d\u1ee5ng \u0111\u1ec3 t\u1ea1o ra c\u00e1c s\u1ea3n ph\u1ea9m KHCN c\u00f3 \u00fd ngh\u0129a khoa h\u1ecdc v\u00e0 th\u1ef1c ti\u1ec5n nh\u1eb1m ph\u1ee5c v\u1ee5 hi\u1ec7u qu\u1ea3 cho nhu c\u1ea7u c\u1ee7a x\u00e3 h\u1ed9i. \u0110\u1ed3ng th\u1eddi c\u00f3 th\u1ec3 k\u00fd k\u1ebft h\u1ee3p \u0111\u1ed3ng, h\u1ee3p t\u00e1c, li\u00ean k\u1ebft v\u1edbi c\u00e1c \u0111\u01a1n v\u1ecb trong n\u01b0\u1edbc v\u00e0 qu\u1ed1c t\u1ebf.<\/p>\n<p style=\"text-align: justify;\">Th\u00f4ng qua ho\u1ea1t \u0111\u1ed9ng nghi\u00ean c\u1ee9u, \u0111\u00e0o t\u1ea1o, b\u1ed3i d\u01b0\u1ee1ng, Trung t\u00e2m s\u1ebd gi\u00fap t\u0103ng c\u01b0\u1eddng \u0111\u1ed9i ng\u0169 c\u00e1n b\u1ed9 \u0111\u1ea7u \u0111\u00e0n c\u00f3 n\u0103ng l\u1ef1c chuy\u00ean m\u00f4n v\u00e0 t\u1ed5 ch\u1ee9c. Trung t\u00e2m s\u1ebd l\u00e0 \u0111\u1ea7u m\u1ed1i thu h\u00fat c\u00e1c nh\u00e2n t\u00e0i trong v\u00e0 ngo\u00e0i n\u01b0\u1edbc \u0111\u1ec3 c\u00f3 th\u1ec3 gi\u1ea3i quy\u1ebft \u0111\u01b0\u1ee3c nh\u1eefng v\u1ea5n \u0111\u1ec1 l\u1edbn trong l\u0129nh v\u1ef1c Ng\u00f4n ng\u1eef h\u1ecdc T\u00ednh to\u00e1n, \u0111\u1ed3ng th\u1eddi th\u00fac \u0111\u1ea9y vi\u1ec7c h\u00ecnh th\u00e0nh c\u00e1c nh\u00f3m nghi\u00ean c\u1ee9u chuy\u00ean s\u00e2u trong giai \u0111o\u1ea1n 2015-2020 nh\u01b0: \u1ee9ng d\u1ee5ng Ng\u00f4n ng\u1eef h\u1ecdc\u00a0T\u00ednh to\u00e1n trong gi\u1ea3ng d\u1ea1y ti\u1ebfng Vi\u1ec7t cho ng\u01b0\u1eddi n\u01b0\u1edbc ngo\u00e0i, trong khai th\u00e1c v\u0103n b\u1ea3n (\u0111\u00e1nh gi\u00e1 s\u1ea3n ph\u1ea9m, t\u00f3m t\u1eaft v\u0103n b\u1ea3n, h\u1ed7 tr\u1ee3 ra quy\u1ebft \u0111\u1ecbnh), trong An ninh \u2013 ch\u00ednh tr\u1ecb (gi\u00e1m s\u00e1t th\u00f4ng tin),&#8230;<\/p>\n<p style=\"text-align: justify;\">C\u00e1c nhi\u1ec7m v\u1ee5 c\u1ee5 th\u1ec3 c\u1ee7a trung t\u00e2m bao g\u1ed3m:<\/p>\n<ul>\n<li style=\"text-align: justify;\">Nghi\u00ean c\u1ee9u c\u00e1c m\u00f4 h\u00ecnh, ph\u01b0\u01a1ng ph\u00e1p v\u00e0 k\u1ef9 thu\u1eadt ph\u00e2n t\u00edch Ng\u00f4n ng\u1eef \u0111\u1ec3 khai th\u00e1c, r\u00fat tr\u00edch th\u00f4ng tin t\u1eeb d\u1eef li\u1ec7u v\u0103n b\u1ea3n; khai th\u00e1c d\u1eef li\u1ec7u v\u0103n b\u1ea3n \u0111a ng\u1eef; \u1ee9ng\u00a0d\u1ee5ng Ng\u00f4n ng\u1eef h\u1ecdc T\u00ednh to\u00e1n trong vi\u1ec7c gi\u1ea3ng d\u1ea1y Ngo\u1ea1i ng\u1eef cho ng\u01b0\u1eddi Vi\u1ec7t, d\u1ea1y ti\u1ebfng Vi\u1ec7t cho ng\u01b0\u1eddi n\u01b0\u1edbc ngo\u00e0i; ph\u00e2n t\u00edch ng\u1eef li\u1ec7u l\u1edbn \u0111\u1ec3 ph\u1ee5c v\u1ee5 nhu c\u1ea7u gi\u00e1m s\u00e1t th\u00f4ng tin; th\u0103m d\u00f2 d\u01b0 lu\u1eadn x\u00e3 h\u1ed9i,\u2026<\/li>\n<li style=\"text-align: justify;\">X\u00e2y d\u1ef1ng c\u00e1c kho t\u00e0i nguy\u00ean c\u1ea7n thi\u1ebft \u0111\u1ec3 ph\u1ee5c v\u1ee5 cho ng\u00e0nh Ng\u00f4n ng\u1eef h\u1ecdc T\u00ednh to\u00e1n ti\u1ebfng Vi\u1ec7t \u0111\u01b0\u1ee3c ph\u00e1t tri\u1ec3n b\u1ec1n v\u1eefng, hi\u1ec7u qu\u1ea3.<\/li>\n<li style=\"text-align: justify;\">H\u1ee3p t\u00e1c v\u1edbi c\u00e1c c\u01a1 quan trong v\u00e0 ngo\u00e0i n\u01b0\u1edbc (doanh nghi\u1ec7p, vi\u1ec7n, tr\u01b0\u1eddng, trung t\u00e2m,\u2026) \u0111\u1ec3 \u1ee9ng d\u1ee5ng, chuy\u1ec3n giao c\u00e1c k\u1ebft qu\u1ea3 nghi\u00ean c\u1ee9u c\u1ee7a trung t\u00e2m.<\/li>\n<li style=\"text-align: justify;\">Tham gia c\u00e1c \u0111\u1ec1 t\u00e0i tr\u1ecdng \u0111i\u1ec3m c\u1ee7a \u0110HQG, c\u1ea5p Nh\u00e0 n\u01b0\u1edbc nh\u1eb1m gi\u1ea3i quy\u1ebft c\u00e1c v\u1ea5n \u0111\u1ec1 tr\u1ecdng y\u1ebfu c\u1ee7a qu\u1ed1c gia \u0111\u1eb7t ra \u0111\u1ed1i v\u1edbi KH&amp;CN (v\u00ed d\u1ee5: An ninh th\u00f4ng tin). C\u00f4ng b\u1ed1 c\u00e1c c\u00f4ng tr\u00ecnh khoa h\u1ecdc, c\u00e1c b\u00e0i b\u00e1o tr\u00ean c\u00e1c t\u1ea1p ch\u00ed qu\u1ed1c t\u1ebf uy t\u00edn, c\u00e1c s\u00e1ch tham kh\u1ea3o v\u00e0 \u1ea5n ph\u1ea9m khoa h\u1ecdc kh\u00e1c.<\/li>\n<li style=\"text-align: justify;\">Li\u00ean k\u1ebft \u0111\u00e0o t\u1ea1o v\u1edbi c\u00e1c \u0111\u01a1n v\u1ecb c\u00f3 gi\u1ea3ng d\u1ea1y v\u1ec1 ng\u00f4n ng\u1eef, ngo\u1ea1i ng\u1eef \u0111\u1ec3 d\u1ea1y c\u00e1c h\u1ecdc ph\u1ea7n v\u1ec1 Ng\u00f4n ng\u1eef h\u1ecdc T\u00ednh to\u00e1n, Ng\u00f4n ng\u1eef h\u1ecdc Ng\u1eef li\u1ec7u (Corpus &#8211; Linguistics), Ng\u00f4n ng\u1eef h\u1ecdc Th\u1ed1ng k\u00ea (Statistic &#8211; Linguistics), &#8230;<\/li>\n<li style=\"text-align: justify;\">Thu th\u1eadp, gi\u00e1m s\u00e1t, kh\u1ea3o s\u00e1t th\u00f4ng tin t\u1ef1 \u0111\u1ed9ng (t\u1eeb Internet, kho ng\u1eef li\u1ec7u, m\u1ea1ng x\u00e3 h\u1ed9i,&#8230;) theo \u0111\u01a1n \u0111\u1eb7t h\u00e0ng. Th\u1ef1c hi\u1ec7n d\u1ecbch v\u1ee5 t\u01b0 v\u1ea5n c\u00e1c v\u1ea5n \u0111\u1ec1 li\u00ean quan \u0111\u1ebfn Ng\u00f4n ng\u1eef h\u1ecdc T\u00ednh to\u00e1n.<\/li>\n<\/ul>\n","protected":false},"excerpt":{"rendered":"<p>CLC l\u00e0 m\u1ed9t trung t\u00e2m thu\u1ed9c Khoa C\u00f4ng ngh\u1ec7 Th\u00f4ng tin c\u1ee7a Tr\u01b0\u1eddng \u0110\u1ea1i h\u1ecdc Khoa h\u1ecdc T\u1ef1 nhi\u00ean, \u0111\u01b0\u1ee3c [&hellip;]<\/p>\n","protected":false},"author":3,"featured_media":0,"parent":376,"menu_order":0,"comment_status":"closed","ping_status":"closed","template":"","meta":[],"_links":{"self":[{"href":"https:\/\/www.clc.hcmus.edu.vn\/index.php?rest_route=\/wp\/v2\/pages\/27"}],"collection":[{"href":"https:\/\/www.clc.hcmus.edu.vn\/index.php?rest_route=\/wp\/v2\/pages"}],"about":[{"href":"https:\/\/www.clc.hcmus.edu.vn\/index.php?rest_route=\/wp\/v2\/types\/page"}],"author":[{"embeddable":true,"href":"https:\/\/www.clc.hcmus.edu.vn\/index.php?rest_route=\/wp\/v2\/users\/3"}],"replies":[{"embeddable":true,"href":"https:\/\/www.clc.hcmus.edu.vn\/index.php?rest_route=%2Fwp%2Fv2%2Fcomments&post=27"}],"version-history":[{"count":13,"href":"https:\/\/www.clc.hcmus.edu.vn\/index.php?rest_route=\/wp\/v2\/pages\/27\/revisions"}],"predecessor-version":[{"id":3580,"href":"https:\/\/www.clc.hcmus.edu.vn\/index.php?rest_route=\/wp\/v2\/pages\/27\/revisions\/3580"}],"up":[{"embeddable":true,"href":"https:\/\/www.clc.hcmus.edu.vn\/index.php?rest_route=\/wp\/v2\/pages\/376"}],"wp:attachment":[{"href":"https:\/\/www.clc.hcmus.edu.vn\/index.php?rest_route=%2Fwp%2Fv2%2Fmedia&parent=27"}],"curies":[{"name":"wp","href":"https:\/\/api.w.org\/{rel}","templated":true}]}}