{"id":2778,"date":"2018-07-06T11:20:02","date_gmt":"2018-07-06T04:08:01","guid":{"rendered":"http:\/\/www.clc.hcmus.edu.vn\/?page_id=2778"},"modified":"2018-07-06T11:13:25","modified_gmt":"2018-07-06T04:13:25","slug":"do-do-phong-cach","status":"publish","type":"page","link":"https:\/\/www.clc.hcmus.edu.vn\/?page_id=2778","title":{"rendered":"\u0110\u1ed9 \u0111o phong c\u00e1ch"},"content":{"rendered":"<ol>\n<li style=\"text-align: justify;\"><strong>Gi\u1edbi thi\u1ec7u<\/strong>\n<div style=\"text-align: justify;\">V\u1edbi s\u1ef1 ph\u00e1t tri\u1ec3n l\u1edbn m\u1ea1nh c\u1ee7a c\u00f4ng ngh\u1ec7 hi\u1ec7n t\u1ea1i, con ng\u01b0\u1eddi ng\u00e0y c\u00e0ng c\u00f3 nhi\u1ec1u c\u01a1 h\u1ed9i \u0111\u1ec3 t\u0103ng v\u1ed1n tri th\u1ee9c cho ch\u00ednh m\u00ecnh. Qua \u0111\u00f3, ng\u00e0y c\u00e0ng nhi\u1ec1u c\u00e1c v\u0103n b\u1ea3n \u0111\u01b0\u1ee3c xu\u1ea5t hi\u1ec7n r\u1ea5t \u0111a d\u1ea1ng d\u01b0\u1edbi c\u00e1c h\u00ecnh th\u1ee9c phong c\u00e1ch kh\u00e1c nhau. Nh\u1eefng n\u0103m g\u1ea7n \u0111\u00e2y, m\u1ed9t s\u1ed1 nh\u00f3m khoa h\u1ecdc \u0111\u00e3 b\u1eaft \u0111\u1ea7u c\u00e1c nghi\u00ean c\u1ee9u nh\u1eb1m \u0111\u01b0a ra c\u00e1c th\u1ed1ng k\u00ea v\u1ec1 phong c\u00e1ch vi\u1ebft c\u00e1 nh\u00e2n.<\/div>\n<div style=\"text-align: justify;\">\u0110\u1ed9 \u0111o phong c\u00e1ch l\u00e0 d\u1ea1ng ph\u00e2n t\u00edch \u0111\u1ecbnh l\u01b0\u1ee3ng nh\u1eb1m n\u1eafm b\u1eaft b\u1ea3n ch\u1ea5t trong phong c\u00e1ch vi\u1ebft c\u1ee7a m\u1ed9t t\u00e1c gi\u1ea3 c\u1ee5 th\u1ec3 [1], ch\u1eb3ng h\u1ea1n nh\u01b0 c\u00e1ch s\u1eed d\u1ee5ng k\u00fd hi\u1ec7u, k\u00fd s\u1ed1, \u0111\u1ed9 phong ph\u00fa c\u1ee7a t\u1eeb v\u1ef1ng, v.v. \u1ee8ng d\u1ee5ng c\u1ee7a \u0111\u1ed9 \u0111o phong c\u00e1ch r\u1ea5t \u0111a d\u1ea1ng v\u00e0 ng\u00e0y c\u00e0ng ph\u00e1t tri\u1ec3n, c\u00f3 th\u1ec3 k\u1ec3 t\u1edbi nh\u01b0: vi\u1ec7c ki\u1ec3m tra v\u0103n b\u1ea3n thu\u1ed9c t\u00e1c gi\u1ea3 n\u00e0o, qu\u00e1 tr\u00ecnh \u0111i\u1ec1u tra kh\u00e1m nghi\u1ec7m, hay thu th\u1eadp th\u00f4ng tin v\u1ec1 t\u00e1c gi\u1ea3 trong v\u0103n b\u1ea3n,&hellip; T\u1eeb m\u1ed9t th\u00ed nghi\u1ec7m th\u1ef1c t\u1ebf, David Robinson \u0111\u00e3 thu nh\u1eadp c\u00e1c b\u00e0i tweet c\u1ee7a Donald Trump v\u00e0 d\u00f9ng n\u00f3 \u0111\u1ec3 x\u00e1c \u0111\u1ecbnh b\u00e0i tweet n\u00e0o l\u00e0 th\u1eadt do ch\u00ednh \u00f4ng \u1ea5y vi\u1ebft hay do nh\u00e2n vi\u00ean c\u1ee7a \u00f4ng \u1ea5y.<\/div>\n<div style=\"text-align: justify;\">\n\t\tNhi\u1ec7m v\u1ee5 c\u1ee7a \u0111\u1ed9 \u0111o phong c\u00e1ch c\u00f3 th\u1ec3 \u0111\u01b0\u1ee3c chia th\u00e0nh 05 d\u1ea1ng:<\/p>\n<ul>\n<li>Quy g\u00e1n t\u00e1c gi\u1ea3<\/li>\n<li>X\u00e1c nh\u1eadn t\u00e1c gi\u1ea3<\/li>\n<li>L\u1eadp h\u1ed3 s\u01a1 t\u00e1c gi\u1ea3<\/li>\n<li>\u0110o phong c\u00e1ch theo th\u1eddi gian<\/li>\n<li>Bi\u1ebfn h\u00f3a phong c\u00e1ch<\/li>\n<\/ul><\/div>\n<div style=\"text-align: justify;\">Nh\u1eadn th\u1ea5y c\u00e1c nghi\u00ean c\u1ee9u v\u1ec1 \u0111\u1ed9 \u0111o phong c\u00e1ch t\u1ea1i Vi\u1ec7t Nam v\u1eabn c\u00f2n l\u00e0 m\u1ed9t l\u0129nh v\u1ef1c m\u1edbi v\u00e0 ch\u01b0a nh\u1eadn \u0111\u01b0\u1ee3c s\u1ef1 quan t\u00e2m th\u1ecfa \u0111\u00e1ng, ch\u00fang t\u00f4i \u0111\u00e3 b\u1eaft \u0111\u1ea7u t\u1ed5 ch\u1ee9c nghi\u00ean c\u1ee9u, th\u1ef1c nghi\u1ec7m c\u00e1c ph\u01b0\u01a1ng ph\u00e1p th\u1ed1ng k\u00ea \u1edf c\u00e1c c\u1ea5p \u0111\u1ed9: k\u00fd t\u1ef1, t\u1eeb, c\u00fa ph\u00e1p,&hellip;<\/div>\n<\/li>\n<li style=\"text-align: justify;\"><strong>Nghi\u00ean c\u1ee9u<\/strong>\n<div style=\"text-align: justify;\">Hi\u1ec7n nay, ch\u00fang t\u00f4i \u0111ang nghi\u00ean c\u1ee9u 03 nhi\u00eam v\u1ee5 \u0111\u1ea7u ti\u00ean trong s\u1ed1 c\u00e1c nhi\u1ec7m v\u1ee5 \u0111\u00e3 n\u00eau tr\u00ean c\u1ee7a \u0111\u1ed9 phong c\u00e1ch, \u0111\u00f3 l\u00e0: quy g\u00e1n t\u00e1c gi\u1ea3, x\u00e1c nh\u1eadn t\u00e1c gi\u1ea3 v\u00e0 l\u1eadp h\u1ed3 s\u01a1 t\u00e1c gi\u1ea3.<\/div>\n<div style=\"text-align: justify;\">\u0110\u1ed1i v\u1edbi nhi\u1ec7m v\u1ee5 l\u1eadp h\u1ed3 s\u01a1 t\u00e1c gi\u1ea3, ch\u00fang t\u00f4i c\u0169ng nghi\u00ean c\u1ee9u s\u00e2u v\u1ec1 s\u1ef1 kh\u00e1c bi\u1ec7t gi\u1eefa nam v\u00e0 n\u1eef trong phong c\u00e1ch vi\u1ebft c\u00e1 nh\u00e2n[2]. \u0110\u00e2y l\u00e0 m\u1ed9t ch\u1ee7 \u0111\u1ec1 \u0111\u00e3 v\u00e0 \u0111ang nh\u1eadn \u0111\u01b0\u1ee3c r\u1ea5t nhi\u1ec1u s\u1ef1 quan t\u00e2m tr\u00ean to\u00e0n th\u1ebf gi\u1edbi.<\/div>\n<\/li>\n<\/ol>\n<div style=\"text-align: justify;\">\n\t<strong>Tham kh\u1ea3o:<\/strong><\/p>\n<div>[1] Mouton de Gruyter, \u201cCorpus Linguistics\u201d, Chapter 50<\/div>\n<div>[2] Nhung Nguyen Tuyet, Duc Do Tran Anh, Dien Dinh, \u201c\u0110\u1ed9 \u0111o phong c\u00e1ch c\u1ee7a v\u0103n b\u1ea3n ti\u1ebfng Vi\u1ec7t v\u00e0 \u1ee9ng d\u1ee5ng\u201d, 2017<\/div>\n<\/div>\n","protected":false},"excerpt":{"rendered":"<p>Gi\u1edbi thi\u1ec7u V\u1edbi s\u1ef1 ph\u00e1t tri\u1ec3n l\u1edbn m\u1ea1nh c\u1ee7a c\u00f4ng ngh\u1ec7 hi\u1ec7n t\u1ea1i, con ng\u01b0\u1eddi ng\u00e0y c\u00e0ng c\u00f3 nhi\u1ec1u c\u01a1 [&hellip;]<\/p>\n","protected":false},"author":3,"featured_media":0,"parent":21,"menu_order":0,"comment_status":"closed","ping_status":"closed","template":"","meta":[],"_links":{"self":[{"href":"https:\/\/www.clc.hcmus.edu.vn\/index.php?rest_route=\/wp\/v2\/pages\/2778"}],"collection":[{"href":"https:\/\/www.clc.hcmus.edu.vn\/index.php?rest_route=\/wp\/v2\/pages"}],"about":[{"href":"https:\/\/www.clc.hcmus.edu.vn\/index.php?rest_route=\/wp\/v2\/types\/page"}],"author":[{"embeddable":true,"href":"https:\/\/www.clc.hcmus.edu.vn\/index.php?rest_route=\/wp\/v2\/users\/3"}],"replies":[{"embeddable":true,"href":"https:\/\/www.clc.hcmus.edu.vn\/index.php?rest_route=%2Fwp%2Fv2%2Fcomments&post=2778"}],"version-history":[{"count":4,"href":"https:\/\/www.clc.hcmus.edu.vn\/index.php?rest_route=\/wp\/v2\/pages\/2778\/revisions"}],"predecessor-version":[{"id":2782,"href":"https:\/\/www.clc.hcmus.edu.vn\/index.php?rest_route=\/wp\/v2\/pages\/2778\/revisions\/2782"}],"up":[{"embeddable":true,"href":"https:\/\/www.clc.hcmus.edu.vn\/index.php?rest_route=\/wp\/v2\/pages\/21"}],"wp:attachment":[{"href":"https:\/\/www.clc.hcmus.edu.vn\/index.php?rest_route=%2Fwp%2Fv2%2Fmedia&parent=2778"}],"curies":[{"name":"wp","href":"https:\/\/api.w.org\/{rel}","templated":true}]}}