{"id":2899,"date":"2019-03-12T17:40:36","date_gmt":"2015-09-14T07:27:12","guid":{"rendered":"http:\/\/www.clc.hcmus.edu.vn\/?page_id=2899"},"modified":"2025-11-11T21:05:25","modified_gmt":"2025-11-11T14:05:25","slug":"%e3%82%b9%e3%82%bf%e3%83%83%e3%83%95","status":"publish","type":"page","link":"https:\/\/www.clc.hcmus.edu.vn\/?page_id=2899&lang=ja","title":{"rendered":"\u30b9\u30bf\u30c3\u30d5"},"content":{"rendered":"<div>\n<div style=\"text-align: justify; padding-left: 30px;\">\n<div style=\"display: inline-block; vertical-align: top;\"><\/div>\n<\/div>\n<div>\n<p><strong>\u7406\u4e8b\u4f1a:<\/strong><\/p>\n<div style=\"text-align: justify; padding-left: 30px;\">\n<div style=\"display: inline-block;\"><a href=\"\/ddien\/\"><img decoding=\"async\" loading=\"lazy\" class=\"wp-image-685 alignleft\" src=\"http:\/\/www.clc.hcmus.edu.vn\/wp-content\/uploads\/2015\/09\/ddien1.jpg\" alt=\"Associate Professor Dr. Dinh Dien\" width=\"90\" height=\"90\" \/><\/a><\/div>\n<div style=\"display: inline-block; vertical-align: top;\"><strong>\u7406\u4e8b:<\/strong><br \/>\n<strong><a href=\"https:\/\/www.clc.hcmus.edu.vn\/ddien\/\">Dinh Dien\uff08\u30c7\u30a3\u30f3\u30fb\u30c7\u30a3\u30a8\u30f3\uff09\uff08\u526f\u6559\u6388\u30fb\u535a\u58eb\uff09<\/a><\/strong><br \/>\n\u5c02\u653b: \u60c5\u5831\u6280\u8853\u3001\u8a00\u8a9e\u5b66<br \/>\n\u6240\u5c5e: \u30db\u30fc\u30c1\u30df\u30f3\u5e02\u79d1\u5b66\u5927\u5b66 \u60c5\u5831\u6280\u8853\u5b66\u90e8<\/div>\n<\/div>\n<\/div>\n<\/div>\n<hr \/>\n<div style=\"text-align: justify; padding-left: 30px;\">\n<div style=\"display: inline-block;\"><\/div>\n<\/div>\n<div><\/div>\n<div>\n<p style=\"text-align: justify;\"><strong>\u9867\u554f\u59d4\u54e1\u4f1a:<\/strong><\/p>\n<div style=\"text-align: justify; padding-left: 30px;\">\n<div style=\"display: inline-block;\"><a href=\"http:\/\/www.clc.hcmus.edu.vn\/wp-content\/uploads\/2015\/09\/GS.VS_.TSKH_.-Tran-Ngoc-Them.png\"><img decoding=\"async\" loading=\"lazy\" class=\"size-thumbnail wp-image-103 alignleft\" src=\"http:\/\/www.clc.hcmus.edu.vn\/wp-content\/uploads\/2015\/09\/GS.VS_.TSKH_.-Tran-Ngoc-Them-150x150.png\" alt=\"GS.VS.TSKH. Tran Ngoc Them\" width=\"90\" height=\"90\" \/><\/a><strong>Tran Ngoc Them\uff08\u30c1\u30e3\u30f3\u30fb\u30b4\u30c3\u30af\u30fb\u30c6\u30e0\uff09\uff08\u6559\u6388\u30fb\u9662\u58eb\u30fb\u79d1\u5b66\u535a\u58eb\uff09<\/strong><br \/>\n\u5c02\u653b: \u8a00\u8a9e\u5b66\u3001\u6587\u5316\u5b66<br \/>\n\u6240\u5c5e: \u30db\u30fc\u30c1\u30df\u30f3\u5e02\u793e\u4f1a\u79d1\u5b66\u30fb\u4eba\u6587\u5927\u5b66 \u6587\u5316\u5b66\u90e8<\/div>\n<\/div>\n<div style=\"text-align: justify; padding-left: 30px;\">\n<div style=\"display: inline-block;\"><a href=\"http:\/\/www.clc.hcmus.edu.vn\/wp-content\/uploads\/2015\/09\/GS.TS_.-Nguyen-Duc-Dan.jpg\"><img decoding=\"async\" loading=\"lazy\" class=\"size-thumbnail wp-image-105 alignleft\" src=\"http:\/\/www.clc.hcmus.edu.vn\/wp-content\/uploads\/2015\/09\/GS.TS_.-Nguyen-Duc-Dan-150x150.jpg\" alt=\"GS.TS. Nguyen Duc Dan\" width=\"90\" height=\"90\" \/><\/a><strong>Nguyen Duc Dan\uff08\u30b0\u30a8\u30f3\u30fb\u30c9\u30a5\u30c3\u30af\u30fb\u30c0\u30f3\uff09\uff08\u6559\u6388\u30fb\u535a\u58eb\uff09<\/strong><br \/>\n\u5c02\u653b: \u8a00\u8a9e\u5b66<br \/>\n\u6240\u5c5e: \u30db\u30fc\u30c1\u30df\u30f3\u5e02\u793e\u4f1a\u79d1\u5b66\u30fb\u4eba\u6587\u5927\u5b66 \u6587\u5b66\u30fb\u8a00\u8a9e\u5b66\u90e8<\/div>\n<\/div>\n<div style=\"text-align: justify; padding-left: 30px;\">\n<div style=\"display: inline-block;\"><a href=\"http:\/\/www.clc.hcmus.edu.vn\/wp-content\/uploads\/2015\/09\/GS.TS_.-Eduard-Hovy.png\"><img decoding=\"async\" loading=\"lazy\" class=\"size-thumbnail wp-image-104 alignleft\" src=\"http:\/\/www.clc.hcmus.edu.vn\/wp-content\/uploads\/2015\/09\/GS.TS_.-Eduard-Hovy-150x150.png\" alt=\"GS.TS. Eduard Hovy\" width=\"90\" height=\"90\" \/><\/a><\/div>\n<div style=\"display: inline-block; vertical-align: top;\"><strong>Eduard Hovy\uff08\u30a8\u30c9\u30ef\u30fc\u30c9\u30fb\u30db\u30f4\u30a3\uff09\uff08\u6559\u6388\u30fb\u535a\u58eb\uff09<\/strong><br \/>\n\u5c02\u653b: \u60c5\u5831\u6280\u8853<br \/>\n\u6240\u5c5e: Carnegie Mellon University\u3001\u8a00\u8a9e\u79d1\u5b66\u9662\uff08\u30a2\u30e1\u30ea\u30ab\uff09<\/p>\n<div><\/div>\n<\/div>\n<\/div>\n<hr \/>\n<p><strong>\u7814\u7a76\u30c1\u30fc\u30e0:<\/strong><\/p>\n<div style=\"text-align: justify; padding-left: 30px;\">\n<div style=\"display: inline-block;\"><strong><a href=\"http:\/\/www.clc.hcmus.edu.vn\/wp-content\/uploads\/2015\/10\/vinhla1.jpg\"><img decoding=\"async\" loading=\"lazy\" class=\"size-thumbnail wp-image-106 alignleft\" src=\"http:\/\/www.clc.hcmus.edu.vn\/wp-content\/uploads\/2015\/10\/vinhla1.jpg\" alt=\"TS. L\u01b0\u01a1ng An Vinh\" width=\"90\" height=\"90\" \/><\/a><\/strong><\/div>\n<div style=\"display: inline-block; vertical-align: top;\"><strong data-start=\"728\" data-end=\"757\">Luong An Vinh\uff08\u30eb\u30aa\u30f3\u30fb\u30a2\u30f3\u30fb\u30f4\u30a3\u30f3\uff09<\/strong>\uff08\u535a\u58eb\uff09<br \/>\n\u5c02\u653b: \u60c5\u5831\u6280\u8853<br \/>\n\u6240\u5c5e: \u30b5\u30a4\u30b4\u30f3\u5de5\u79d1\u5927\u5b66 \u60c5\u5831\u6280\u8853\u5b66\u90e8<\/div>\n<\/div>\n<div style=\"text-align: justify; padding-left: 30px;\">\n<div style=\"display: inline-block;\"><strong><a href=\"http:\/\/www.clc.hcmus.edu.vn\/wp-content\/uploads\/2020\/06\/longnhb.jpg\"><img decoding=\"async\" loading=\"lazy\" class=\"size-thumbnail wp-image-106 alignleft\" src=\"http:\/\/www.clc.hcmus.edu.vn\/wp-content\/uploads\/2020\/06\/longnhb.jpg\" alt=\"TS. Nguy\u1ec5n H\u1ed3ng B\u1eedu Long\" width=\"90\" height=\"90\" \/><\/a><\/strong><\/div>\n<div style=\"display: inline-block; vertical-align: top;\"><strong data-start=\"806\" data-end=\"844\">Nguyen Hong Buu Long\uff08\u30b0\u30a8\u30f3\u30fb\u30db\u30f3\u30fb\u30d6\u30fc\u30fb\u30ed\u30f3\uff09<\/strong>\uff08\u535a\u58eb\uff09<br \/>\n\u5c02\u653b: \u60c5\u5831\u6280\u8853<br \/>\n\u6240\u5c5e: \u30db\u30fc\u30c1\u30df\u30f3\u5e02\u79d1\u5b66\u5927\u5b66 \u60c5\u5831\u6280\u8853\u5b66\u90e8<\/div>\n<\/div>\n<div style=\"text-align: justify; padding-left: 30px;\">\n<div style=\"display: inline-block;\"><a href=\"https:\/\/www.clc.hcmus.edu.vn\/wp-content\/uploads\/2019\/03\/PTMTrang.png\"><img decoding=\"async\" loading=\"lazy\" class=\"size-thumbnail wp-image-106 alignleft\" src=\"https:\/\/www.clc.hcmus.edu.vn\/wp-content\/uploads\/2019\/03\/PTMTrang.png\" alt=\"NCS. L\u00ea Th\u00e0nh Nguy\u00ean\" width=\"90\" height=\"90\" \/><\/a><\/div>\n<div style=\"display: inline-block; vertical-align: top;\"><strong data-start=\"897\" data-end=\"933\">Phan Thi My Trang\uff08\u30d5\u30a1\u30f3\u30fb\u30c6\u30a3\u30fb\u30df\u30fc\u30fb\u30c1\u30e3\u30f3\uff09<\/strong>\uff08\u535a\u58eb\u8ab2\u7a0b\u5b66\u751f\uff09<br \/>\n\u5c02\u653b: \u8a00\u8a9e\u5b66\u3001\u82f1\u8a9e<br \/>\n\u6240\u5c5e: \u30b5\u30a4\u30b4\u30f3\u5de5\u79d1\u5927\u5b66 \u57fa\u790e\u79d1\u5b66\u5b66\u90e8<\/div>\n<\/div>\n<div style=\"text-align: justify; padding-left: 30px;\"><\/div>\n<hr \/>\n<p><strong>\u5171\u540c\u7814\u7a76\u8005<\/strong>:<\/p>\n<div style=\"text-align: justify; padding-left: 30px;\">\n<ol>\n<li><strong data-start=\"1031\" data-end=\"1064\">Nghiem Quoc Minh\uff08\u30b0\u30a8\u30e0\u30fb\u30af\u30aa\u30c3\u30af\u30fb\u30df\u30f3\uff09<\/strong>\uff08\u535a\u58eb\uff09<br \/>\n\u5c02\u653b: \u60c5\u5831\u6280\u8853<br \/>\n\u6240\u5c5e: \u30db\u30fc\u30c1\u30df\u30f3\u5e02\u79d1\u5b66\u5927\u5b66 \u60c5\u5831\u6280\u8853\u5b66\u90e8<\/li>\n<li><strong data-start=\"1117\" data-end=\"1156\">Nguyen Thi Hong Nhung\uff08\u30b0\u30a8\u30f3\u30fb\u30c6\u30a3\u30fb\u30db\u30f3\u30fb\u30cc\u30f3\uff09<\/strong>\uff08\u535a\u58eb\uff09<br \/>\n\u5c02\u653b: \u60c5\u5831\u6280\u8853<br \/>\n\u6240\u5c5e: \u30db\u30fc\u30c1\u30df\u30f3\u5e02\u79d1\u5b66\u5927\u5b66 \u60c5\u5831\u6280\u8853\u5b66\u90e8<\/li>\n<li><strong data-start=\"1209\" data-end=\"1235\">Van Chi Nam\uff08\u30f4\u30a1\u30f3\u30fb\u30c1\u30fc\u30fb\u30ca\u30e0\uff09<\/strong>\uff08\u4fee\u58eb\uff09<br \/>\n\u5c02\u653b: \u60c5\u5831\u6280\u8853<br \/>\n\u6240\u5c5e: \u30db\u30fc\u30c1\u30df\u30f3\u5e02\u79d1\u5b66\u5927\u5b66 \u60c5\u5831\u6280\u8853\u5b66\u90e8<\/li>\n<li><strong data-start=\"1288\" data-end=\"1328\">Nguyen Thi Nhu Diep\uff08\u30b0\u30a8\u30f3\u30fb\u30c6\u30a3\u30fb\u30cb\u30e5\u30fb\u30c7\u30a3\u30a8\u30c3\u30d7\uff09<\/strong>\uff08\u535a\u58eb\uff09<br \/>\n\u5c02\u653b: \u8a00\u8a9e\u5b66\u3001\u82f1\u8a9e<br \/>\n\u6240\u5c5e: \u30d9\u30c8\u30ca\u30e0\u822a\u7a7a\u5b66\u9662 \u5916\u56fd\u8a9e\u5b66\u90e8<\/li>\n<li><strong data-start=\"1378\" data-end=\"1412\">Tran Le Tam Linh\uff08\u30c1\u30e3\u30f3\u30fb\u30ec\u30fc\u30fb\u30bf\u30e0\u30fb\u30ea\u30f3\uff09<\/strong>\uff08\u535a\u58eb\uff09<br \/>\n\u5c02\u653b: \u8a00\u8a9e\u5b66\u3001\u82f1\u8a9e<br \/>\n\u6240\u5c5e: \u30d9\u30c8\u30ca\u30e0\u822a\u7a7a\u5b66\u9662 \u5916\u56fd\u8a9e\u5b66\u90e8<\/li>\n<li><strong data-start=\"1462\" data-end=\"1496\">Tran Thanh Phuoc\uff08\u30c1\u30e3\u30f3\u30fb\u30bf\u30a4\u30f3\u30fb\u30d5\u30aa\u30c3\u30af\uff09<\/strong>\uff08\u535a\u58eb\uff09<br \/>\n\u5c02\u653b: \u60c5\u5831\u6280\u8853<br \/>\n\u6240\u5c5e: \u30c8\u30f3\u30c9\u30a5\u30af\u30bf\u30f3\u5927\u5b66 \u60c5\u5831\u6280\u8853\u5b66\u90e8<\/li>\n<li><strong data-start=\"1546\" data-end=\"1575\">Le Khac Cuong\uff08\u30ec\u30fc\u30fb\u30ab\u30c3\u30af\u30fb\u30af\u30aa\u30f3\uff09<\/strong>\uff08\u526f\u6559\u6388\u30fb\u535a\u58eb\uff09<br \/>\n\u5c02\u653b: \u8a00\u8a9e\u5b66\u3001\u30b9\u30c6\u30a3\u30a8\u30f3\u8a9e<br \/>\n\u6240\u5c5e: \u30db\u30fc\u30c1\u30df\u30f3\u5e02\u793e\u4f1a\u79d1\u5b66\u30fb\u4eba\u6587\u5927\u5b66 \u30d9\u30c8\u30ca\u30e0\u5b66\u90e8<\/li>\n<li><strong data-start=\"1641\" data-end=\"1684\">Nguyen Thi Phuong Trang\uff08\u30b0\u30a8\u30f3\u30fb\u30c6\u30a3\u30fb\u30d5\u30a9\u30f3\u30fb\u30c1\u30e3\u30f3\uff09<\/strong>\uff08\u526f\u6559\u6388\u30fb\u535a\u58eb\uff09<br \/>\n\u5c02\u653b: \u8a00\u8a9e\u5b66<br \/>\n\u6240\u5c5e: \u30db\u30fc\u30c1\u30df\u30f3\u5e02\u793e\u4f1a\u79d1\u5b66\u30fb\u4eba\u6587\u5927\u5b66 \u30b8\u30e3\u30fc\u30ca\u30ea\u30ba\u30e0\u5b66\u90e8<\/li>\n<li><strong data-start=\"1746\" data-end=\"1777\">Tran Thuy Vinh\uff08\u30c1\u30e3\u30f3\u30fb\u30c8\u30a5\u30a4\u30fb\u30f4\u30a3\u30f3\uff09<\/strong>\uff08\u526f\u6559\u6388\u30fb\u535a\u58eb\uff09<br \/>\n\u5c02\u653b: \u8a00\u8a9e\u5b66<br \/>\n\u6240\u5c5e: \u30db\u30fc\u30c1\u30df\u30f3\u5e02\u793e\u4f1a\u79d1\u5b66\u30fb\u4eba\u6587\u5927\u5b66 \u30d9\u30c8\u30ca\u30e0\u5b66\u90e8<\/li>\n<li><strong data-start=\"1836\" data-end=\"1875\">Nguyen Luu Thuy Ngan\uff08\u30b0\u30a8\u30f3\u30fb\u30eb\u30a6\u30fb\u30c8\u30a5\u30a4\u30fb\u30ac\u30f3\uff09<\/strong>\uff08\u526f\u6559\u6388\u30fb\u535a\u58eb\uff09<br \/>\n\u5c02\u653b: \u60c5\u5831\u6280\u8853\u3001\u65e5\u672c\u8a9e<br \/>\n\u6240\u5c5e: \u30db\u30fc\u30c1\u30df\u30f3\u5e02\u60c5\u5831\u6280\u8853\u5927\u5b66 \u30b3\u30f3\u30d4\u30e5\u30fc\u30bf\u30fc\u79d1\u5b66\u90e8<\/li>\n<li><strong data-start=\"1939\" data-end=\"1976\">Huynh Thi Hong Hanh\uff08\u30d5\u30a4\u30f3\u30fb\u30c6\u30a3\u30fb\u30db\u30f3\u30fb\u30cf\u30f3\uff09<\/strong>\uff08\u535a\u58eb\uff09<br \/>\n\u5c02\u653b: \u8a00\u8a9e\u5b66<br \/>\n\u6240\u5c5e: \u30db\u30fc\u30c1\u30df\u30f3\u5e02\u793e\u4f1a\u79d1\u5b66\u30fb\u4eba\u6587\u5927\u5b66 \u6587\u5b66\u30fb\u8a00\u8a9e\u5b66\u90e8<\/li>\n<li><strong data-start=\"2032\" data-end=\"2070\">Nguyen Thi Kieu Thu\uff08\u30b0\u30a8\u30f3\u30fb\u30c6\u30a3\u30fb\u30ad\u30a8\u30a6\u30fb\u30c8\u30a5\uff09<\/strong>\uff08\u535a\u58eb\uff09<br \/>\n\u5c02\u653b: \u8a00\u8a9e\u5b66\u3001\u82f1\u8a9e<br \/>\n\u6240\u5c5e: \u30db\u30fc\u30c1\u30df\u30f3\u5e02\u793e\u4f1a\u79d1\u5b66\u30fb\u4eba\u6587\u5927\u5b66 \u82f1\u8a9e\u8a00\u8a9e\u6587\u5b66\u90e8<\/li>\n<li><strong data-start=\"2129\" data-end=\"2168\">Tran Thi Minh Phuong\uff08\u30c1\u30e3\u30f3\u30fb\u30c6\u30a3\u30fb\u30df\u30f3\u30fb\u30d5\u30aa\u30f3\uff09<\/strong>\uff08\u535a\u58eb\uff09<br \/>\n\u5c02\u653b: \u8a00\u8a9e\u5b66\u3001\u82f1\u8a9e<br \/>\n\u6240\u5c5e: \u30db\u30fc\u30c1\u30df\u30f3\u5e02\u793e\u4f1a\u79d1\u5b66\u30fb\u4eba\u6587\u5927\u5b66 \u82f1\u8a9e\u8a00\u8a9e\u6587\u5b66\u90e8<\/li>\n<li><strong data-start=\"2227\" data-end=\"2262\">Nguyen Hoang Trung\uff08\u30b0\u30a8\u30f3\u30fb\u30db\u30a2\u30f3\u30fb\u30c1\u30e5\u30f3\uff09<\/strong>\uff08\u535a\u58eb\uff09<br \/>\n\u5c02\u653b: \u8a00\u8a9e\u5b66\u3001\u30d5\u30e9\u30f3\u30b9\u8a9e<br \/>\n\u6240\u5c5e: \u30db\u30fc\u30c1\u30df\u30f3\u5e02\u793e\u4f1a\u79d1\u5b66\u30fb\u4eba\u6587\u5927\u5b66 \u6587\u5b66\u30fb\u8a00\u8a9e\u5b66\u90e8<\/li>\n<li><strong data-start=\"2324\" data-end=\"2356\">Le Quang Truong\uff08\u30ec\u30fc\u30fb\u30af\u30a2\u30f3\u30fb\u30c1\u30e5\u30aa\u30f3\uff09<\/strong>\uff08\u526f\u6559\u6388\u30fb\u535a\u58eb\uff09<br \/>\n\u5c02\u653b: \u8a00\u8a9e\u5b66\u3001\u6f22\u5583\u5b66<br \/>\n\u6240\u5c5e: \u30db\u30fc\u30c1\u30df\u30f3\u5e02\u793e\u4f1a\u79d1\u5b66\u30fb\u4eba\u6587\u5927\u5b66 \u6587\u5b66\u30fb\u8a00\u8a9e\u5b66\u90e8<\/li>\n<li><strong data-start=\"2420\" data-end=\"2455\">Hoang Cong Duy Vu\uff08\u30db\u30a2\u30f3\u30fb\u30b3\u30f3\u30fb\u30ba\u30a4\u30fb\u30f4\u30fc\uff09<\/strong>\uff08\u535a\u58eb\uff09<br \/>\n\u5c02\u653b: \u60c5\u5831\u6280\u8853<br \/>\n\u6240\u5c5e: \u30b7\u30f3\u30ac\u30dd\u30fc\u30eb \u60c5\u5831\u901a\u4fe1\u7814\u7a76\u6240\uff08I2R\uff09<\/li>\n<li><strong data-start=\"2508\" data-end=\"2534\">Le Ngoc Tan\uff08\u30ec\u30fc\u30fb\u30b4\u30c3\u30af\u30fb\u30bf\u30f3\uff09<\/strong>\uff08\u535a\u58eb\u8ab2\u7a0b\u5b66\u751f\uff09<br \/>\n\u5c02\u653b: \u60c5\u5831\u6280\u8853<br \/>\n\u6240\u5c5e: \u30db\u30fc\u30c1\u30df\u30f3\u5e02 \u5de5\u696d\u5927\u5b66 \u60c5\u5831\u6280\u8853\u5b66\u90e8<\/li>\n<li><strong data-start=\"2589\" data-end=\"2623\">Vu Thi Huong Tra\uff08\u30f4\u30fc\u30fb\u30c6\u30a3\u30fb\u30d5\u30aa\u30f3\u30fb\u30c1\u30e3\uff09<\/strong>\uff08\u535a\u58eb\uff09<br \/>\n\u5c02\u653b: \u8a00\u8a9e\u5b66\u3001\u4e2d\u56fd\u8a9e<br \/>\n\u6240\u5c5e: \u30db\u30fc\u30c1\u30df\u30f3\u5e02\u793e\u4f1a\u79d1\u5b66\u30fb\u4eba\u6587\u5927\u5b66 \u4e2d\u56fd\u8a00\u8a9e\u6587\u5b66\u90e8<\/li>\n<li><strong>Tran Kim Phat\uff08\u30c1\u30e3\u30f3\u30fb\u30ad\u30e0\u30fb\u30d5\u30a1\u30c3\u30c8\uff09<\/strong><br \/>\n\u5c02\u653b: \u60c5\u5831\u6280\u8853<br \/>\n\u6240\u5c5e: \u8a08\u7b97\u8a00\u8a9e\u5b66\u30bb\u30f3\u30bf\u30fc<\/li>\n<li><strong>Dinh Si Dien\uff08\u30c7\u30a3\u30f3\u30fb\u30b7\u30fc\u30fb\u30c7\u30a3\u30a8\u30f3\uff09<\/strong><br \/>\n\u5c02\u653b: \u60c5\u5831\u6280\u8853<br \/>\n\u6240\u5c5e: \u8a08\u7b97\u8a00\u8a9e\u5b66\u30bb\u30f3\u30bf\u30fc<\/li>\n<\/ol>\n<\/div>\n<\/div>\n","protected":false},"excerpt":{"rendered":"<p>\u7406\u4e8b\u4f1a: \u7406\u4e8b: Dinh Dien\uff08\u30c7\u30a3\u30f3\u30fb\u30c7\u30a3\u30a8\u30f3\uff09\uff08\u526f\u6559\u6388\u30fb\u535a\u58eb\uff09 \u5c02\u653b: \u60c5\u5831\u6280\u8853\u3001\u8a00\u8a9e\u5b66 \u6240\u5c5e: \u30db\u30fc\u30c1\u30df\u30f3\u5e02\u79d1\u5b66\u5927\u5b66 \u60c5\u5831\u6280\u8853\u5b66\u90e8 \u9867\u554f\u59d4\u54e1\u4f1a: Tran Ngoc Them\uff08\u30c1\u30e3\u30f3\u30fb\u30b4\u30c3\u30af\u30fb\u30c6\u30e0\uff09\uff08\u6559\u6388\u30fb\u9662\u58eb\u30fb\u79d1\u5b66\u535a\u58eb\uff09 \u5c02\u653b: \u8a00\u8a9e\u5b66\u3001\u6587\u5316\u5b66 \u6240\u5c5e: \u30db\u30fc\u30c1\u30df\u30f3\u5e02\u793e\u4f1a\u79d1\u5b66\u30fb\u4eba\u6587\u5927\u5b66 \u6587\u5316\u5b66\u90e8 Nguyen Duc [&hellip;]<\/p>\n","protected":false},"author":3,"featured_media":113,"parent":2893,"menu_order":0,"comment_status":"closed","ping_status":"closed","template":"","meta":[],"_links":{"self":[{"href":"https:\/\/www.clc.hcmus.edu.vn\/index.php?rest_route=\/wp\/v2\/pages\/2899"}],"collection":[{"href":"https:\/\/www.clc.hcmus.edu.vn\/index.php?rest_route=\/wp\/v2\/pages"}],"about":[{"href":"https:\/\/www.clc.hcmus.edu.vn\/index.php?rest_route=\/wp\/v2\/types\/page"}],"author":[{"embeddable":true,"href":"https:\/\/www.clc.hcmus.edu.vn\/index.php?rest_route=\/wp\/v2\/users\/3"}],"replies":[{"embeddable":true,"href":"https:\/\/www.clc.hcmus.edu.vn\/index.php?rest_route=%2Fwp%2Fv2%2Fcomments&post=2899"}],"version-history":[{"count":6,"href":"https:\/\/www.clc.hcmus.edu.vn\/index.php?rest_route=\/wp\/v2\/pages\/2899\/revisions"}],"predecessor-version":[{"id":3703,"href":"https:\/\/www.clc.hcmus.edu.vn\/index.php?rest_route=\/wp\/v2\/pages\/2899\/revisions\/3703"}],"up":[{"embeddable":true,"href":"https:\/\/www.clc.hcmus.edu.vn\/index.php?rest_route=\/wp\/v2\/pages\/2893"}],"wp:featuredmedia":[{"embeddable":true,"href":"https:\/\/www.clc.hcmus.edu.vn\/index.php?rest_route=\/wp\/v2\/media\/113"}],"wp:attachment":[{"href":"https:\/\/www.clc.hcmus.edu.vn\/index.php?rest_route=%2Fwp%2Fv2%2Fmedia&parent=2899"}],"curies":[{"name":"wp","href":"https:\/\/api.w.org\/{rel}","templated":true}]}}