{"id":3527,"date":"2025-06-04T23:39:50","date_gmt":"2025-06-04T16:39:50","guid":{"rendered":"https:\/\/www.clc.hcmus.edu.vn\/?page_id=3527"},"modified":"2025-06-05T15:42:01","modified_gmt":"2025-06-05T08:42:01","slug":"home_fr","status":"publish","type":"page","link":"https:\/\/www.clc.hcmus.edu.vn\/?page_id=3527&lang=fr","title":{"rendered":"HOME_FR"},"content":{"rendered":"<section class=\"main_page_session\">\n<div>\n<div class=\"ourspecialties\">\n<div class=\"ourspecialtiesbg\">\n<div class=\"ourspecialties-thumb\">\n                    <i class=\"fa-solid fa-book-open-reader\"><\/i><\/div>\n<div class=\"ourspecialties-con\">\n                    <a href=\"\/?page_id=1686\"><\/p>\n<h5>Recherche<\/h5>\n<p><\/a><a href=\"\/?page_id=1686\"><\/a><a href=\"\/?page_id=1686\">                    <\/a><\/p>\n<ul style=\"margin: 0; list-style: none;\">\n<li>1. Axes de recherche<\/li>\n<li>2. M\u00e9moires, th\u00e8ses<\/li>\n<li>3. Articles scientifiques<\/li>\n<li>4. Livres, manuels, dictionnaires<\/li>\n<li>5. Projets de recherche<\/li>\n<li>6. Projets de coop\u00e9ration internationale<\/li>\n<\/ul>\n<\/div>\n<\/div>\n<\/div>\n<div class=\"ourspecialties\">\n<div class=\"ourspecialtiesbg\">\n<div class=\"ourspecialties-thumb\">\n                    <i class=\"fas fa-satellite\"><\/i><\/div>\n<div class=\"ourspecialties-con\">\n                    <a href=\"\/?page_id=1684\"><\/p>\n<h5>Fonctions<\/h5>\n<p><\/a><a href=\"\/?page_id=1684\"><\/a><a href=\"\/?page_id=1684\">                    <\/a><\/p>\n<div>CLC est un centre de l&#8217;Universit\u00e9 de Science de HCM ville qui combine de la formation, de la<br \/>\nrecherche et de l&#8217;application afin de cr\u00e9er des produits scientifiques et technologiques ayant<br \/>\nles sens et la r\u00e9alit\u00e9 pour but de servir de mani\u00e8re efficace les besoin&#8230;<br \/>\n&#8230;<\/div>\n<\/div>\n<\/div>\n<\/div>\n<div class=\"ourspecialties\">\n<div class=\"ourspecialtiesbg\">\n<div class=\"ourspecialties-thumb\">\n                    <i class=\"fa-solid fa-bookmark\"><\/i><\/div>\n<div class=\"ourspecialties-con\">\n                    <a href=\"\/?page_id=1688\"><\/p>\n<h5>Axes de recherche<\/h5>\n<p><\/a><a href=\"\/?page_id=1688\"><\/a><\/p>\n<div>Dictionnaires: Vietnamien-Vietnamien, Anglais-Vietnamien, Vietnamien-Anglais,<br \/>\nFran\u00e7ais-Vietnamien, Vietnamien-Fran\u00e7ais, Chinois-Vietnamien, Vietnamien-Chinois,<br \/>\nJaponais-Vietnamien, Vietnamien-Japonais, Corr\u00e9en-Vietnamien, Vietnamien-Corr\u00e9en,<br \/>\nAllemand-Vietna&#8230;<br \/>\n&#8230;<\/div>\n<\/div>\n<\/div>\n<\/div>\n<\/div>\n<\/section>\n","protected":false},"excerpt":{"rendered":"<p>Recherche 1. Axes de recherche 2. M\u00e9moires, th\u00e8ses 3. Articles scientifiques 4. Livres, manuels, dictionnaires 5. Projets de recherche 6. [&hellip;]<\/p>\n","protected":false},"author":16,"featured_media":0,"parent":0,"menu_order":0,"comment_status":"closed","ping_status":"closed","template":"","meta":[],"_links":{"self":[{"href":"https:\/\/www.clc.hcmus.edu.vn\/index.php?rest_route=\/wp\/v2\/pages\/3527"}],"collection":[{"href":"https:\/\/www.clc.hcmus.edu.vn\/index.php?rest_route=\/wp\/v2\/pages"}],"about":[{"href":"https:\/\/www.clc.hcmus.edu.vn\/index.php?rest_route=\/wp\/v2\/types\/page"}],"author":[{"embeddable":true,"href":"https:\/\/www.clc.hcmus.edu.vn\/index.php?rest_route=\/wp\/v2\/users\/16"}],"replies":[{"embeddable":true,"href":"https:\/\/www.clc.hcmus.edu.vn\/index.php?rest_route=%2Fwp%2Fv2%2Fcomments&post=3527"}],"version-history":[{"count":3,"href":"https:\/\/www.clc.hcmus.edu.vn\/index.php?rest_route=\/wp\/v2\/pages\/3527\/revisions"}],"predecessor-version":[{"id":3545,"href":"https:\/\/www.clc.hcmus.edu.vn\/index.php?rest_route=\/wp\/v2\/pages\/3527\/revisions\/3545"}],"wp:attachment":[{"href":"https:\/\/www.clc.hcmus.edu.vn\/index.php?rest_route=%2Fwp%2Fv2%2Fmedia&parent=3527"}],"curies":[{"name":"wp","href":"https:\/\/api.w.org\/{rel}","templated":true}]}}