{"id":376,"date":"2019-03-12T17:33:58","date_gmt":"2015-09-18T12:10:53","guid":{"rendered":"http:\/\/www.clc.hcmus.edu.vn\/?page_id=376"},"modified":"2025-06-07T19:58:25","modified_gmt":"2025-06-07T12:58:25","slug":"gioi-thieu-3","status":"publish","type":"page","link":"https:\/\/www.clc.hcmus.edu.vn\/?page_id=376","title":{"rendered":"Gi\u1edbi thi\u1ec7u"},"content":{"rendered":"<p style=\"text-align: justify;\">Trung t\u00e2m Ng\u00f4n ng\u1eef h\u1ecdc T\u00ednh to\u00e1n (Computational Linguistics Center, vi\u1ebft t\u1eaft l\u00e0 CLC) l\u00e0 trung t\u00e2m thu\u1ed9c Khoa C\u00f4ng ngh\u1ec7 Th\u00f4ng tin c\u1ee7a Tr\u01b0\u1eddng \u0110H Khoa h\u1ecdc T\u1ef1 nhi\u00ean \u2013 \u0110H Qu\u1ed1c gia Tp.HCM (theo <a href=\"http:\/\/www.clc.hcmus.edu.vn\/wp-content\/uploads\/2015\/11\/QD-TTNgon-ngu-hoc-tinh-toan.pdf\" target=\"_blank\" rel=\"noopener\">Quy\u1ebft \u0111\u1ecbnh<\/a> s\u1ed1 1723\/Q\u0110-KHTN-TCHC). \u0110\u00e2y l\u00e0 trung t\u00e2m nghi\u00ean c\u1ee9u li\u00ean ng\u00e0nh gi\u1eefa ng\u00e0nh Ng\u00f4n ng\u1eef h\u1ecdc (linguistics) v\u00e0 ng\u00e0nh Khoa h\u1ecdc M\u00e1y t\u00ednh (Computer Science), chuy\u00ean v\u1ec1 x\u1eed l\u00fd t\u1ef1 \u0111\u1ed9ng ti\u1ebfng Vi\u1ec7t v\u00e0 c\u00e1c ng\u00f4n ng\u1eef kh\u00e1c c\u00f3 li\u00ean quan b\u1eb1ng c\u00e1ch x\u00e2y d\u1ef1ng v\u00e0 khai th\u00e1c c\u00e1c ngu\u1ed3n t\u00e0i nguy\u00ean c\u00f3 li\u00ean quan \u0111\u1ebfn ti\u1ebfng Vi\u1ec7t (nh\u01b0 l\u00e0: ng\u1eef li\u1ec7u, t\u1eeb \u0111i\u1ec3n, c\u00f4ng c\u1ee5,&#8230;).<\/p>\n","protected":false},"excerpt":{"rendered":"<p>Trung t\u00e2m Ng\u00f4n ng\u1eef h\u1ecdc T\u00ednh to\u00e1n (Computational Linguistics Center, vi\u1ebft t\u1eaft l\u00e0 CLC) l\u00e0 trung t\u00e2m thu\u1ed9c Khoa C\u00f4ng [&hellip;]<\/p>\n","protected":false},"author":3,"featured_media":789,"parent":0,"menu_order":0,"comment_status":"closed","ping_status":"closed","template":"","meta":[],"_links":{"self":[{"href":"https:\/\/www.clc.hcmus.edu.vn\/index.php?rest_route=\/wp\/v2\/pages\/376"}],"collection":[{"href":"https:\/\/www.clc.hcmus.edu.vn\/index.php?rest_route=\/wp\/v2\/pages"}],"about":[{"href":"https:\/\/www.clc.hcmus.edu.vn\/index.php?rest_route=\/wp\/v2\/types\/page"}],"author":[{"embeddable":true,"href":"https:\/\/www.clc.hcmus.edu.vn\/index.php?rest_route=\/wp\/v2\/users\/3"}],"replies":[{"embeddable":true,"href":"https:\/\/www.clc.hcmus.edu.vn\/index.php?rest_route=%2Fwp%2Fv2%2Fcomments&post=376"}],"version-history":[{"count":12,"href":"https:\/\/www.clc.hcmus.edu.vn\/index.php?rest_route=\/wp\/v2\/pages\/376\/revisions"}],"predecessor-version":[{"id":3574,"href":"https:\/\/www.clc.hcmus.edu.vn\/index.php?rest_route=\/wp\/v2\/pages\/376\/revisions\/3574"}],"wp:featuredmedia":[{"embeddable":true,"href":"https:\/\/www.clc.hcmus.edu.vn\/index.php?rest_route=\/wp\/v2\/media\/789"}],"wp:attachment":[{"href":"https:\/\/www.clc.hcmus.edu.vn\/index.php?rest_route=%2Fwp%2Fv2%2Fmedia&parent=376"}],"curies":[{"name":"wp","href":"https:\/\/api.w.org\/{rel}","templated":true}]}}