{"id":42,"date":"2019-03-12T17:52:02","date_gmt":"2015-09-14T07:34:17","guid":{"rendered":"http:\/\/www.clc.hcmus.edu.vn\/?page_id=42"},"modified":"2019-03-09T11:53:48","modified_gmt":"2019-03-09T04:53:48","slug":"nghien-cuu","status":"publish","type":"page","link":"https:\/\/www.clc.hcmus.edu.vn\/?page_id=42","title":{"rendered":"Nghi\u00ean c\u1ee9u"},"content":{"rendered":"<p>1) <a href=\"http:\/\/www.clc.hcmus.edu.vn\/?page_id=21\">H\u01b0\u1edbng nghi\u00ean c\u1ee9u<\/a><br \/>\n2) <a href=\"http:\/\/www.clc.hcmus.edu.vn\/?page_id=241\">B\u00e0i b\u00e1o khoa h\u1ecdc<\/a><br \/>\n3) <a href=\"http:\/\/www.clc.hcmus.edu.vn\/?page_id=215\">Lu\u1eadn v\u0103n, lu\u1eadn \u00e1n<\/a><br \/>\n4) <a href=\"http:\/\/www.clc.hcmus.edu.vn\/?page_id=23\">S\u00e1ch, gi\u00e1o tr\u00ecnh, t\u1eeb \u0111i\u1ec3n<\/a><br \/>\n5) <a href=\"http:\/\/www.clc.hcmus.edu.vn\/?page_id=668\">\u0110\u1ec1 t\u00e0i khoa h\u1ecdc<\/a><br \/>\n6) <a href=\"http:\/\/www.clc.hcmus.edu.vn\/?page_id=237\">D\u1ef1 \u00e1n h\u1ee3p t\u00e1c qu\u1ed1c t\u1ebf<\/a><\/p>\n","protected":false},"excerpt":{"rendered":"<p>1) H\u01b0\u1edbng nghi\u00ean c\u1ee9u 2) B\u00e0i b\u00e1o khoa h\u1ecdc 3) Lu\u1eadn v\u0103n, lu\u1eadn \u00e1n 4) S\u00e1ch, gi\u00e1o tr\u00ecnh, t\u1eeb \u0111i\u1ec3n [&hellip;]<\/p>\n","protected":false},"author":3,"featured_media":139,"parent":0,"menu_order":0,"comment_status":"closed","ping_status":"closed","template":"","meta":[],"_links":{"self":[{"href":"https:\/\/www.clc.hcmus.edu.vn\/index.php?rest_route=\/wp\/v2\/pages\/42"}],"collection":[{"href":"https:\/\/www.clc.hcmus.edu.vn\/index.php?rest_route=\/wp\/v2\/pages"}],"about":[{"href":"https:\/\/www.clc.hcmus.edu.vn\/index.php?rest_route=\/wp\/v2\/types\/page"}],"author":[{"embeddable":true,"href":"https:\/\/www.clc.hcmus.edu.vn\/index.php?rest_route=\/wp\/v2\/users\/3"}],"replies":[{"embeddable":true,"href":"https:\/\/www.clc.hcmus.edu.vn\/index.php?rest_route=%2Fwp%2Fv2%2Fcomments&post=42"}],"version-history":[{"count":23,"href":"https:\/\/www.clc.hcmus.edu.vn\/index.php?rest_route=\/wp\/v2\/pages\/42\/revisions"}],"predecessor-version":[{"id":2954,"href":"https:\/\/www.clc.hcmus.edu.vn\/index.php?rest_route=\/wp\/v2\/pages\/42\/revisions\/2954"}],"wp:featuredmedia":[{"embeddable":true,"href":"https:\/\/www.clc.hcmus.edu.vn\/index.php?rest_route=\/wp\/v2\/media\/139"}],"wp:attachment":[{"href":"https:\/\/www.clc.hcmus.edu.vn\/index.php?rest_route=%2Fwp%2Fv2%2Fmedia&parent=42"}],"curies":[{"name":"wp","href":"https:\/\/api.w.org\/{rel}","templated":true}]}}