{"id":437,"date":"2019-03-12T17:40:36","date_gmt":"2015-09-14T07:27:12","guid":{"rendered":"http:\/\/www.clc.hcmus.edu.vn\/?page_id=437"},"modified":"2025-11-11T21:02:49","modified_gmt":"2025-11-11T14:02:49","slug":"staff","status":"publish","type":"page","link":"https:\/\/www.clc.hcmus.edu.vn\/?page_id=437&lang=en","title":{"rendered":"Personnel"},"content":{"rendered":"<p><strong>Board of directors:<\/strong><\/p>\n<div style=\"text-align: justify; padding-left: 30px;\">\n<div style=\"display: inline-block;\"><a href=\"\/ddien\/\"><img decoding=\"async\" loading=\"lazy\" class=\"wp-image-685 alignleft\" src=\"http:\/\/www.clc.hcmus.edu.vn\/wp-content\/uploads\/2015\/09\/ddien1.jpg\" alt=\"Associate Professor Dr. Dinh Dien\" width=\"90\" height=\"90\" \/><\/a><\/div>\n<div style=\"display: inline-block; vertical-align: top;\"><strong>Director:<\/strong><br \/>\n<strong><a href=\"\/ddien\/\">Associate Professor Dr. Dinh Dien<\/a><\/strong><br \/>\nMajor: Information Technology, Linguistics<br \/>\nAffiliation: Faculty of Information Technology, HCM University of Science<\/div>\n<\/div>\n<hr \/>\n<div style=\"text-align: justify;\">\n<p style=\"text-align: justify;\"><strong>Board of advisors:<\/strong><\/p>\n<div style=\"text-align: justify; padding-left: 30px;\">\n<div style=\"display: inline-block;\"><a href=\"http:\/\/www.clc.hcmus.edu.vn\/wp-content\/uploads\/2015\/09\/GS.VS_.TSKH_.-Tran-Ngoc-Them.png\"><img decoding=\"async\" loading=\"lazy\" class=\"size-thumbnail wp-image-103 alignleft\" src=\"http:\/\/www.clc.hcmus.edu.vn\/wp-content\/uploads\/2015\/09\/GS.VS_.TSKH_.-Tran-Ngoc-Them-150x150.png\" alt=\"GS.VS.TSKH. Tran Ngoc Them\" width=\"90\" height=\"90\" \/><\/a><strong>Professor Academician Dr. Sc. Tran Ngoc Them<\/strong><br \/>\nMajor: Linguistics, Cultural Studies<br \/>\nAffiliation: Faculty of Cultural Studies, HCM University of Social Sciences &amp; Humanities<\/div>\n<\/div>\n<div style=\"text-align: justify; padding-left: 30px;\">\n<div style=\"display: inline-block;\"><a href=\"http:\/\/www.clc.hcmus.edu.vn\/wp-content\/uploads\/2015\/09\/GS.TS_.-Nguyen-Duc-Dan.jpg\"><img decoding=\"async\" loading=\"lazy\" class=\"size-thumbnail wp-image-105 alignleft\" src=\"http:\/\/www.clc.hcmus.edu.vn\/wp-content\/uploads\/2015\/09\/GS.TS_.-Nguyen-Duc-Dan-150x150.jpg\" alt=\"GS.TS. Nguyen Duc Dan\" width=\"90\" height=\"90\" \/><\/a><strong>Professor Dr. Nguyen Duc Dan<\/strong><br \/>\nMajor: Linguistics<br \/>\nAffiliation: Faculty of Literature and Linguistics, HCM University of Social Sciences &amp; Humanities<\/div>\n<\/div>\n<div style=\"text-align: justify; padding-left: 30px;\">\n<div style=\"display: inline-block;\"><a href=\"http:\/\/www.clc.hcmus.edu.vn\/wp-content\/uploads\/2015\/09\/GS.TS_.-Eduard-Hovy.png\"><img decoding=\"async\" loading=\"lazy\" class=\"size-thumbnail wp-image-104 alignleft\" src=\"http:\/\/www.clc.hcmus.edu.vn\/wp-content\/uploads\/2015\/09\/GS.TS_.-Eduard-Hovy-150x150.png\" alt=\"GS.TS. Eduard Hovy\" width=\"90\" height=\"90\" \/><\/a><\/div>\n<div style=\"display: inline-block; vertical-align: top;\"><strong>GS. Eduard Hovy<\/strong><br \/>\nMajor: Information Technology<br \/>\nAffiliation: Language Technologies Institute, Carnegie Mellon University, USA<\/div>\n<\/div>\n<\/div>\n<hr \/>\n<p><strong>Research team:<\/strong><\/p>\n<div style=\"text-align: justify; padding-left: 30px;\">\n<div style=\"display: inline-block;\"><a href=\"http:\/\/www.clc.hcmus.edu.vn\/wp-content\/uploads\/2015\/10\/vinhla1.jpg\"><img decoding=\"async\" loading=\"lazy\" class=\"size-thumbnail wp-image-106 alignleft\" src=\"http:\/\/www.clc.hcmus.edu.vn\/wp-content\/uploads\/2015\/10\/vinhla1.jpg\" alt=\"TS. L\u01b0\u01a1ng An Vinh\" width=\"90\" height=\"90\" \/><\/a><\/div>\n<div style=\"display: inline-block; vertical-align: top;\"><strong>Dr. Luong An Vinh<\/strong><br \/>\nMajor: Information Technology<br \/>\nAffiliation: Faculty of Information Technology, Saigon Technology University<\/div>\n<\/div>\n<div style=\"text-align: justify; padding-left: 30px;\">\n<div style=\"display: inline-block;\"><a href=\"http:\/\/www.clc.hcmus.edu.vn\/wp-content\/uploads\/2020\/06\/longnhb.jpg\"><img decoding=\"async\" loading=\"lazy\" class=\"size-thumbnail wp-image-106 alignleft\" src=\"http:\/\/www.clc.hcmus.edu.vn\/wp-content\/uploads\/2020\/06\/longnhb.jpg\" alt=\"TS. Nguy\u1ec5n H\u1ed3ng B\u1eedu Long\" width=\"90\" height=\"90\" \/><\/a><\/div>\n<div style=\"display: inline-block; vertical-align: top;\"><strong>Dr. Nguyen Hong Buu Long<\/strong><br \/>\nMajor: Information Technology<br \/>\nAffiliation: Faculty of Information Technology, HCM University of Science<\/div>\n<\/div>\n<div style=\"text-align: justify; padding-left: 30px;\">\n<div style=\"display: inline-block;\"><a href=\"https:\/\/www.clc.hcmus.edu.vn\/wp-content\/uploads\/2019\/03\/PTMTrang.png\"><img decoding=\"async\" loading=\"lazy\" class=\"size-thumbnail wp-image-106 alignleft\" src=\"https:\/\/www.clc.hcmus.edu.vn\/wp-content\/uploads\/2019\/03\/PTMTrang.png\" alt=\"NCS. L\u00ea Th\u00e0nh Nguy\u00ean\" width=\"90\" height=\"90\" \/><\/a><\/div>\n<div style=\"display: inline-block; vertical-align: top;\"><strong>PhD. Student\u00a0Phan Thi My Trang<\/strong><br \/>\nMajor: Linguistics, English<br \/>\nAffiliation: Faculty of Fundamental Sciences, Saigon Technology University<\/div>\n<\/div>\n<div style=\"text-align: justify; padding-left: 30px;\"><\/div>\n<hr \/>\n<p><strong>Collaborators<\/strong>:<\/p>\n<div style=\"text-align: justify; padding-left: 30px;\">\n<ol>\n<li><strong>Dr. Nghiem Quoc Minh<\/strong><br \/>\nMajor: Information Technology<br \/>\nAffiliation: Faculty of Information Technology, HCM University of Science<\/li>\n<li><strong>Dr. Nguyen Thi Hong Nhung<\/strong><br \/>\nMajor: Information Technology<br \/>\nAffiliation: Faculty of Information Technology, HCM University of Science<\/li>\n<li><strong>M.Sc. Van Chi Nam<\/strong><br \/>\nMajor: Information Technology<br \/>\nAffiliation: Faculty of Information Technology, HCM University of Science<\/li>\n<li><strong>Dr. Nguyen Thi Nhu Diep<\/strong><br \/>\nMajor: Linguistics, English<br \/>\nAffiliation: Faculty of Foreign Languages, Vietnam Aviation Academy<\/li>\n<li><strong>Dr. Tran Le Tam Linh<\/strong><br \/>\nMajor: Linguistics, English<br \/>\nAffiliation: Faculty of Foreign Languages, Vietnam Aviation Academy<\/li>\n<li><strong>Dr. Tran Thanh Phuoc<\/strong><br \/>\nMajor: Information Technology<br \/>\nAffiliation: Faculty of Information Technology, Ton Duc Thang University<\/li>\n<li><strong>Assoc. Prof. Dr. Le Khac Cuong<\/strong><br \/>\nMajor: Linguistics, Sti\u00eang language<br \/>\nAffiliation: Faculty of Vietnamese Studies, HCM University of Social Sciences &amp; Humanities<\/li>\n<li><strong>Assoc. Prof. Dr. Nguyen Thi Phuong Trang<\/strong><br \/>\nMajor: Linguistics<br \/>\nAffiliation: Faculty of Journalism, HCM University of Social Sciences &amp; Humanities<\/li>\n<li><strong>Assoc. Prof. Dr. Tran Thuy Vinh<\/strong><br \/>\nMajor: Linguistics<br \/>\nAffiliation: Faculty of Vietnamese Studies, HCM University of Social Sciences &amp; Humanities<\/li>\n<li><strong>Assoc. Prof. Dr. Nguyen Luu Thuy Ngan<\/strong><br \/>\nMajor: Information Technology, Japanese<br \/>\nAffiliation: Faculty of Computer Science, HCM University of Information Technology<\/li>\n<li><strong>Dr. Huynh Thi Hong Hanh<\/strong><br \/>\nMajor: Linguistics<br \/>\nAffiliation: Faculty of Literature and Linguistics, HCM University of Social Sciences &amp; Humanities<\/li>\n<li><strong>Dr. Nguyen Thi Kieu Thu<\/strong><br \/>\nMajor: Linguistics, English<br \/>\nAffiliation: Faculty of English Linguistics and Literature, HCM University of Social Sciences &amp; Humanities<\/li>\n<li><strong>Dr. Tran Thi Minh Phuong<\/strong><br \/>\nMajor: Linguistics, English<br \/>\nAffiliation: Faculty of English Linguistics and Literature, HCM University of Social Sciences &amp; Humanities<\/li>\n<li><strong>Dr. Nguyen Hoang Trung<\/strong><br \/>\nMajor: Linguistics, French<br \/>\nAffiliation: Faculty of Literature and Linguistics, HCM University of Social Sciences &amp; Humanities<\/li>\n<li><strong>Assoc. Prof. Dr. Le Quang Truong<\/strong><br \/>\nMajor: Linguistics, Sino-Nom Studies<br \/>\nAffiliation: Faculty of Literature and Linguistics, HCM University of Social Sciences &amp; Humanities<\/li>\n<li><strong>Dr. Hoang Cong Duy Vu<\/strong><br \/>\nMajor: Information Technology<br \/>\nAffiliation: Institute for Infocomm Research (I2R), Singapore<\/li>\n<li><strong>PhD Student Le Ngoc Tan<\/strong><br \/>\nMajor: Information Technology<br \/>\nAffiliation: Faculty of Information Technology, Industrial Univerity of HCM City<\/li>\n<li><strong>Dr. Vu Thi Huong Tra<\/strong><br \/>\nMajor: Linguistics, Chinese<br \/>\nAffiliation: Faculty of Chinese Linguistics and Literature, HCM University of Social Sciences &amp; Humanities<\/li>\n<li><strong>Tran Kim Phat<\/strong><br \/>\nMajor: Information Technology<br \/>\nAffiliation: Computational Linguistics Center<\/li>\n<li><strong>Dinh Si Dien<\/strong><br \/>\nMajor: Information Technology<br \/>\nAffiliation: Computational Linguistics Center<\/li>\n<\/ol>\n<\/div>\n","protected":false},"excerpt":{"rendered":"<p>Board of directors: Director: Associate Professor Dr. Dinh Dien Major: Information Technology, Linguistics Affiliation: Faculty of Information Technology, HCM University [&hellip;]<\/p>\n","protected":false},"author":3,"featured_media":113,"parent":423,"menu_order":0,"comment_status":"closed","ping_status":"closed","template":"","meta":[],"_links":{"self":[{"href":"https:\/\/www.clc.hcmus.edu.vn\/index.php?rest_route=\/wp\/v2\/pages\/437"}],"collection":[{"href":"https:\/\/www.clc.hcmus.edu.vn\/index.php?rest_route=\/wp\/v2\/pages"}],"about":[{"href":"https:\/\/www.clc.hcmus.edu.vn\/index.php?rest_route=\/wp\/v2\/types\/page"}],"author":[{"embeddable":true,"href":"https:\/\/www.clc.hcmus.edu.vn\/index.php?rest_route=\/wp\/v2\/users\/3"}],"replies":[{"embeddable":true,"href":"https:\/\/www.clc.hcmus.edu.vn\/index.php?rest_route=%2Fwp%2Fv2%2Fcomments&post=437"}],"version-history":[{"count":84,"href":"https:\/\/www.clc.hcmus.edu.vn\/index.php?rest_route=\/wp\/v2\/pages\/437\/revisions"}],"predecessor-version":[{"id":3702,"href":"https:\/\/www.clc.hcmus.edu.vn\/index.php?rest_route=\/wp\/v2\/pages\/437\/revisions\/3702"}],"up":[{"embeddable":true,"href":"https:\/\/www.clc.hcmus.edu.vn\/index.php?rest_route=\/wp\/v2\/pages\/423"}],"wp:featuredmedia":[{"embeddable":true,"href":"https:\/\/www.clc.hcmus.edu.vn\/index.php?rest_route=\/wp\/v2\/media\/113"}],"wp:attachment":[{"href":"https:\/\/www.clc.hcmus.edu.vn\/index.php?rest_route=%2Fwp%2Fv2%2Fmedia&parent=437"}],"curies":[{"name":"wp","href":"https:\/\/api.w.org\/{rel}","templated":true}]}}