{"id":459,"date":"2019-03-04T10:18:58","date_gmt":"2015-09-23T09:13:34","guid":{"rendered":"http:\/\/www.clc.hcmus.edu.vn\/?page_id=459"},"modified":"2015-10-16T10:14:35","modified_gmt":"2015-10-16T03:14:35","slug":"dissertations","status":"publish","type":"page","link":"https:\/\/www.clc.hcmus.edu.vn\/?page_id=459&lang=en","title":{"rendered":"Dissertations &#8211; Theses"},"content":{"rendered":"<style>\nol { padding-left: 1.8em; \ntext-align: justify;\n}\n<\/style>\n<ol reversed>\n<li style=\"text-align: justify;\">Ph\u1ea1m Th\u1ecb Kim Uy\u00ean, \u201cX\u00e2y d\u1ef1ng b\u1ed9 lu\u1eadt v\u0103n ph\u1ea1m ti\u1ebfng vi\u1ec7t theo ng\u00f4n ng\u1eef h\u00ecnh th\u1ee9c\u201d, Lu\u1eadn v\u0103n th\u1ea1c s\u0129, \u0110\u1ea1i h\u1ecdc Khoa h\u1ecdc X\u00e3 h\u1ed9i v\u00e0 Nh\u00e2n v\u0103n &#8211; \u0110\u1ea1i h\u1ecdc Qu\u1ed1c gia Tp.HCM, 2015.<\/li>\n<li style=\"text-align: justify;\">Nguy\u1ec5n H\u1ed3ng B\u1eedu Long, \u201cGi\u00f3ng h\u00e0ng v\u00e0 nh\u1eadn d\u1ea1ng th\u1ef1c th\u1ec3 c\u00f3 t\u00ean trong song ng\u1eef Anh-Vi\u1ec7t\u201d, Lu\u1eadn v\u0103n th\u1ea1c s\u0129, \u0110\u1ea1i h\u1ecdc Khoa h\u1ecdc T\u1ef1 nhi\u00ean &#8211; \u0110\u1ea1i h\u1ecdc Qu\u1ed1c gia Tp.HCM, 2015.<\/li>\n<li style=\"text-align: justify;\">L\u00ea Ph\u00fac Th\u1ecbnh, \u201cThay \u0111\u1ed5i trong s\u1ed1 m\u00f4 h\u00ecnh gi\u1ea3i m\u00e3 trong d\u1ecbch m\u00e1y th\u1ed1ng k\u00ea\u201d, Lu\u1eadn v\u0103n th\u1ea1c s\u0129, \u0110\u1ea1i h\u1ecdc Khoa h\u1ecdc T\u1ef1 nhi\u00ean &#8211; \u0110\u1ea1i h\u1ecdc Qu\u1ed1c gia Tp.HCM, 2014.<\/li>\n<li style=\"text-align: justify;\">Tr\u1ea7n V\u0169 Ho\u00e0ng \u01afng, \u201cC\u1ea3i ti\u1ebfn d\u1ecbch m\u00e1y th\u1ed1ng k\u00ea Anh \u2013 Vi\u1ec7t d\u1ef1a tr\u00ean x\u00f3a t\u1eeb nhi\u1ec5u\u201d, Lu\u1eadn v\u0103n th\u1ea1c s\u0129, \u0110\u1ea1i h\u1ecdc Khoa h\u1ecdc T\u1ef1 nhi\u00ean &#8211; \u0110\u1ea1i h\u1ecdc Qu\u1ed1c gia Tp.HCM, 2014.<\/li>\n<li style=\"text-align: justify;\">Tr\u1ea7n L\u01b0\u01a1ng Qu\u1ed1c \u0110\u1ea1i, \u201cX\u1eed L\u00fd C\u1ea5u Tr\u00fac C\u00e2u Ch\u1ee9a T\u1eeb \u7684(De) Trong D\u1ecbch M\u00e1y Th\u1ed1ng K\u00ea Hoa Vi\u1ec7t\u201d, Lu\u1eadn v\u0103n th\u1ea1c s\u0129, \u0110\u1ea1i h\u1ecdc Khoa h\u1ecdc T\u1ef1 nhi\u00ean &#8211; \u0110\u1ea1i h\u1ecdc Qu\u1ed1c gia Tp.HCM, 2013.<\/li>\n<li style=\"text-align: justify;\">Nguy\u1ec5n Th\u1ecb Ph\u01b0\u01a1ng Nh\u01b0, \u201cPh\u00e1t sinh t\u1eeb ch\u1ee9c n\u0103ng trong h\u1ec7 th\u1ed1ng d\u1ecbch m\u00e1y th\u1ed1ng k\u00ea Vi\u1ec7t \u2013 Anh\u201d, Lu\u1eadn v\u0103n th\u1ea1c s\u0129, \u0110\u1ea1i h\u1ecdc Khoa h\u1ecdc T\u1ef1 nhi\u00ean &#8211; \u0110\u1ea1i h\u1ecdc Qu\u1ed1c gia Tp.HCM, 2013.<\/li>\n<li style=\"text-align: justify;\">Ph\u1ea1m Vi\u1ebft V\u0103n, \u201cX\u00e2y d\u1ef1ng b\u1ed9 ng\u1eef li\u1ec7u li\u00ean k\u1ebft c\u00e2u Anh \u2013 Vi\u1ec7t t\u1eeb Wikipedia\u201d, Lu\u1eadn v\u0103n th\u1ea1c s\u0129, \u0110\u1ea1i h\u1ecdc Khoa h\u1ecdc T\u1ef1 nhi\u00ean &#8211; \u0110\u1ea1i h\u1ecdc Qu\u1ed1c gia Tp.HCM, 2013.<\/li>\n<li style=\"text-align: justify;\">D\u01b0\u01a1ng Qu\u1ed1c Ch\u00ednh, \u201cPh\u00e2n \u0111o\u1ea1n ranh gi\u1edbi t\u1eeb ti\u1ebfng Vi\u1ec7t trong ng\u1eef li\u1ec7u song ng\u1eef Anh Vi\u1ec7t\u201d, Lu\u1eadn v\u0103n th\u1ea1c s\u0129, \u0110\u1ea1i h\u1ecdc Khoa h\u1ecdc T\u1ef1 nhi\u00ean &#8211; \u0110\u1ea1i h\u1ecdc Qu\u1ed1c gia Tp.HCM, 2013.<\/li>\n<li style=\"text-align: justify;\">Nguy\u1ec5n Th\u00e0nh Giang, \u201cH\u1eadu x\u1eed l\u00fd gi\u00f3ng h\u00e0ng t\u1eeb Anh \u2013 Vi\u1ec7t b\u1eb1ng t\u1ea7n su\u1ea5t li\u00ean k\u1ebft t\u1eeb\u201d, Lu\u1eadn v\u0103n th\u1ea1c s\u0129, \u0110\u1ea1i h\u1ecdc Khoa h\u1ecdc T\u1ef1 nhi\u00ean &#8211; \u0110\u1ea1i h\u1ecdc Qu\u1ed1c gia Tp.HCM, 2013.<\/li>\n<li style=\"text-align: justify;\">Th\u00e1i Huy T\u00e2n, Ph\u1ea1m Tu\u1ea5n Thanh, \u201cX\u00e2y d\u1ef1ng \u1ee9ng d\u1ee5ng t\u1eeb \u0111i\u1ec3n tr\u00ean thi\u1ebft b\u1ecb di \u0111\u1ed9ng android cho ng\u01b0\u1eddi khi\u1ebfm th\u1ecb\u201d, Kh\u00f3a lu\u1eadn t\u1ed1t nghi\u1ec7p, \u0110\u1ea1i h\u1ecdc Khoa h\u1ecdc T\u1ef1 nhi\u00ean &#8211; \u0110\u1ea1i h\u1ecdc Qu\u1ed1c gia Tp.HCM, 2012.<\/li>\n<li style=\"text-align: justify;\">L\u00ea Quang Vinh, \u201cT\u00edch h\u1ee3p m\u00f4 h\u00ecnh \u0111\u1ea3o tr\u1eadt t\u1ef1 t\u1eeb v\u00e0o h\u1ec7 th\u1ed1ng d\u1ecbch m\u00e1y th\u1ed1ng k\u00ea Anh \u2013 Vi\u1ec7t \u2013 Anh\u201d, Lu\u1eadn v\u0103n th\u1ea1c s\u0129, \u0110\u1ea1i h\u1ecdc Khoa h\u1ecdc T\u1ef1 nhi\u00ean &#8211; \u0110\u1ea1i h\u1ecdc Qu\u1ed1c gia Tp.HCM, 2012.<\/li>\n<li>Tr\u1ea7n V\u0103n Tri v\u00e0 Nguy\u1ec5n Minh Tr\u00ed, \u201cTra t\u1eeb \u0111i\u00ea\u0309n anh vi\u1ec7t qua camera tr\u00ean \u0111i\u1ec7n tho\u1ea1i di \u0111\u1ed9ng du\u0300ng Android, Kh\u00f3a lu\u1eadn t\u1ed1t nghi\u1ec7p\u201d, \u0110\u1ea1i h\u1ecdc Khoa h\u1ecdc T\u1ef1 nhi\u00ean &#8211; \u0110\u1ea1i h\u1ecdc Qu\u1ed1c gia Tp.HCM, 2012.<\/li>\n<li style=\"text-align: justify;\">Tr\u1ea7n Thanh Ph\u01b0\u1edbc, \u201cKh\u1eed nh\u1eadp nh\u1eb1ng m\u1ed9t s\u1ed1 c\u1ea5u tr\u00fac ng\u1eef ph\u00e1p trong d\u1ecbch th\u1ed1ng k\u00ea Hoa-Vi\u1ec7t\u201d, Lu\u1eadn V\u0103n Th\u1ea1c s\u0129, \u0110\u1ea1i h\u1ecdc Khoa h\u1ecdc T\u1ef1 nhi\u00ean &#8211; \u0110\u1ea1i h\u1ecdc Qu\u1ed1c gia Tp.HCM, 2011.<\/li>\n<li style=\"text-align: justify;\">Tr\u1ecbnh Thanh Duy, \u201cGi\u00f3ng h\u00e0ng v\u0103n b\u1ea3n \u0111a ng\u1eef v\u00e0 \u1ee9ng d\u1ee5ng trong d\u1ecbch m\u00e1y th\u1ed1ng k\u00ea Anh \u2013 Vi\u1ec7t\u201d, Lu\u1eadn v\u0103n th\u1ea1c s\u0129, \u0110\u1ea1i h\u1ecdc Khoa h\u1ecdc T\u1ef1 nhi\u00ean &#8211; \u0110\u1ea1i h\u1ecdc Qu\u1ed1c gia Tp.HCM, 2011.<\/li>\n<li style=\"text-align: justify;\">Nguy\u1ec5n Qu\u1ed1c Kh\u01b0\u01a1ng An, \u201cT\u00edch h\u1ee3p th\u00f4ng tin t\u1eeb lo\u1ea1i v\u00e0o h\u1ec7 d\u1ecbch m\u00e1y th\u1ed1ng k\u00ea Vi\u1ec7t \u2013 Anh \u2013 Vi\u1ec7t\u201d, Lu\u1eadn v\u0103n th\u1ea1c s\u0129, \u0110\u1ea1i h\u1ecdc Khoa h\u1ecdc T\u1ef1 nhi\u00ean &#8211; \u0110\u1ea1i h\u1ecdc Qu\u1ed1c gia Tp.HCM, 2011.<\/li>\n<li style=\"text-align: justify;\">V\u0169 \u0110\u00ecnh H\u1ed3ng, \u201cPh\u00e2n t\u00edch h\u00ecnh th\u00e1i t\u1eeb theo ti\u1ebfp c\u1eadn ng\u1eef d\u1ee5ng h\u1ecdc (\u1ee9ng d\u1ee5ng trong d\u1ecbch m\u00e1y th\u1ed1ng k\u00ea Anh \u2013 Vi\u1ec7t\u201d, Lu\u1eadn v\u0103n th\u1ea1c s\u0129, \u0110\u1ea1i h\u1ecdc Khoa h\u1ecdc T\u1ef1 nhi\u00ean &#8211; \u0110\u1ea1i h\u1ecdc Qu\u1ed1c gia Tp.HCM, 2011.<\/li>\n<li style=\"text-align: justify;\">Ho\u00e0ng C\u00f4ng Quang Huy, \u201cC\u1ea3i ti\u1ebfn d\u1ecbch m\u00e1y th\u1ed1ng k\u00ea Anh \u2013 Vi\u1ec7t d\u1ef1a tr\u00ean th\u00f4ng tin ph\u00e2n \u0111o\u1ea1n ng\u1eef&#8221;, Lu\u1eadn v\u0103n th\u1ea1c s\u0129, \u0110\u1ea1i h\u1ecdc Khoa h\u1ecdc T\u1ef1 nhi\u00ean &#8211; \u0110\u1ea1i h\u1ecdc Qu\u1ed1c gia Tp.HCM, 2011.<\/li>\n<li style=\"text-align: justify;\">Nguy\u1ec5n Th\u1ecb Qu\u00fd, \u201cNh\u1eadn di\u1ec7n ch\u1ee7 \u0111\u1ec1 c\u1ee7a v\u0103n b\u1ea3n v\u00e0 \u1ee9ng d\u1ee5ng trong d\u1ecbch m\u00e1y th\u1ed1ng k\u00ea Anh \u2013 Vi\u1ec7t \u2013 Anh\u201d, Lu\u1eadn v\u0103n th\u1ea1c s\u0129, \u0110\u1ea1i h\u1ecdc Khoa h\u1ecdc T\u1ef1 nhi\u00ean &#8211; \u0110\u1ea1i h\u1ecdc Qu\u1ed1c gia Tp.HCM, 2011.<\/li>\n<li style=\"text-align: justify;\">Tr\u1ea7n L\u00ea T\u00e2m Linh, \u201cThu\u1eadt ng\u1eef ti\u1ebfng Anh v\u00e0 ti\u1ebfng Vi\u1ec7t trong v\u0103n b\u1ea3n h\u1ee3p \u0111\u1ed3ng kinh t\u1ebf\u201d, Lu\u1eadn v\u0103n th\u1ea1c s\u0129, \u0110\u1ea1i h\u1ecdc Khoa h\u1ecdc X\u00e3 h\u1ed9i v\u00e0 Nh\u00e2n v\u0103n &#8211; \u0110\u1ea1i h\u1ecdc Qu\u1ed1c gia Tp.HCM, 2010.<\/li>\n<li style=\"text-align: justify;\">Nguy\u1ec5n Ph\u1ea1m Thi\u00ean Nhi, \u201cX\u00e2y d\u1ef1ng b\u1ed9 nh\u00e3n t\u1eeb lo\u1ea1i ti\u1ebfng Vi\u1ec7t trong ng\u00e0nh Ng\u00f4n ng\u1eef h\u1ecdc M\u00e1y t\u00ednh\u201d, Lu\u1eadn v\u0103n th\u1ea1c s\u0129, \u0110\u1ea1i h\u1ecdc Khoa h\u1ecdc T\u1ef1 nhi\u00ean &#8211; \u0110\u1ea1i h\u1ecdc Qu\u1ed1c gia Tp.HCM, 2010.<\/li>\n<\/ol>\n","protected":false},"excerpt":{"rendered":"<p>Ph\u1ea1m Th\u1ecb Kim Uy\u00ean, \u201cX\u00e2y d\u1ef1ng b\u1ed9 lu\u1eadt v\u0103n ph\u1ea1m ti\u1ebfng vi\u1ec7t theo ng\u00f4n ng\u1eef h\u00ecnh th\u1ee9c\u201d, Lu\u1eadn v\u0103n th\u1ea1c [&hellip;]<\/p>\n","protected":false},"author":3,"featured_media":0,"parent":443,"menu_order":0,"comment_status":"closed","ping_status":"closed","template":"","meta":[],"_links":{"self":[{"href":"https:\/\/www.clc.hcmus.edu.vn\/index.php?rest_route=\/wp\/v2\/pages\/459"}],"collection":[{"href":"https:\/\/www.clc.hcmus.edu.vn\/index.php?rest_route=\/wp\/v2\/pages"}],"about":[{"href":"https:\/\/www.clc.hcmus.edu.vn\/index.php?rest_route=\/wp\/v2\/types\/page"}],"author":[{"embeddable":true,"href":"https:\/\/www.clc.hcmus.edu.vn\/index.php?rest_route=\/wp\/v2\/users\/3"}],"replies":[{"embeddable":true,"href":"https:\/\/www.clc.hcmus.edu.vn\/index.php?rest_route=%2Fwp%2Fv2%2Fcomments&post=459"}],"version-history":[{"count":13,"href":"https:\/\/www.clc.hcmus.edu.vn\/index.php?rest_route=\/wp\/v2\/pages\/459\/revisions"}],"predecessor-version":[{"id":1315,"href":"https:\/\/www.clc.hcmus.edu.vn\/index.php?rest_route=\/wp\/v2\/pages\/459\/revisions\/1315"}],"up":[{"embeddable":true,"href":"https:\/\/www.clc.hcmus.edu.vn\/index.php?rest_route=\/wp\/v2\/pages\/443"}],"wp:attachment":[{"href":"https:\/\/www.clc.hcmus.edu.vn\/index.php?rest_route=%2Fwp%2Fv2%2Fmedia&parent=459"}],"curies":[{"name":"wp","href":"https:\/\/api.w.org\/{rel}","templated":true}]}}