{"id":53,"date":"2019-03-12T18:20:49","date_gmt":"2015-09-14T07:38:22","guid":{"rendered":"http:\/\/www.clc.hcmus.edu.vn\/?page_id=53"},"modified":"2025-11-11T22:33:39","modified_gmt":"2025-11-11T15:33:39","slug":"lien-he","status":"publish","type":"page","link":"https:\/\/www.clc.hcmus.edu.vn\/?page_id=53","title":{"rendered":"Li\u00ean h\u1ec7"},"content":{"rendered":"<p><strong><span style=\"font-family: tahoma, arial, helvetica, sans-serif; font-size: 18pt;\">TRUNG T\u00c2M NG\u00d4N NG\u1eee H\u1eccC T\u00cdNH TO\u00c1N<\/span><\/strong><\/p>\n<p><span style=\"font-size: 12pt; font-family: tahoma, arial, helvetica, sans-serif;\"><strong>\u0110\u1ecba ch\u1ec9: <\/strong>Ph\u00f2ng C44, t\u00f2a nh\u00e0 C, 227 Nguy\u1ec5n V\u0103n C\u1eeb, Ph\u01b0\u1eddng Ch\u1ee3 Qu\u00e1n (Qu\u1eadn 5), Tp H\u1ed3 Ch\u00ed Minh, Vi\u1ec7t Nam.<\/span><\/p>\n<p><span style=\"font-size: 12pt; font-family: tahoma, arial, helvetica, sans-serif;\"><strong>\u0110i\u1ec7n tho\u1ea1i:<\/strong> (028) 66 849 856<\/span><\/p>\n<p><span style=\"font-size: 12pt; font-family: tahoma, arial, helvetica, sans-serif;\"><strong>Email:<\/strong> clc@hcmus.edu.vn<\/span><\/p>\n<p><iframe loading=\"lazy\" style=\"border: 0;\" src=\"https:\/\/www.google.com\/maps\/embed?pb=!1m18!1m12!1m3!1d3919.63095668964!2d106.67966397580115!3d10.76289888938506!2m3!1f0!2f0!3f0!3m2!1i1024!2i768!4f13.1!3m3!1m2!1s0x31752f19554afa79%3A0x961af94a35c6f42!2zVHJ1bmcgdMOibSBUaW4gaOG7jWMgdHLGsOG7nW5nIMSQ4bqhaSBo4buNYyBLaG9hIGjhu41jIFThu7Egbmhpw6puLCAyMjcgxJAuIE5ndXnhu4VuIFbEg24gQ-G7qywgUGjGsOG7nW5nIDQsIFF14bqtbiA1LCBI4buTIENow60gTWluaCwgVmlldG5hbQ!5e0!3m2!1sen!2s!4v1749269484813!5m2!1sen!2s\" width=\"600\" height=\"450\" allowfullscreen=\"allowfullscreen\"><\/iframe><\/p>\n","protected":false},"excerpt":{"rendered":"<p>TRUNG T\u00c2M NG\u00d4N NG\u1eee H\u1eccC T\u00cdNH TO\u00c1N \u0110\u1ecba ch\u1ec9: Ph\u00f2ng C44, t\u00f2a nh\u00e0 C, 227 Nguy\u1ec5n V\u0103n C\u1eeb, Ph\u01b0\u1eddng Ch\u1ee3 [&hellip;]<\/p>\n","protected":false},"author":3,"featured_media":0,"parent":0,"menu_order":0,"comment_status":"closed","ping_status":"closed","template":"","meta":[],"_links":{"self":[{"href":"https:\/\/www.clc.hcmus.edu.vn\/index.php?rest_route=\/wp\/v2\/pages\/53"}],"collection":[{"href":"https:\/\/www.clc.hcmus.edu.vn\/index.php?rest_route=\/wp\/v2\/pages"}],"about":[{"href":"https:\/\/www.clc.hcmus.edu.vn\/index.php?rest_route=\/wp\/v2\/types\/page"}],"author":[{"embeddable":true,"href":"https:\/\/www.clc.hcmus.edu.vn\/index.php?rest_route=\/wp\/v2\/users\/3"}],"replies":[{"embeddable":true,"href":"https:\/\/www.clc.hcmus.edu.vn\/index.php?rest_route=%2Fwp%2Fv2%2Fcomments&post=53"}],"version-history":[{"count":36,"href":"https:\/\/www.clc.hcmus.edu.vn\/index.php?rest_route=\/wp\/v2\/pages\/53\/revisions"}],"predecessor-version":[{"id":3709,"href":"https:\/\/www.clc.hcmus.edu.vn\/index.php?rest_route=\/wp\/v2\/pages\/53\/revisions\/3709"}],"wp:attachment":[{"href":"https:\/\/www.clc.hcmus.edu.vn\/index.php?rest_route=%2Fwp%2Fv2%2Fmedia&parent=53"}],"curies":[{"name":"wp","href":"https:\/\/api.w.org\/{rel}","templated":true}]}}